{"id":8451,"date":"2023-04-03T21:37:59","date_gmt":"2023-04-03T21:37:59","guid":{"rendered":"https:\/\/gymupstore.cl\/?post_type=product&#038;p=8451"},"modified":"2023-04-03T21:54:19","modified_gmt":"2023-04-03T21:54:19","slug":"mirrors-edge-catalyst-ps4","status":"publish","type":"product","link":"https:\/\/gymupstore.cl\/index.php\/producto\/mirrors-edge-catalyst-ps4\/","title":{"rendered":"Mirrors Edge Catalyst | PS4"},"content":{"rendered":"<div class=\"video-shortcode\"><iframe title=\"Mirror\u2019s Edge Catalyst - Trailer de la Historia \u2013 Soy Faith\" width=\"1325\" height=\"745\" src=\"https:\/\/www.youtube.com\/embed\/jjt6_P9IDZY?feature=oembed\" frameborder=\"0\" allow=\"accelerometer; autoplay; clipboard-write; encrypted-media; gyroscope; picture-in-picture; web-share\" allowfullscreen><\/iframe><\/div>\n<p>MOVIMIENTO FLUIDO Y COMBATE EN PRIMERA PERSONA<br \/>\nNo necesitas un arma. Usa tu entorno, tu velocidad y tu fuerza f\u00edsica para luchar contra la opresi\u00f3n.<\/p>\n<p>CORRE POR UNA MAGN\u00cdFICA Y ENORME CIUDAD<br \/>\nDesde los rascacielos m\u00e1s altos a los t\u00faneles m\u00e1s oscuros, la ciudad de Glass es toda tuya para que la explores. No hay niveles, ni pantallas de carga, solo la libertad de elegir lo que quieres hacer.<\/p>\n<p>VIVE LA EVOLUCI\u00d3N DE FAITH<br \/>\nHas pasado de ser una mujer sin preocupaciones a abrir los ojos a lo que ocurre en la ciudad y convertirte en la catalizadora del cambio. Eres Faith y este es tu origen.<\/p>\n","protected":false},"excerpt":{"rendered":"<ul>\n<li>Formato Producto F\u00edsico (Juego en Disco o Cartridge seg\u00fan consola)<\/li>\n<li>Actualizaci\u00f3n a PS5 Juego Compatible con PS5, misma experiencia que al usarlo en PS4.<\/li>\n<li>Jugadores Consola 1<\/li>\n<\/ul>\n","protected":false},"featured_media":8452,"comment_status":"open","ping_status":"closed","template":"","meta":[],"location":[495],"product_cat":[526,518,496],"product_tag":[],"locations":[{"id":495,"name":"PMC","slug":"gymupstore-pmc","quantity":"1"}],"_links":{"self":[{"href":"https:\/\/gymupstore.cl\/index.php\/wp-json\/wp\/v2\/product\/8451"}],"collection":[{"href":"https:\/\/gymupstore.cl\/index.php\/wp-json\/wp\/v2\/product"}],"about":[{"href":"https:\/\/gymupstore.cl\/index.php\/wp-json\/wp\/v2\/types\/product"}],"replies":[{"embeddable":true,"href":"https:\/\/gymupstore.cl\/index.php\/wp-json\/wp\/v2\/comments?post=8451"}],"wp:featuredmedia":[{"embeddable":true,"href":"https:\/\/gymupstore.cl\/index.php\/wp-json\/wp\/v2\/media\/8452"}],"wp:attachment":[{"href":"https:\/\/gymupstore.cl\/index.php\/wp-json\/wp\/v2\/media?parent=8451"}],"wp:term":[{"taxonomy":"location","embeddable":true,"href":"https:\/\/gymupstore.cl\/index.php\/wp-json\/wp\/v2\/location?post=8451"},{"taxonomy":"product_cat","embeddable":true,"href":"https:\/\/gymupstore.cl\/index.php\/wp-json\/wp\/v2\/product_cat?post=8451"},{"taxonomy":"product_tag","embeddable":true,"href":"https:\/\/gymupstore.cl\/index.php\/wp-json\/wp\/v2\/product_tag?post=8451"}],"curies":[{"name":"wp","href":"https:\/\/api.w.org\/{rel}","templated":true}]}}