{"id":8401,"date":"2023-03-30T19:58:51","date_gmt":"2023-03-30T19:58:51","guid":{"rendered":"https:\/\/gymupstore.cl\/?post_type=product&#038;p=8401"},"modified":"2023-07-04T05:02:53","modified_gmt":"2023-07-04T05:02:53","slug":"rustler-ps5","status":"publish","type":"product","link":"https:\/\/gymupstore.cl\/index.php\/producto\/rustler-ps5\/","title":{"rendered":"Rustler | PS5"},"content":{"rendered":"<div class=\"video-shortcode\"><iframe title=\"Rustler - Launch Trailer | PS5, PS4\" width=\"1325\" height=\"745\" src=\"https:\/\/www.youtube.com\/embed\/CvwKyh3HGa4?feature=oembed\" frameborder=\"0\" allow=\"accelerometer; autoplay; clipboard-write; encrypted-media; gyroscope; picture-in-picture; web-share\" allowfullscreen><\/iframe><\/div>\n<p><strong>&#8220;Gran Ladr\u00f3n de Caballos: G\u00e1nate el reino o acaba con \u00e9l.<\/strong><\/p>\n<p>\u00a1El cl\u00e1sico juego GTA ahora con un lavado de cara medieval! El gran torneo ofrece la mano de la princesa como premio. Pasa de ser un forajido a un campe\u00f3n. O no. &#8220;&#8221;Guy&#8221;&#8221; (ese es tu nombre) y su amigo (convenientemente llamado &#8220;&#8221;Buddy&#8221;&#8221;) ir\u00e1n a por el premio usando granadas de mano santas, caballos tuneados, y escoltados por sus propios juglares personales.<\/p>\n<p><strong>Caracter\u00edsticas<\/strong><\/p>\n<ul>\n<li><strong>Gran Ladr\u00f3n de Caballos:<\/strong>\u00a0Causa estragos en un mundo medieval inspirado en el cl\u00e1sico juego GTA. Usa espadas, lanzas, zurullos&#8230; \u00a1lo que haga falta para completar tu trabajo!<\/li>\n<li><strong>G\u00e1nate la corona:<\/strong>\u00a0Siendo un pobre plebeyo, tendr\u00e1s que ponerte creativo para ganar el Gran Torneo. Forma extra\u00f1as alianzas, traiciona a tus enemigos y desentierra esqueletos de dinosaurio (\u00bfpor qu\u00e9 no?).<\/li>\n<li><strong>Un sandbox medieval:<\/strong>\u00a0Tu progreso depende de ti. \u00a1Pasa tiempo completando misiones, causando estragos y ri\u00e9ndote a costa de los dem\u00e1s!<\/li>\n<li><strong>Haz muchas payasadas:<\/strong>\u00a0Lanza a las vacas por los aires, arrastra tus vecinos por el barro, lanza granadas de mano santas o crea sofisticados dibujos mientras labras el campo.<\/li>\n<li><strong>El poder de la juglar\u00eda:<\/strong>\u00a0Contrata a un compa\u00f1ero musical para que toque las melod\u00edas que te gustan y a\u00f1ada una potente banda sonora a tus aventuras.&#8221;<\/li>\n<\/ul>\n","protected":false},"excerpt":{"rendered":"<p>&#8220;Gran Ladr\u00f3n de Caballos: G\u00e1nate el reino o acaba con [&hellip;]<\/p>\n","protected":false},"featured_media":8402,"comment_status":"open","ping_status":"closed","template":"","meta":[],"location":[495],"product_cat":[526,519,496],"product_tag":[],"locations":[{"id":495,"name":"PMC","slug":"gymupstore-pmc","quantity":"1"}],"_links":{"self":[{"href":"https:\/\/gymupstore.cl\/index.php\/wp-json\/wp\/v2\/product\/8401"}],"collection":[{"href":"https:\/\/gymupstore.cl\/index.php\/wp-json\/wp\/v2\/product"}],"about":[{"href":"https:\/\/gymupstore.cl\/index.php\/wp-json\/wp\/v2\/types\/product"}],"replies":[{"embeddable":true,"href":"https:\/\/gymupstore.cl\/index.php\/wp-json\/wp\/v2\/comments?post=8401"}],"wp:featuredmedia":[{"embeddable":true,"href":"https:\/\/gymupstore.cl\/index.php\/wp-json\/wp\/v2\/media\/8402"}],"wp:attachment":[{"href":"https:\/\/gymupstore.cl\/index.php\/wp-json\/wp\/v2\/media?parent=8401"}],"wp:term":[{"taxonomy":"location","embeddable":true,"href":"https:\/\/gymupstore.cl\/index.php\/wp-json\/wp\/v2\/location?post=8401"},{"taxonomy":"product_cat","embeddable":true,"href":"https:\/\/gymupstore.cl\/index.php\/wp-json\/wp\/v2\/product_cat?post=8401"},{"taxonomy":"product_tag","embeddable":true,"href":"https:\/\/gymupstore.cl\/index.php\/wp-json\/wp\/v2\/product_tag?post=8401"}],"curies":[{"name":"wp","href":"https:\/\/api.w.org\/{rel}","templated":true}]}}