{"id":8395,"date":"2023-03-30T19:55:03","date_gmt":"2023-03-30T19:55:03","guid":{"rendered":"https:\/\/gymupstore.cl\/?post_type=product&#038;p=8395"},"modified":"2023-03-30T19:58:28","modified_gmt":"2023-03-30T19:58:28","slug":"greak-memories-of-azur-ps5","status":"publish","type":"product","link":"https:\/\/gymupstore.cl\/index.php\/producto\/greak-memories-of-azur-ps5\/","title":{"rendered":"Greak: Memories of Azur | PS5"},"content":{"rendered":"<div class=\"video-shortcode\"><iframe title=\"Greak: Memories of Azur - Release Date Announcement Trailer | PS5\" width=\"1325\" height=\"745\" src=\"https:\/\/www.youtube.com\/embed\/MYyRnpY2cB4?feature=oembed\" frameborder=\"0\" allow=\"accelerometer; autoplay; clipboard-write; encrypted-media; gyroscope; picture-in-picture; web-share\" allowfullscreen><\/iframe><\/div>\n<p>Greak: Memories of Azur de Bromio y Navegante es un videojuego para consolas y PC de exploraci\u00f3n, plataformas y acci\u00f3n al estilo Metroid orientado a la experiencia para un jugador con gr\u00e1ficos bidimensionales dibujados a mano. Controlaremos a tres hermanos (Greak, Adara y Raydel) mientras se enfrentan a enemigos, puzles y todo tipo de retos para salvar su tierra natal de una peligrosa invasi\u00f3n.<\/p>\n","protected":false},"excerpt":{"rendered":"<p>JUEGO EUROPEO<\/p>\n<p>COMPATIBLE CON TODAS LAS CONSOLAS PS5 EN CHILE<\/p>\n<p>Si el juego tiene contenido descargable, debes usar una cuenta europea para descargar a la consola.<\/p>\n","protected":false},"featured_media":8400,"comment_status":"open","ping_status":"closed","template":"","meta":[],"location":[495],"product_cat":[526,519,496],"product_tag":[],"locations":[{"id":495,"name":"PMC","slug":"gymupstore-pmc","quantity":"1"}],"_links":{"self":[{"href":"https:\/\/gymupstore.cl\/index.php\/wp-json\/wp\/v2\/product\/8395"}],"collection":[{"href":"https:\/\/gymupstore.cl\/index.php\/wp-json\/wp\/v2\/product"}],"about":[{"href":"https:\/\/gymupstore.cl\/index.php\/wp-json\/wp\/v2\/types\/product"}],"replies":[{"embeddable":true,"href":"https:\/\/gymupstore.cl\/index.php\/wp-json\/wp\/v2\/comments?post=8395"}],"wp:featuredmedia":[{"embeddable":true,"href":"https:\/\/gymupstore.cl\/index.php\/wp-json\/wp\/v2\/media\/8400"}],"wp:attachment":[{"href":"https:\/\/gymupstore.cl\/index.php\/wp-json\/wp\/v2\/media?parent=8395"}],"wp:term":[{"taxonomy":"location","embeddable":true,"href":"https:\/\/gymupstore.cl\/index.php\/wp-json\/wp\/v2\/location?post=8395"},{"taxonomy":"product_cat","embeddable":true,"href":"https:\/\/gymupstore.cl\/index.php\/wp-json\/wp\/v2\/product_cat?post=8395"},{"taxonomy":"product_tag","embeddable":true,"href":"https:\/\/gymupstore.cl\/index.php\/wp-json\/wp\/v2\/product_tag?post=8395"}],"curies":[{"name":"wp","href":"https:\/\/api.w.org\/{rel}","templated":true}]}}