{"id":8392,"date":"2023-03-30T19:45:45","date_gmt":"2023-03-30T22:45:45","guid":{"rendered":"https:\/\/gymupstore.cl\/?post_type=product&#038;p=8392"},"modified":"2026-04-30T19:57:17","modified_gmt":"2026-04-30T22:57:17","slug":"testrol-gold-60-tabs-30-servicios","status":"publish","type":"product","link":"https:\/\/gymupstore.cl\/index.php\/producto\/testrol-gold-60-tabs-30-servicios\/","title":{"rendered":"Testrol Gold | 60 tabs (30 servicios)"},"content":{"rendered":"<p>S\u00ed quieres reforzar tu testosterona, este producto es el indicado. Aumenta tu rendimiento, resistencia, fuerza y tus niveles de testosterona. Adem\u00e1s contiene ingredientes que ayudan a la regulaci\u00f3n de hormonas.<\/p>\n<p>Dentro de los beneficios de este producto podemos encontrar:<\/p>\n<ul>\n<li>Ayuda a construir tejido magro<\/li>\n<li>Aumenta tu masa muscular<\/li>\n<li>Mejora el rendimiento en los entrenamientos<\/li>\n<li>Aumenta tu l\u00edbido y rendimiento sexual<\/li>\n<\/ul>\n<p>Este producto es muy similar al Testrol Original, tanto en beneficios como en ingredientes. Sin embargo se le a\u00f1adieron algunos que hacen su diferencia y lo hacen un producto distinto, tales como:<\/p>\n<ul>\n<li>Tiene el beneficio adicional de la regulaci\u00f3n de estr\u00f3geno.<\/li>\n<li>Contiene Zinc, Magnesio y Vitamina B6 en dosis altas, es decir el m\u00e1s conocido\u00a0ZMA<\/li>\n<li>Vitaminas B, B12 y B9<\/li>\n<li>Contiene 19 ingredientes a diferencia del Testrol original que contiene 14.<\/li>\n<li>Dentro de los ingredientes clave sigue el Tribulus Terrestris, como hemos mencionado en otros productos es un ingrediente l\u00edder en el aumento de testosterona de forma natural.<\/li>\n<\/ul>\n<p>Modo de uso: Es importante que lo tomes de forma continua y a diario durante un m\u00e1ximo de 8 semanas (descansar 2 semanas antes de volver a utilizar).<\/p>\n<p>Tomar 2 tabletas al d\u00eda con el est\u00f3mago vac\u00edo.<\/p>\n<p>Formato: 30 Servicios (60 Tabletas)<\/p>\n<p>Advertencia: Este es un producto formulado para hombres y no debe ser ingerido por mujeres, menores de 18 a\u00f1os o que tienen las siguientes enfermedades: diabetes, hipertrofia de pr\u00f3stata, enfermedades card\u00edacas, presi\u00f3n arterial alta, trastornos psicol\u00f3gicos, etc. Consulte a su m\u00e9dico antes de usar.<\/p>\n","protected":false},"excerpt":{"rendered":"<ul>\n<li>Ayuda a construir tejido magro<\/li>\n<li>Aumenta tu masa muscular<\/li>\n<li>Mejora el rendimiento en los entrenamientos<\/li>\n<li>Aumenta tu l\u00edbido y rendimiento sexual<\/li>\n<\/ul>\n","protected":false},"featured_media":8394,"comment_status":"open","ping_status":"closed","template":"","meta":[],"location":[495],"product_cat":[559,31],"product_tag":[],"locations":[{"id":495,"name":"PMC","slug":"gymupstore-pmc","quantity":"0"}],"_links":{"self":[{"href":"https:\/\/gymupstore.cl\/index.php\/wp-json\/wp\/v2\/product\/8392"}],"collection":[{"href":"https:\/\/gymupstore.cl\/index.php\/wp-json\/wp\/v2\/product"}],"about":[{"href":"https:\/\/gymupstore.cl\/index.php\/wp-json\/wp\/v2\/types\/product"}],"replies":[{"embeddable":true,"href":"https:\/\/gymupstore.cl\/index.php\/wp-json\/wp\/v2\/comments?post=8392"}],"wp:featuredmedia":[{"embeddable":true,"href":"https:\/\/gymupstore.cl\/index.php\/wp-json\/wp\/v2\/media\/8394"}],"wp:attachment":[{"href":"https:\/\/gymupstore.cl\/index.php\/wp-json\/wp\/v2\/media?parent=8392"}],"wp:term":[{"taxonomy":"location","embeddable":true,"href":"https:\/\/gymupstore.cl\/index.php\/wp-json\/wp\/v2\/location?post=8392"},{"taxonomy":"product_cat","embeddable":true,"href":"https:\/\/gymupstore.cl\/index.php\/wp-json\/wp\/v2\/product_cat?post=8392"},{"taxonomy":"product_tag","embeddable":true,"href":"https:\/\/gymupstore.cl\/index.php\/wp-json\/wp\/v2\/product_tag?post=8392"}],"curies":[{"name":"wp","href":"https:\/\/api.w.org\/{rel}","templated":true}]}}