{"id":8370,"date":"2023-03-29T21:06:26","date_gmt":"2023-03-29T21:06:26","guid":{"rendered":"https:\/\/gymupstore.cl\/?post_type=product&#038;p=8370"},"modified":"2023-07-04T05:05:26","modified_gmt":"2023-07-04T05:05:26","slug":"back-4-blood-ps5","status":"publish","type":"product","link":"https:\/\/gymupstore.cl\/index.php\/producto\/back-4-blood-ps5\/","title":{"rendered":"Back 4 Blood | PS5"},"content":{"rendered":"<div class=\"video-shortcode\"><iframe title=\"Back 4 Blood - Launch Trailer\" width=\"1325\" height=\"745\" src=\"https:\/\/www.youtube.com\/embed\/8fpkwFpPyjA?feature=oembed\" frameborder=\"0\" allow=\"accelerometer; autoplay; clipboard-write; encrypted-media; gyroscope; picture-in-picture; web-share\" allowfullscreen><\/iframe><\/div>\n<p><strong>BACK 4 BLOOD<br \/>\n<\/strong><strong>\u00danete a la Cacer\u00eda<br \/>\n<\/strong>Back 4 Blood es un emocionante juego de disparos en primera persona cooperativo, de los creadores de la aclamada franquicia de Left 4 Dead. Te encuentras en el centro de una guerra contra los infectados. Estos seres, que alguna vez fueron humanos, son hu\u00e9spedes de un par\u00e1sito letal que los convierte en criaturas determinadas a devorar lo que queda de la civilizaci\u00f3n. Con la inminente extinci\u00f3n de la humanidad, depende de ti y tus amigos llevar la lucha al enemigo, erradicar a los infectados y recuperar el mundo.<\/p>\n<p><strong>Campa\u00f1a cooperativa<\/strong><br \/>\n\u00c1brete camino en la campa\u00f1a de historia cooperativa para 4 jugadores en la que debes trabajar en equipo para sobrevivir a las misiones cada vez m\u00e1s dif\u00edciles. Juega hasta con 3 de tus amigos en l\u00ednea o en modo individual y gu\u00eda a tu equipo en la batalla.<\/p>\n<p>Elige a uno de los 8 limpiadores personalizables y una selecci\u00f3n de armas y objetos letales para crear una estrategia contra un enemigo en evoluci\u00f3n constante.<\/p>\n<p><strong>Multijugador competitivo<\/strong><br \/>\nJuega con tus amigos o contra ellos en el modo JcJ. Juega como limpiador, con ventajas especiales, o como un espantoso infectado. Ambos lados cuentan con armas, habilidades y especialidades \u00fanicas.<\/p>\n<p><strong>Rejugabilidad extrema<\/strong><br \/>\nEl nuevo sistema de cartas rogue-lite crea una experiencia diferente cada vez, d\u00e1ndote el control para enfrentarte en peleas cada vez m\u00e1s exigentes. El director del juego se adapta a las acciones de los jugadores, lo que asegura peleas emocionantes, diversidad de juego extrema y legiones de infectados m\u00e1s dif\u00edciles de derrotar.<\/p>\n","protected":false},"excerpt":{"rendered":"<p>Includes: Fort Hope Elite Weapon Skins<\/p>\n<p>JUEGO EUROPEO<\/p>\n<p>COMPATIBLE CON TODAS LAS CONSOLAS PS5 EN CHILE<\/p>\n<p>Si el juego tiene contenido descargable, debes usar una cuenta europea para descargar a la consola.<\/p>\n","protected":false},"featured_media":8377,"comment_status":"open","ping_status":"closed","template":"","meta":[],"location":[495],"product_cat":[526,519,496],"product_tag":[],"locations":[{"id":495,"name":"PMC","slug":"gymupstore-pmc","quantity":"1"}],"_links":{"self":[{"href":"https:\/\/gymupstore.cl\/index.php\/wp-json\/wp\/v2\/product\/8370"}],"collection":[{"href":"https:\/\/gymupstore.cl\/index.php\/wp-json\/wp\/v2\/product"}],"about":[{"href":"https:\/\/gymupstore.cl\/index.php\/wp-json\/wp\/v2\/types\/product"}],"replies":[{"embeddable":true,"href":"https:\/\/gymupstore.cl\/index.php\/wp-json\/wp\/v2\/comments?post=8370"}],"wp:featuredmedia":[{"embeddable":true,"href":"https:\/\/gymupstore.cl\/index.php\/wp-json\/wp\/v2\/media\/8377"}],"wp:attachment":[{"href":"https:\/\/gymupstore.cl\/index.php\/wp-json\/wp\/v2\/media?parent=8370"}],"wp:term":[{"taxonomy":"location","embeddable":true,"href":"https:\/\/gymupstore.cl\/index.php\/wp-json\/wp\/v2\/location?post=8370"},{"taxonomy":"product_cat","embeddable":true,"href":"https:\/\/gymupstore.cl\/index.php\/wp-json\/wp\/v2\/product_cat?post=8370"},{"taxonomy":"product_tag","embeddable":true,"href":"https:\/\/gymupstore.cl\/index.php\/wp-json\/wp\/v2\/product_tag?post=8370"}],"curies":[{"name":"wp","href":"https:\/\/api.w.org\/{rel}","templated":true}]}}