{"id":8363,"date":"2023-03-29T20:58:43","date_gmt":"2023-03-29T20:58:43","guid":{"rendered":"https:\/\/gymupstore.cl\/?post_type=product&#038;p=8363"},"modified":"2023-03-30T19:07:18","modified_gmt":"2023-03-30T19:07:18","slug":"the-dark-pictures-house-of-ashes-ps5","status":"publish","type":"product","link":"https:\/\/gymupstore.cl\/index.php\/producto\/the-dark-pictures-house-of-ashes-ps5\/","title":{"rendered":"The Dark Pictures: House Of Ashes | PS5"},"content":{"rendered":"<div class=\"video-shortcode\"><iframe title=\"The Dark Pictures Anthology: House of Ashes - Launch Trailer | PS5, PS4\" width=\"1325\" height=\"745\" src=\"https:\/\/www.youtube.com\/embed\/QBZgZdC989c?feature=oembed\" frameborder=\"0\" allow=\"accelerometer; autoplay; clipboard-write; encrypted-media; gyroscope; picture-in-picture; web-share\" allowfullscreen><\/iframe><\/div>\n<p><strong>The Dark Pictures: House of Ashes<\/strong><br \/>\nAl final de la Guerra de Irak, Fuerzas Especiales a la caza de armas de destrucci\u00f3n masiva desentierran algo mucho m\u00e1s mortal: un templo sumerio enterrado que contiene un nido de ancestrales criaturas sobrenaturales. Para sobrevivir a la noche a la noche de abajo deben forjar una hermandad con sus enemigos del mundo de arriba.<\/p>\n<p>Cada nuevo juego est\u00e1 basado en eventos del mundo real ya sean hechos, ficci\u00f3n o leyenda e incluye una historia, ambientaci\u00f3n y personajes totalmente nuevos. Cada nuevo juego en The Dark Pictures Anthology ofrecer\u00e1 una nueva experiencia cinem\u00e1tica de terror jugable en solitario y multijugador incluyendo Historia Compartida jugable con un amigo online y el modo Noche de Pelis donde hasta 5 jugadores pueden jugar juntos pas\u00e1ndose el mando.<\/p>\n<p><strong>DESCIENDE AL ABISMO<\/strong><br \/>\nRecorre un laberinto subterr\u00e1neo y escapa de criaturas sobrenaturales que han encontrado una nueva presa que cazar.<\/p>\n<p><strong>EL ENEMIGO DE TU ENEMIGO&#8230;<\/strong><br \/>\n\u00bfPriorizar\u00e1s tu propia supervivencia o dejar\u00e9is de lado vuestros miedos y rivalidades personales para luchar juntos como uno solo?<\/p>\n<p><strong>NO JUEGUES SOLO<\/strong><br \/>\nJuega online con un amigo o con hasta 5 jugadores offline, comparte tu historia y coopera sabiamente para salvar a tus personajes\u2026<\/p>\n","protected":false},"excerpt":{"rendered":"<p>The Dark Pictures: House of Ashes Al final de la [&hellip;]<\/p>\n","protected":false},"featured_media":8364,"comment_status":"open","ping_status":"closed","template":"","meta":[],"location":[495],"product_cat":[526,519,496],"product_tag":[],"locations":[{"id":495,"name":"PMC","slug":"gymupstore-pmc","quantity":"1"}],"_links":{"self":[{"href":"https:\/\/gymupstore.cl\/index.php\/wp-json\/wp\/v2\/product\/8363"}],"collection":[{"href":"https:\/\/gymupstore.cl\/index.php\/wp-json\/wp\/v2\/product"}],"about":[{"href":"https:\/\/gymupstore.cl\/index.php\/wp-json\/wp\/v2\/types\/product"}],"replies":[{"embeddable":true,"href":"https:\/\/gymupstore.cl\/index.php\/wp-json\/wp\/v2\/comments?post=8363"}],"wp:featuredmedia":[{"embeddable":true,"href":"https:\/\/gymupstore.cl\/index.php\/wp-json\/wp\/v2\/media\/8364"}],"wp:attachment":[{"href":"https:\/\/gymupstore.cl\/index.php\/wp-json\/wp\/v2\/media?parent=8363"}],"wp:term":[{"taxonomy":"location","embeddable":true,"href":"https:\/\/gymupstore.cl\/index.php\/wp-json\/wp\/v2\/location?post=8363"},{"taxonomy":"product_cat","embeddable":true,"href":"https:\/\/gymupstore.cl\/index.php\/wp-json\/wp\/v2\/product_cat?post=8363"},{"taxonomy":"product_tag","embeddable":true,"href":"https:\/\/gymupstore.cl\/index.php\/wp-json\/wp\/v2\/product_tag?post=8363"}],"curies":[{"name":"wp","href":"https:\/\/api.w.org\/{rel}","templated":true}]}}