{"id":8231,"date":"2023-03-21T18:44:36","date_gmt":"2023-03-21T21:44:36","guid":{"rendered":"https:\/\/gymupstore.cl\/?post_type=product&#038;p=8231"},"modified":"2025-07-23T19:49:57","modified_gmt":"2025-07-23T22:49:57","slug":"salsa-zero-330-gr-revitta","status":"publish","type":"product","link":"https:\/\/gymupstore.cl\/index.php\/producto\/salsa-zero-330-gr-revitta\/","title":{"rendered":"Salsa Zero 330 Gr Revitta"},"content":{"rendered":"<p>Salsa Zero 330 Gr Revitta, es una deliciosa salsa sin az\u00facar a\u00f1adida, con un intenso sabor. Es cremosa y densa, elaborados a partir de ingredientes naturales como pulpa de fruta o cacao natural y endulzado con alulosa.<\/p>\n<p>Este producto es libre de az\u00facar a\u00f1adida, baja en calor\u00edas y sodio, libre de gluten y lactosa. Posee un bajo \u00edndice glic\u00e9mico por lo que es una buena opci\u00f3n para diabeticos. Tiene un delicioso sabor y textura, es ideal para incorporarla a la fruta, panqueques o cualquier tipo postre. Adem\u00e1s, es apta para veganos.<\/p>\n<p>Te invitamos a que conozcas Salsa Zero 330 Gr Revitta para que lo incorpores en tus alimentos, es una excelente alternativa saludable para darle sabor y dulzor a tus desayunos o recetas favoritas.<\/p>\n<p><strong>Ideas para acompa\u00f1ar con salsa de chocolate Revitta<\/strong><\/p>\n<ul>\n<li>Frutas<\/li>\n<li>Granola con leche<\/li>\n<li>Galletas<\/li>\n<li>Queques<\/li>\n<li>Helados<\/li>\n<li>Panqueques<\/li>\n<li>Batidos<\/li>\n<li>Otros<\/li>\n<\/ul>\n<p><strong>Receta:<\/strong>\u00a0Panqueques saludables de avena con topping de chocolate Revitta y fruta.<\/p>\n<p><strong>Ingredientes<\/strong><\/p>\n<ul>\n<li>250 gramos de avena molida<\/li>\n<li>200 ml de leche a elecci\u00f3n<\/li>\n<li>1 huevo<\/li>\n<li>1 cucharadita de aceite vegetal<\/li>\n<li>1 pisca de canela en polvo<\/li>\n<li>Endulzante a gusto (opcional)<\/li>\n<li>1 pisca de esencia de vainilla<\/li>\n<\/ul>\n<p><strong>Preparaci\u00f3n<\/strong><\/p>\n<p>En un bol,\u00a0mezcla la avena, el huevo y la leche. Bate todos los ingredientes hasta obtener una mezcla homog\u00e9nea. Agrega la esencia de vainilla, la canela en polvo al gusto y endulzante (a elecci\u00f3n).\u00a0Mezcla muy bien\u00a0y, si consideras que la masa de los pancakes de avena queda demasiado espesa, puedes a\u00f1adir un poco m\u00e1s de leche, siempre en peque\u00f1as cantidades para no excederte.<\/p>\n<p>En una sart\u00e9n a fuego bajo, a\u00f1ade una pisca de aceite vegetal para que no se pegue la mezcla. Cocina las tortitas de avena durante\u00a03 minutos por cada lado\u00a0y repite este mismo procedimiento con el resto de la mezcla.<\/p>\n<p>Sirve los\u00a0pancakes de avena y b\u00e1\u00f1alos con salsa de chocolate Revitta y agregale tu fruta favorita, como platano, frutillas, kiwi, frutos rojos, etc. Este plato es un excelente desayuno, con un gran porcentaje de fibra, vitaminas y bajo en az\u00facares y grasas saturadas.<\/p>\n<p><strong>Principales atributos de la Salsa de Chocolate 330 Grs. de Revitta<\/strong><\/p>\n<ul>\n<li>Apto para veganos<\/li>\n<li>Gluten Free<\/li>\n<li>Lactosa Free<\/li>\n<li>Libre de grasas saturadas<\/li>\n<li>Sin ingredientes de origen animal<\/li>\n<li>Sin az\u00facar a\u00f1adida<\/li>\n<\/ul>\n","protected":false},"excerpt":{"rendered":"<ul>\n<li>Apto para veganos<\/li>\n<li>Gluten Free<\/li>\n<li>Lactosa Free<\/li>\n<li>Libre de grasas saturadas<\/li>\n<li>Sin ingredientes de origen animal<\/li>\n<li>Sin az\u00facar a\u00f1adida<\/li>\n<\/ul>\n","protected":false},"featured_media":8242,"comment_status":"open","ping_status":"closed","template":"","meta":[],"location":[495],"product_cat":[182,281,161],"product_tag":[],"locations":[{"id":495,"name":"PMC","slug":"gymupstore-pmc","quantity":""}],"_links":{"self":[{"href":"https:\/\/gymupstore.cl\/index.php\/wp-json\/wp\/v2\/product\/8231"}],"collection":[{"href":"https:\/\/gymupstore.cl\/index.php\/wp-json\/wp\/v2\/product"}],"about":[{"href":"https:\/\/gymupstore.cl\/index.php\/wp-json\/wp\/v2\/types\/product"}],"replies":[{"embeddable":true,"href":"https:\/\/gymupstore.cl\/index.php\/wp-json\/wp\/v2\/comments?post=8231"}],"wp:featuredmedia":[{"embeddable":true,"href":"https:\/\/gymupstore.cl\/index.php\/wp-json\/wp\/v2\/media\/8242"}],"wp:attachment":[{"href":"https:\/\/gymupstore.cl\/index.php\/wp-json\/wp\/v2\/media?parent=8231"}],"wp:term":[{"taxonomy":"location","embeddable":true,"href":"https:\/\/gymupstore.cl\/index.php\/wp-json\/wp\/v2\/location?post=8231"},{"taxonomy":"product_cat","embeddable":true,"href":"https:\/\/gymupstore.cl\/index.php\/wp-json\/wp\/v2\/product_cat?post=8231"},{"taxonomy":"product_tag","embeddable":true,"href":"https:\/\/gymupstore.cl\/index.php\/wp-json\/wp\/v2\/product_tag?post=8231"}],"curies":[{"name":"wp","href":"https:\/\/api.w.org\/{rel}","templated":true}]}}