{"id":8151,"date":"2023-03-17T19:16:23","date_gmt":"2023-03-17T19:16:23","guid":{"rendered":"https:\/\/gymupstore.cl\/?post_type=product&#038;p=8151"},"modified":"2024-02-23T20:41:49","modified_gmt":"2024-02-23T23:41:49","slug":"straps-de-cuero-skang-duke","status":"publish","type":"product","link":"https:\/\/gymupstore.cl\/index.php\/producto\/straps-de-cuero-skang-duke\/","title":{"rendered":"Straps de Cuero Skang Duke"},"content":{"rendered":"<p>Straps 100% cuero de vacuno: Esta correa de levantamiento de pesas est\u00e1 hecha de cuero de vaca de primera calidad. Las caracter\u00edsticas suaves pero firmes del cuero de vaca le proporcionar\u00e1n un agarre m\u00e1s fuerte y m\u00e1s fuerte para que su elevaci\u00f3n sea m\u00e1s f\u00e1cil y m\u00e1s pesada, y tambi\u00e9n puede reducir el deslizamiento accidental durante su levantamiento de potencia para mayor protecci\u00f3n.<\/p>\n<p>Dise\u00f1o c\u00f3modo: hay una capa de coj\u00edn gruesa alrededor del lazo de la mu\u00f1eca, que puede fortalecer y hace que su mu\u00f1eca est\u00e9 c\u00f3moda durante el uso. A diferencia de las correas de elevaci\u00f3n de Nylon generales, el material de cuero de Vaca tambi\u00e9n es m\u00e1s transpirable y antideslizante, lo que proporcionar\u00e1 una vida \u00fatil m\u00e1s larga.<\/p>\n","protected":false},"excerpt":{"rendered":"<p>Straps 100% cuero de vacuno: Esta correa de levantamiento de [&hellip;]<\/p>\n","protected":false},"featured_media":8152,"comment_status":"open","ping_status":"closed","template":"","meta":[],"location":[495],"product_cat":[34,439],"product_tag":[],"locations":[{"id":495,"name":"PMC","slug":"gymupstore-pmc","quantity":"0"}],"_links":{"self":[{"href":"https:\/\/gymupstore.cl\/index.php\/wp-json\/wp\/v2\/product\/8151"}],"collection":[{"href":"https:\/\/gymupstore.cl\/index.php\/wp-json\/wp\/v2\/product"}],"about":[{"href":"https:\/\/gymupstore.cl\/index.php\/wp-json\/wp\/v2\/types\/product"}],"replies":[{"embeddable":true,"href":"https:\/\/gymupstore.cl\/index.php\/wp-json\/wp\/v2\/comments?post=8151"}],"wp:featuredmedia":[{"embeddable":true,"href":"https:\/\/gymupstore.cl\/index.php\/wp-json\/wp\/v2\/media\/8152"}],"wp:attachment":[{"href":"https:\/\/gymupstore.cl\/index.php\/wp-json\/wp\/v2\/media?parent=8151"}],"wp:term":[{"taxonomy":"location","embeddable":true,"href":"https:\/\/gymupstore.cl\/index.php\/wp-json\/wp\/v2\/location?post=8151"},{"taxonomy":"product_cat","embeddable":true,"href":"https:\/\/gymupstore.cl\/index.php\/wp-json\/wp\/v2\/product_cat?post=8151"},{"taxonomy":"product_tag","embeddable":true,"href":"https:\/\/gymupstore.cl\/index.php\/wp-json\/wp\/v2\/product_tag?post=8151"}],"curies":[{"name":"wp","href":"https:\/\/api.w.org\/{rel}","templated":true}]}}