{"id":8008,"date":"2023-02-26T02:00:25","date_gmt":"2023-02-26T02:00:25","guid":{"rendered":"https:\/\/gymupstore.cl\/?post_type=product&#038;p=8008"},"modified":"2023-06-02T19:29:52","modified_gmt":"2023-06-02T19:29:52","slug":"the-legend-of-zelda-twilight-princess-03","status":"publish","type":"product","link":"https:\/\/gymupstore.cl\/index.php\/producto\/the-legend-of-zelda-twilight-princess-03\/","title":{"rendered":"The Legend of Zelda: Twilight Princess 03 | Norma Editorial"},"content":{"rendered":"<p>T\u00edtulo original: Zelda no Densetsu Twilight Princess (\u30bc\u30eb\u30c0\u306e\u4f1d\u8aac \u30c8\u30ef\u30a4\u30e9\u30a4\u30c8\u30d7\u30ea\u30f3\u30bb\u30b9)<\/p>\n<p>SH\u00d4NEN<\/p>\n<p><strong>LINK Y MIDNA CONTIN\u00daAN SU VIAJE PARA INTENTAR SALVAR HYRULE&#8230;<\/strong><\/p>\n<p>Nuestro protagonista deber\u00e1 hacer de tripas coraz\u00f3n y demostrar su temple mientras se enfrenta a todo tipo de peligros. Pero ya que su objetivo es saber qu\u00e9 les ha ocurrido a sus vecinos de la aldea, ahora en manos de los esbirros de la oscuridad, \u00a1Link est\u00e1 dispuesto a eso y a mucho m\u00e1s!<\/p>\n<table id=\"product-attribute-specs-table\" class=\"data-table\">\n<colgroup>\n<col width=\"25%\" \/>\n<col \/><\/colgroup>\n<tbody>\n<tr class=\"first odd\">\n<th class=\"label\">ISBN<\/th>\n<td class=\"data last\">9788467926460<\/td>\n<\/tr>\n<tr class=\"even\">\n<th class=\"label\">FECHA DE VENTA<\/th>\n<td class=\"data last\">10\/3\/2017<\/td>\n<\/tr>\n<tr class=\"odd\">\n<th class=\"label\">FORMATO<\/th>\n<td class=\"data last\">R\u00fastica con sobrecubierta<\/td>\n<\/tr>\n<tr class=\"even\">\n<th class=\"label\">NUM P\u00c1GINAS<\/th>\n<td class=\"data last\">192<\/td>\n<\/tr>\n<tr class=\"odd\">\n<th class=\"label\">TAMA\u00d1O<\/th>\n<td class=\"data last\">13&#215;18 cm<\/td>\n<\/tr>\n<tr class=\"last even\">\n<th class=\"label\">COLOR<\/th>\n<td class=\"data last\">B\/N<\/td>\n<\/tr>\n<\/tbody>\n<\/table>\n","protected":false},"excerpt":{"rendered":"<p>Autores: Akira Himekawa<br \/>\nEditorial: Norma Editorial<\/p>\n","protected":false},"featured_media":7996,"comment_status":"open","ping_status":"closed","template":"","meta":[],"location":[495],"product_cat":[520,599,611,541,496],"product_tag":[],"locations":[{"id":495,"name":"PMC","slug":"gymupstore-pmc","quantity":"1"}],"_links":{"self":[{"href":"https:\/\/gymupstore.cl\/index.php\/wp-json\/wp\/v2\/product\/8008"}],"collection":[{"href":"https:\/\/gymupstore.cl\/index.php\/wp-json\/wp\/v2\/product"}],"about":[{"href":"https:\/\/gymupstore.cl\/index.php\/wp-json\/wp\/v2\/types\/product"}],"replies":[{"embeddable":true,"href":"https:\/\/gymupstore.cl\/index.php\/wp-json\/wp\/v2\/comments?post=8008"}],"wp:featuredmedia":[{"embeddable":true,"href":"https:\/\/gymupstore.cl\/index.php\/wp-json\/wp\/v2\/media\/7996"}],"wp:attachment":[{"href":"https:\/\/gymupstore.cl\/index.php\/wp-json\/wp\/v2\/media?parent=8008"}],"wp:term":[{"taxonomy":"location","embeddable":true,"href":"https:\/\/gymupstore.cl\/index.php\/wp-json\/wp\/v2\/location?post=8008"},{"taxonomy":"product_cat","embeddable":true,"href":"https:\/\/gymupstore.cl\/index.php\/wp-json\/wp\/v2\/product_cat?post=8008"},{"taxonomy":"product_tag","embeddable":true,"href":"https:\/\/gymupstore.cl\/index.php\/wp-json\/wp\/v2\/product_tag?post=8008"}],"curies":[{"name":"wp","href":"https:\/\/api.w.org\/{rel}","templated":true}]}}