{"id":7981,"date":"2023-02-25T22:45:20","date_gmt":"2023-02-25T22:45:20","guid":{"rendered":"https:\/\/gymupstore.cl\/?post_type=product&#038;p=7981"},"modified":"2023-05-07T22:51:20","modified_gmt":"2023-05-07T22:51:20","slug":"aenigma-1987-bluray","status":"publish","type":"product","link":"https:\/\/gymupstore.cl\/index.php\/producto\/aenigma-1987-bluray\/","title":{"rendered":"Aenigma (1987) | Bluray Fansub"},"content":{"rendered":"<div class=\"video-shortcode\"><iframe title=\"Aenigma (1987) trailer\" width=\"1325\" height=\"745\" src=\"https:\/\/www.youtube.com\/embed\/10OVR21BpEI?feature=oembed\" frameborder=\"0\" allow=\"accelerometer; autoplay; clipboard-write; encrypted-media; gyroscope; picture-in-picture; web-share\" allowfullscreen><\/iframe><\/div>\n<p>Una joven es atropellada y queda en estado de coma. El accidente sucede mientras escapa avergonzada despu\u00e9s de sufrir una broma de mal gusto de sus compa\u00f1eros. Desde el hospital se comunica mentalmente con otra muchacha que mata uno por uno a los chicos y as\u00ed se venga de los que se rieron de ella.<\/p>\n","protected":false},"excerpt":{"rendered":"<ul>\n<li>Edici\u00f3n: Blu-ray Fansub (Reproducci\u00f3n)<\/li>\n<li>Otros Nombres: \u00c6nigma<\/li>\n<li>Director: Lucio Fulci<\/li>\n<li>Reparto: Jared Martin, Lara Lamberti, Ulli Reinthaler, Sophie d\u2019Aulan, Jennifer Naud, Riccardo Acerbi, Kathi Wise, Milijana Zirojevic, Dragan Bjelogrlic, Ljiljana Blagojevic, Franciska Spahic, Dusica Zegarac<\/li>\n<li>M\u00fasica: Carlo Maria Cordio<\/li>\n<li>A\u00f1o: 1987<\/li>\n<li>Pa\u00eds: Italia<\/li>\n<li>Duraci\u00f3n: 85 Minutos<\/li>\n<li>Audio: INGLES Dolby Linear PCM 2.0<br \/>\nITALIANO Dolby Linear PCM 2.0<\/li>\n<li>Subt\u00edtulos: Espa\u00f1ol, Ingles<\/li>\n<li>Video: 16:9<\/li>\n<li>Film: Color<\/li>\n<li>Discos: 1<\/li>\n<li>Genero: Terror<\/li>\n<li>Link: https:\/\/www.allhorror.com\/movies\/aenigma<\/li>\n<li>Extras: Protector de Pl\u00e1stico, Sleeve Cover, Postal, Caja azul<\/li>\n<li>BDR-25Gb<\/li>\n<\/ul>\n","protected":false},"featured_media":9081,"comment_status":"open","ping_status":"closed","template":"","meta":[],"location":[495],"product_cat":[538,539,568,521,540,496],"product_tag":[],"locations":[{"id":495,"name":"PMC","slug":"gymupstore-pmc","quantity":"1"}],"_links":{"self":[{"href":"https:\/\/gymupstore.cl\/index.php\/wp-json\/wp\/v2\/product\/7981"}],"collection":[{"href":"https:\/\/gymupstore.cl\/index.php\/wp-json\/wp\/v2\/product"}],"about":[{"href":"https:\/\/gymupstore.cl\/index.php\/wp-json\/wp\/v2\/types\/product"}],"replies":[{"embeddable":true,"href":"https:\/\/gymupstore.cl\/index.php\/wp-json\/wp\/v2\/comments?post=7981"}],"wp:featuredmedia":[{"embeddable":true,"href":"https:\/\/gymupstore.cl\/index.php\/wp-json\/wp\/v2\/media\/9081"}],"wp:attachment":[{"href":"https:\/\/gymupstore.cl\/index.php\/wp-json\/wp\/v2\/media?parent=7981"}],"wp:term":[{"taxonomy":"location","embeddable":true,"href":"https:\/\/gymupstore.cl\/index.php\/wp-json\/wp\/v2\/location?post=7981"},{"taxonomy":"product_cat","embeddable":true,"href":"https:\/\/gymupstore.cl\/index.php\/wp-json\/wp\/v2\/product_cat?post=7981"},{"taxonomy":"product_tag","embeddable":true,"href":"https:\/\/gymupstore.cl\/index.php\/wp-json\/wp\/v2\/product_tag?post=7981"}],"curies":[{"name":"wp","href":"https:\/\/api.w.org\/{rel}","templated":true}]}}