{"id":7799,"date":"2023-02-03T01:18:24","date_gmt":"2023-02-03T01:18:24","guid":{"rendered":"https:\/\/gymupstore.cl\/?post_type=product&#038;p=7799"},"modified":"2026-04-03T12:49:56","modified_gmt":"2026-04-03T15:49:56","slug":"sifu-vengeance-edition-nsw","status":"publish","type":"product","link":"https:\/\/gymupstore.cl\/index.php\/producto\/sifu-vengeance-edition-nsw\/","title":{"rendered":"Sifu: Vengeance Edition | NSW"},"content":{"rendered":"<div class=\"video-shortcode\"><iframe title=\"Sifu - Official Nintendo Switch Launch Trailer\" width=\"1325\" height=\"745\" src=\"https:\/\/www.youtube.com\/embed\/Zt3p1nSfcaA?feature=oembed\" frameborder=\"0\" allow=\"accelerometer; autoplay; clipboard-write; encrypted-media; gyroscope; picture-in-picture; web-share\" allowfullscreen><\/iframe><\/div>\n<p>\u00bfBasta una vida para aprender kung fu?<\/p>\n<div>Sifu es la historia de un joven estudiante de kung fu que persigue a los asesinos de su familia en busca de venganza.\u00a0Solo contra todos, tendr\u00e1 que enfrentarse a incontables enemigos sin aliados. Deber\u00e1 confiar en su dominio del kung fu y en un misterioso colgante para sobrevivir y preservar el legado de su familia.<\/div>\n<div><\/div>\n<div>Caracter\u00edsticas:<\/div>\n<ul>\n<li>En busca de venganza. La persecuci\u00f3n de tus enemigos te llevar\u00e1 a los rincones m\u00e1s escondidos de la ciudad, desde los suburbios plagados de bandas criminales hasta los fr\u00edos pasillos de las torres corporativas. Tienes un d\u00eda y un sinf\u00edn de enemigos.<\/li>\n<li>La adaptaci\u00f3n es clave. Elegir bien la posici\u00f3n y el uso inteligente del entorno en tu beneficio son la clave de la supervivencia. Usa todo lo que tengas a tu disposici\u00f3n: objetos arrojadizos, armas improvisadas, ventanas y cornisas&#8230; La suerte no est\u00e1 a tu favor y no tendr\u00e1n piedad contigo.<\/li>\n<li>El entrenamiento nunca termina. El kung fu se domina a trav\u00e9s de la pr\u00e1ctica y es una senda que deber\u00e1n recorrer el cuerpo y la mente. Aprende de tus errores, desbloquea habilidades especiales y encuentra la fuerza en tu interior para dominar las devastadoras t\u00e9cnicas del kung fu Pak-Mei.<\/li>\n<\/ul>\n","protected":false},"excerpt":{"rendered":"<p><strong>Esta edici\u00f3n incluye:<\/strong><\/p>\n<ul>\n<li>Juego base en Nintendo Switch (inclu\u00eddo en el Steelbook)<\/li>\n<li>Libro de arte &#8220;El arte de Sifu&#8221;<\/li>\n<li>Banda Sonora Digital<\/li>\n<li>3 Litograf\u00edas<\/li>\n<\/ul>\n<p>&nbsp;<\/p>\n<ul>\n<li>JUEGO EUROPEO<\/li>\n<li>COMPATIBLE CON TODAS LAS CONSOLAS NINTENDO SWITCH EN CHILE<\/li>\n<\/ul>\n","protected":false},"featured_media":8557,"comment_status":"open","ping_status":"closed","template":"","meta":[],"location":[495],"product_cat":[523,517,496],"product_tag":[],"locations":[{"id":495,"name":"PMC","slug":"gymupstore-pmc","quantity":"0"}],"_links":{"self":[{"href":"https:\/\/gymupstore.cl\/index.php\/wp-json\/wp\/v2\/product\/7799"}],"collection":[{"href":"https:\/\/gymupstore.cl\/index.php\/wp-json\/wp\/v2\/product"}],"about":[{"href":"https:\/\/gymupstore.cl\/index.php\/wp-json\/wp\/v2\/types\/product"}],"replies":[{"embeddable":true,"href":"https:\/\/gymupstore.cl\/index.php\/wp-json\/wp\/v2\/comments?post=7799"}],"wp:featuredmedia":[{"embeddable":true,"href":"https:\/\/gymupstore.cl\/index.php\/wp-json\/wp\/v2\/media\/8557"}],"wp:attachment":[{"href":"https:\/\/gymupstore.cl\/index.php\/wp-json\/wp\/v2\/media?parent=7799"}],"wp:term":[{"taxonomy":"location","embeddable":true,"href":"https:\/\/gymupstore.cl\/index.php\/wp-json\/wp\/v2\/location?post=7799"},{"taxonomy":"product_cat","embeddable":true,"href":"https:\/\/gymupstore.cl\/index.php\/wp-json\/wp\/v2\/product_cat?post=7799"},{"taxonomy":"product_tag","embeddable":true,"href":"https:\/\/gymupstore.cl\/index.php\/wp-json\/wp\/v2\/product_tag?post=7799"}],"curies":[{"name":"wp","href":"https:\/\/api.w.org\/{rel}","templated":true}]}}