{"id":7791,"date":"2023-02-03T00:24:54","date_gmt":"2023-02-03T03:24:54","guid":{"rendered":"https:\/\/gymupstore.cl\/?post_type=product&#038;p=7791"},"modified":"2025-05-22T16:12:56","modified_gmt":"2025-05-22T19:12:56","slug":"deadly-premonition-2-a-blessing-in-disguise-nsw","status":"publish","type":"product","link":"https:\/\/gymupstore.cl\/index.php\/producto\/deadly-premonition-2-a-blessing-in-disguise-nsw\/","title":{"rendered":"Deadly Premonition 2: A Blessing In Disguise | NSW"},"content":{"rendered":"<div class=\"video-shortcode\"><iframe title=\"Deadly Premonition 2: A Blessing in Disguise - Launch Trailer - Nintendo Switch\" width=\"1325\" height=\"745\" src=\"https:\/\/www.youtube.com\/embed\/dfPSvZxCnAs?feature=oembed\" frameborder=\"0\" allow=\"accelerometer; autoplay; clipboard-write; encrypted-media; gyroscope; picture-in-picture; web-share\" allowfullscreen><\/iframe><\/div>\n<p>Deadly Premonition 2: A Blessing in Disguise para\u00a0Nintendo Switch\u00a0es un juego que se desarrolla en el presente en Boston. Sin embargo, gracias a una narraci\u00f3n \u00fanica, viajar\u00e1s a Le Carr\u00e9 del pasado para desvelar los misterios que se ocultan en este anta\u00f1o pac\u00edfico pueblo.<\/p>\n<p>En esta secuela y, a la vez, precuela del t\u00edtulo Deadly Premonition, seguir\u00e1s a los agentes Davis y Jones mientras investigan los asesinatos en serie acaecidos en Le Carr\u00e9. A trav\u00e9s de los recuerdos de un antiguo agente del FBI, viajar\u00e1s en el tiempo hasta Le Carr\u00e9 y te pondr\u00e1s en la piel del agente especial York, a medida que empiezas a desmadejar el misterio.<\/p>\n<ul>\n<li>Vuelve a encarnar al agente especial York, del FBI, y ad\u00e9ntrate en un nuevo caso de asesinatos misteriosos.<\/li>\n<li>Una secuela y una precuela a la vez: Una investigaci\u00f3n a trav\u00e9s del tiempo para resolver los asesinatos de Le Carr\u00e9.<\/li>\n<li>Una aventura de mundo abierto: Mu\u00e9vete por Le Carr\u00e9 a pie o en monopat\u00edn.<\/li>\n<li>Minijuegos: Bolos, tour del pantano, desaf\u00edo de monopat\u00edn y m\u00e1s.<\/li>\n<li>Personalizaci\u00f3n: Personaliza tu personaje y mejora el monopat\u00edn para ir m\u00e1s r\u00e1pido y hacer mejores acrobacias.<\/li>\n<\/ul>\n","protected":false},"excerpt":{"rendered":"<ul>\n<li>Formato Producto F\u00edsico (Juego en Disco o Cartridge seg\u00fan consola)<\/li>\n<li>Fabricante\/Publisher Nintendo<\/li>\n<li>JUEGO EUROPEO<\/li>\n<li>COMPATIBLE CON TODAS LAS CONSOLAS NINTENDO SWITCH EN CHILE<\/li>\n<\/ul>\n","protected":false},"featured_media":7918,"comment_status":"open","ping_status":"closed","template":"","meta":[],"location":[495],"product_cat":[523,517,496],"product_tag":[],"locations":[{"id":495,"name":"PMC","slug":"gymupstore-pmc","quantity":"2"}],"_links":{"self":[{"href":"https:\/\/gymupstore.cl\/index.php\/wp-json\/wp\/v2\/product\/7791"}],"collection":[{"href":"https:\/\/gymupstore.cl\/index.php\/wp-json\/wp\/v2\/product"}],"about":[{"href":"https:\/\/gymupstore.cl\/index.php\/wp-json\/wp\/v2\/types\/product"}],"replies":[{"embeddable":true,"href":"https:\/\/gymupstore.cl\/index.php\/wp-json\/wp\/v2\/comments?post=7791"}],"wp:featuredmedia":[{"embeddable":true,"href":"https:\/\/gymupstore.cl\/index.php\/wp-json\/wp\/v2\/media\/7918"}],"wp:attachment":[{"href":"https:\/\/gymupstore.cl\/index.php\/wp-json\/wp\/v2\/media?parent=7791"}],"wp:term":[{"taxonomy":"location","embeddable":true,"href":"https:\/\/gymupstore.cl\/index.php\/wp-json\/wp\/v2\/location?post=7791"},{"taxonomy":"product_cat","embeddable":true,"href":"https:\/\/gymupstore.cl\/index.php\/wp-json\/wp\/v2\/product_cat?post=7791"},{"taxonomy":"product_tag","embeddable":true,"href":"https:\/\/gymupstore.cl\/index.php\/wp-json\/wp\/v2\/product_tag?post=7791"}],"curies":[{"name":"wp","href":"https:\/\/api.w.org\/{rel}","templated":true}]}}