{"id":7781,"date":"2023-02-02T21:40:25","date_gmt":"2023-02-03T00:40:25","guid":{"rendered":"https:\/\/gymupstore.cl\/?post_type=product&#038;p=7781"},"modified":"2025-04-05T13:50:12","modified_gmt":"2025-04-05T16:50:12","slug":"taurus-100-taurina-en-polvo-200-gr-133-servicios-15-gr","status":"publish","type":"product","link":"https:\/\/gymupstore.cl\/index.php\/producto\/taurus-100-taurina-en-polvo-200-gr-133-servicios-15-gr\/","title":{"rendered":"Taurus 100% Taurina en Polvo | 200 gr (133 servicios 1,5 gr)"},"content":{"rendered":"<p>TAURUS de MONSTABOLIC es 100% Taurina.<\/p>\n<p>La Taurina es un amino\u00e1cido no esencial que se encuentra presente en alimentos de<br \/>\norigen animal y forma parte de la bilis. La Taurina tiene propiedades antioxidantes y<br \/>\nrefuerza el sistema inmune.<\/p>\n<p>MODO DE USO: Mezclar 1\/4 scoop de TAURUS con 200 cc de agua, jugo o con su<br \/>\nbatido preferido y agite vigorosamente. Cons\u00famalo antes y\/o despu\u00e9s del ejercicio.<\/p>\n<p>ALMACENAMIENTO: Mantener en lugar fresco y seco.<\/p>\n<p>NO RECOMENDABLE PARA DIAB\u00c9TICOS<\/p>\n","protected":false},"excerpt":{"rendered":"<ul>\n<li>100% Taurina en polvo<\/li>\n<li>30% m\u00e1s econ\u00f3mica que otros productos de taurina en c\u00e1psulas<\/li>\n<\/ul>\n","protected":false},"featured_media":7782,"comment_status":"open","ping_status":"closed","template":"","meta":[],"location":[495],"product_cat":[30,37,28],"product_tag":[],"locations":[{"id":495,"name":"PMC","slug":"gymupstore-pmc","quantity":"3"}],"_links":{"self":[{"href":"https:\/\/gymupstore.cl\/index.php\/wp-json\/wp\/v2\/product\/7781"}],"collection":[{"href":"https:\/\/gymupstore.cl\/index.php\/wp-json\/wp\/v2\/product"}],"about":[{"href":"https:\/\/gymupstore.cl\/index.php\/wp-json\/wp\/v2\/types\/product"}],"replies":[{"embeddable":true,"href":"https:\/\/gymupstore.cl\/index.php\/wp-json\/wp\/v2\/comments?post=7781"}],"wp:featuredmedia":[{"embeddable":true,"href":"https:\/\/gymupstore.cl\/index.php\/wp-json\/wp\/v2\/media\/7782"}],"wp:attachment":[{"href":"https:\/\/gymupstore.cl\/index.php\/wp-json\/wp\/v2\/media?parent=7781"}],"wp:term":[{"taxonomy":"location","embeddable":true,"href":"https:\/\/gymupstore.cl\/index.php\/wp-json\/wp\/v2\/location?post=7781"},{"taxonomy":"product_cat","embeddable":true,"href":"https:\/\/gymupstore.cl\/index.php\/wp-json\/wp\/v2\/product_cat?post=7781"},{"taxonomy":"product_tag","embeddable":true,"href":"https:\/\/gymupstore.cl\/index.php\/wp-json\/wp\/v2\/product_tag?post=7781"}],"curies":[{"name":"wp","href":"https:\/\/api.w.org\/{rel}","templated":true}]}}