{"id":7484,"date":"2022-12-19T17:24:10","date_gmt":"2022-12-19T17:24:10","guid":{"rendered":"https:\/\/gymupstore.cl\/?post_type=product&#038;p=7484"},"modified":"2022-12-19T17:24:58","modified_gmt":"2022-12-19T17:24:58","slug":"polera-biotech-usa-girl-pink-s","status":"publish","type":"product","link":"https:\/\/gymupstore.cl\/index.php\/producto\/polera-biotech-usa-girl-pink-s\/","title":{"rendered":"Polera Biotech USA Girl | Pink S"},"content":{"rendered":"<p>La\u00a0<b>Biotech<\/b><b>\u00a0USA T-<\/b><b>Shirt<\/b>\u00a0es una fant\u00e1stica camiseta de manga corta con la que podr\u00e1s realizar tus entrenamientos con tu ropa favorita y de la forma m\u00e1s c\u00f3moda. Esta camiseta te ofrecer\u00e1 una gran frescura para aquellos d\u00edas del a\u00f1o que son m\u00e1s calurosos. Y la podr\u00e1s utilizar sea cual sea la actividad deportiva que practiques.<\/p>\n","protected":false},"excerpt":{"rendered":"<p>La\u00a0Biotech\u00a0USA T-Shirt\u00a0es una fant\u00e1stica camiseta de manga corta con la [&hellip;]<\/p>\n","protected":false},"featured_media":7485,"comment_status":"open","ping_status":"closed","template":"","meta":[],"location":[495],"product_cat":[91,394,33],"product_tag":[],"locations":[{"id":495,"name":"PMC","slug":"gymupstore-pmc","quantity":"1"}],"_links":{"self":[{"href":"https:\/\/gymupstore.cl\/index.php\/wp-json\/wp\/v2\/product\/7484"}],"collection":[{"href":"https:\/\/gymupstore.cl\/index.php\/wp-json\/wp\/v2\/product"}],"about":[{"href":"https:\/\/gymupstore.cl\/index.php\/wp-json\/wp\/v2\/types\/product"}],"replies":[{"embeddable":true,"href":"https:\/\/gymupstore.cl\/index.php\/wp-json\/wp\/v2\/comments?post=7484"}],"wp:featuredmedia":[{"embeddable":true,"href":"https:\/\/gymupstore.cl\/index.php\/wp-json\/wp\/v2\/media\/7485"}],"wp:attachment":[{"href":"https:\/\/gymupstore.cl\/index.php\/wp-json\/wp\/v2\/media?parent=7484"}],"wp:term":[{"taxonomy":"location","embeddable":true,"href":"https:\/\/gymupstore.cl\/index.php\/wp-json\/wp\/v2\/location?post=7484"},{"taxonomy":"product_cat","embeddable":true,"href":"https:\/\/gymupstore.cl\/index.php\/wp-json\/wp\/v2\/product_cat?post=7484"},{"taxonomy":"product_tag","embeddable":true,"href":"https:\/\/gymupstore.cl\/index.php\/wp-json\/wp\/v2\/product_tag?post=7484"}],"curies":[{"name":"wp","href":"https:\/\/api.w.org\/{rel}","templated":true}]}}