{"id":7353,"date":"2022-10-22T00:46:04","date_gmt":"2022-10-22T03:46:04","guid":{"rendered":"https:\/\/gymupstore.cl\/?post_type=product&#038;p=7353"},"modified":"2024-05-15T20:21:15","modified_gmt":"2024-05-15T23:21:15","slug":"magnesio-liquido-liquid-chalk-250-ml","status":"publish","type":"product","link":"https:\/\/gymupstore.cl\/index.php\/producto\/magnesio-liquido-liquid-chalk-250-ml\/","title":{"rendered":"Magnesio L\u00edquido Liquid Chalk 250 ml"},"content":{"rendered":"<div><span data-spm-anchor-id=\"a2g0o.detail.1000023.i0.3951173aT0jW2b\">Beneficios: <\/span><\/div>\n<ul>\n<li><span data-spm-anchor-id=\"a2g0o.detail.1000023.i0.3951173aT0jW2b\">Menos desperdicio: en comparaci\u00f3n con los bloques de tiza, La tiza l\u00edquida es menos desperdicio. Es muy adecuado para gimnasios que no permiten el uso de bloques de tiza o gimnasios dom\u00e9sticos que no quieren desorden.<\/span><\/li>\n<li>F\u00e1cil de usar: El art\u00edculo tiene una f\u00f3rmula de secado r\u00e1pido y resistente al sudor. Perfecto para levantamiento de pesas y entrenamiento de obst\u00e1culos, pueden aumentar los deadlifting en hasta un 20% al aumentar el agarre.<\/li>\n<li>Funci\u00f3n antibacteriana: La Tiza es antibacteriana, manteniendo tus manos est\u00e9riles en el gimnasio.<\/li>\n<li>Agarre: La tiza l\u00edquida aumenta significativamente el agarre, adecuada para tirones, pesas rusas, escalada en roca, gimnasia y muchas otras actividades deportivas.<\/li>\n<li>Larga Duraci\u00f3n: A diferencia de los bloques tradicionales, esta tiza se puede utilizar continuamente durante todo el ejercicio de levantamiento de pesas sin necesidad de volver a aplicar. Despu\u00e9s de que la tiza se seque, se adhiere mejor a sus manos y forma una capa base duradera.<\/li>\n<\/ul>\n<p>Nota: agitar antes de usar.<\/p>\n","protected":false},"excerpt":{"rendered":"<ul>\n<li>Fortalece tu agarre<\/li>\n<li>Resistente al sudor<\/li>\n<li>Secado R\u00e1pido<\/li>\n<\/ul>\n","protected":false},"featured_media":7355,"comment_status":"open","ping_status":"closed","template":"","meta":[],"location":[495],"product_cat":[34,439,37,453],"product_tag":[],"locations":[{"id":495,"name":"PMC","slug":"gymupstore-pmc","quantity":"2"}],"_links":{"self":[{"href":"https:\/\/gymupstore.cl\/index.php\/wp-json\/wp\/v2\/product\/7353"}],"collection":[{"href":"https:\/\/gymupstore.cl\/index.php\/wp-json\/wp\/v2\/product"}],"about":[{"href":"https:\/\/gymupstore.cl\/index.php\/wp-json\/wp\/v2\/types\/product"}],"replies":[{"embeddable":true,"href":"https:\/\/gymupstore.cl\/index.php\/wp-json\/wp\/v2\/comments?post=7353"}],"wp:featuredmedia":[{"embeddable":true,"href":"https:\/\/gymupstore.cl\/index.php\/wp-json\/wp\/v2\/media\/7355"}],"wp:attachment":[{"href":"https:\/\/gymupstore.cl\/index.php\/wp-json\/wp\/v2\/media?parent=7353"}],"wp:term":[{"taxonomy":"location","embeddable":true,"href":"https:\/\/gymupstore.cl\/index.php\/wp-json\/wp\/v2\/location?post=7353"},{"taxonomy":"product_cat","embeddable":true,"href":"https:\/\/gymupstore.cl\/index.php\/wp-json\/wp\/v2\/product_cat?post=7353"},{"taxonomy":"product_tag","embeddable":true,"href":"https:\/\/gymupstore.cl\/index.php\/wp-json\/wp\/v2\/product_tag?post=7353"}],"curies":[{"name":"wp","href":"https:\/\/api.w.org\/{rel}","templated":true}]}}