{"id":7181,"date":"2022-10-03T23:54:07","date_gmt":"2022-10-03T23:54:07","guid":{"rendered":"https:\/\/gymupstore.cl\/?post_type=product&#038;p=7181"},"modified":"2022-10-04T02:21:59","modified_gmt":"2022-10-04T02:21:59","slug":"aislador-de-biceps-arm-blaster-variedades","status":"publish","type":"product","link":"https:\/\/gymupstore.cl\/index.php\/producto\/aislador-de-biceps-arm-blaster-variedades\/","title":{"rendered":"Aislador de Biceps (Arm Blaster) | Variedades"},"content":{"rendered":"<p>Uno de los m\u00fasculos m\u00e1s dif\u00edciles de desarrollar y que m\u00e1s trabajo cuesta son los biceps y Arnold Schwarzenegger (Creador de este implemento) lo sab\u00eda, es por eso que recurr\u00eda a un \u201cARM BLASTER\u201d, este era una especie de chaleco que le ayudaba a trabajar los brazos de manera mucho m\u00e1s estricta.<\/p>\n","protected":false},"excerpt":{"rendered":"<ul>\n<li><strong>ACERO ULTRA RESISTENTE<\/strong><\/li>\n<\/ul>\n","protected":false},"featured_media":7189,"comment_status":"open","ping_status":"closed","template":"","meta":[],"location":[495],"product_cat":[436,34,153],"product_tag":[],"locations":[{"id":495,"name":"PMC","slug":"gymupstore-pmc","quantity":"1"}],"_links":{"self":[{"href":"https:\/\/gymupstore.cl\/index.php\/wp-json\/wp\/v2\/product\/7181"}],"collection":[{"href":"https:\/\/gymupstore.cl\/index.php\/wp-json\/wp\/v2\/product"}],"about":[{"href":"https:\/\/gymupstore.cl\/index.php\/wp-json\/wp\/v2\/types\/product"}],"replies":[{"embeddable":true,"href":"https:\/\/gymupstore.cl\/index.php\/wp-json\/wp\/v2\/comments?post=7181"}],"wp:featuredmedia":[{"embeddable":true,"href":"https:\/\/gymupstore.cl\/index.php\/wp-json\/wp\/v2\/media\/7189"}],"wp:attachment":[{"href":"https:\/\/gymupstore.cl\/index.php\/wp-json\/wp\/v2\/media?parent=7181"}],"wp:term":[{"taxonomy":"location","embeddable":true,"href":"https:\/\/gymupstore.cl\/index.php\/wp-json\/wp\/v2\/location?post=7181"},{"taxonomy":"product_cat","embeddable":true,"href":"https:\/\/gymupstore.cl\/index.php\/wp-json\/wp\/v2\/product_cat?post=7181"},{"taxonomy":"product_tag","embeddable":true,"href":"https:\/\/gymupstore.cl\/index.php\/wp-json\/wp\/v2\/product_tag?post=7181"}],"curies":[{"name":"wp","href":"https:\/\/api.w.org\/{rel}","templated":true}]}}