{"id":7097,"date":"2022-09-26T22:20:26","date_gmt":"2022-09-26T22:20:26","guid":{"rendered":"https:\/\/gymupstore.cl\/?post_type=product&#038;p=7097"},"modified":"2025-07-21T22:17:54","modified_gmt":"2025-07-22T01:17:54","slug":"lipo-6-black-hardcore-60-caps","status":"publish","type":"product","link":"https:\/\/gymupstore.cl\/index.php\/producto\/lipo-6-black-hardcore-60-caps\/","title":{"rendered":"Lipo 6 Black Hardcore | 60 caps"},"content":{"rendered":"<p>LIPO 6 BLACK HARDCORE, Es un producto para deportistas con adici\u00f3n de cafe\u00edna aportada por el extracto de yerba mate y de t\u00e9 verde; adem\u00e1s de cafe\u00edna anhidra. Lo que hace que este producto sea uno de los m\u00e1s estimulantes del mercado, y por lo tanto se recomienda consumir un m\u00e1x. de 1 c\u00e1psula al d\u00eda. Esta suplementado con minerales como cromo y pose aporte de Colina.<\/p>\n<p>Consumir 1 porci\u00f3n con agua fr\u00eda todos los d\u00edas 1 hora antes de ingerir alimentos. No consumir antes de dormir. Consumo m\u00e1ximo de 1 porci\u00f3n al d\u00eda.<\/p>\n<p>Mantener en lugar fresco, seco y alejado de los ni\u00f1os. NO RECOMENDABLE PARA MENORES DE 15 A\u00d1OS, EN EMBARAZO NI LACTANCIA<\/p>\n","protected":false},"excerpt":{"rendered":"<p>LIPO 6 BLACK HARDCORE, Es un producto para deportistas con [&hellip;]<\/p>\n","protected":false},"featured_media":7099,"comment_status":"open","ping_status":"closed","template":"","meta":[],"location":[495],"product_cat":[113,27],"product_tag":[],"locations":[{"id":495,"name":"PMC","slug":"gymupstore-pmc","quantity":"1"}],"_links":{"self":[{"href":"https:\/\/gymupstore.cl\/index.php\/wp-json\/wp\/v2\/product\/7097"}],"collection":[{"href":"https:\/\/gymupstore.cl\/index.php\/wp-json\/wp\/v2\/product"}],"about":[{"href":"https:\/\/gymupstore.cl\/index.php\/wp-json\/wp\/v2\/types\/product"}],"replies":[{"embeddable":true,"href":"https:\/\/gymupstore.cl\/index.php\/wp-json\/wp\/v2\/comments?post=7097"}],"wp:featuredmedia":[{"embeddable":true,"href":"https:\/\/gymupstore.cl\/index.php\/wp-json\/wp\/v2\/media\/7099"}],"wp:attachment":[{"href":"https:\/\/gymupstore.cl\/index.php\/wp-json\/wp\/v2\/media?parent=7097"}],"wp:term":[{"taxonomy":"location","embeddable":true,"href":"https:\/\/gymupstore.cl\/index.php\/wp-json\/wp\/v2\/location?post=7097"},{"taxonomy":"product_cat","embeddable":true,"href":"https:\/\/gymupstore.cl\/index.php\/wp-json\/wp\/v2\/product_cat?post=7097"},{"taxonomy":"product_tag","embeddable":true,"href":"https:\/\/gymupstore.cl\/index.php\/wp-json\/wp\/v2\/product_tag?post=7097"}],"curies":[{"name":"wp","href":"https:\/\/api.w.org\/{rel}","templated":true}]}}