{"id":6981,"date":"2022-08-30T01:33:27","date_gmt":"2022-08-30T01:33:27","guid":{"rendered":"https:\/\/gymupstore.cl\/?post_type=product&#038;p=6981"},"modified":"2024-11-28T22:23:04","modified_gmt":"2024-11-29T01:23:04","slug":"aminoacidos-bcaa-reforzado-60-servicios","status":"publish","type":"product","link":"https:\/\/gymupstore.cl\/index.php\/producto\/aminoacidos-bcaa-reforzado-60-servicios\/","title":{"rendered":"Amino\u00e1cidos BCAA Reforzado | 60 servicios"},"content":{"rendered":"<p>Aminoacidos BCAA son amino\u00e1cidos de cadena ramificada (Leucina, Valina e Isoleucina) con adici\u00f3n de L-Arginina y L-Glutamina.<\/p>\n<p>Es un suplemento creado para aquellas personas que entrenan de manera peri\u00f3dica, tanto recreativa como profesionalmente, su uso principal es favorecer una adecuada recuperaci\u00f3n participando en dos procesos:<\/p>\n<p>(1) En primer lugar, ayudando a potenciar la acci\u00f3n de reparaci\u00f3n del tejido muscular da\u00f1ado por el ejercicio, cuando ya hemos terminado de entrenar.<\/p>\n<p>(2) Participando a Nivel del Sistema Nervioso Central; el ejercicio regular, puede aumentar excesivamente la producci\u00f3n de Serotonina (regulaci\u00f3n del estado de \u00e1nimo, sue\u00f1o, apetito, etc.), provocando una alteraci\u00f3n de nuestro grado de activaci\u00f3n y pudiendo llevar a una Fatiga Central (SNC).<\/p>\n<p>El aporte de BCAA ayuda a disminuir la producci\u00f3n de Serotonina durante las elevadas cargas de entrenamiento, favoreciendo nuestro bienestar y promoviendo una buena recuperaci\u00f3n.<\/p>\n<p>Amino\u00e1cidos BCAA+ (600grs.) Winkler Nutrition<\/p>\n<ul>\n<li>Evita el catabolismo muscular.<\/li>\n<li>Recuperaci\u00f3n muscular.<\/li>\n<li>Promueve la s\u00edntesis proteica.<\/li>\n<li>Aporte energ\u00e9tico anaer\u00f3bico al m\u00fasculo.<\/li>\n<li>Disminuye la fatiga.<\/li>\n<\/ul>\n<h4>M\u00e1s que solo BCAAs<\/h4>\n<p>Amino\u00e1cidos BCAA\u00a0 reforzado de Winkler Nutrition, no solo es la mejor opci\u00f3n de amino\u00e1cidos esenciales ramificados (Leucina, Isoleucina y Valina) en un ratio de 2:1:1. Tambi\u00e9n est\u00e1 reforzado con Glutamina y Arginina. Esto \u00faltimo convierte a Amino\u00e1cidos BCAA +, en un excelente suplemento alimenticio para deportistas que busquen un \u00f3ptimo desarrollo muscular, y una excelente recuperaci\u00f3n consecuencia de entrenamientos anaer\u00f3bicos de alta intensidad o altas cargas. Logrando por consiguiente un aumento de masa muscular ya sea en volumen o en densidad, dependiendo del tipo de dieta diaria y de la actividad realizada.<\/p>\n<p>Los BCAA\u2019s son muy importantes en el mundo deportivo, fitness y wellness, por ser amino\u00e1cidos que no son sintetizados por nosotros mismos. Debemos obtenerlos mediante nuestros alimentos o suplementos, ya que estos amino\u00e1cidos ramificados conforman la tercera parte de la masa musculo esquel\u00e9tica.<\/p>\n<p>Este producto promueve la s\u00edntesis proteica, lo que brinda un gran aporte energ\u00e9tico anaer\u00f3bico al m\u00fasculo (sin un consumo cal\u00f3rico a diferencia de la prote\u00edna). Al llevar los m\u00fasculos a fases de fatiga y estr\u00e9s, absorbemos y requerimos mayores cantidades de BCAA\u2019s, logrando en consecuencia un gran aumento en nuestro rendimiento f\u00edsico, recuperaciones m\u00e1s r\u00e1pidas y \u00f3ptimas y aumento de la masa muscular.<\/p>\n<p>Su consumo tambi\u00e9n es recomendable como complemento en tratamientos terap\u00e9uticos. Ya que, al mantener un suministro constante de BCAA\u2019s en las fibras m\u00fasculares, disminuye la sensaci\u00f3n de cansancio, fatiga y malestares. De esta manera fomenta la recuperaci\u00f3n no solo en entrenamientos, sino tambi\u00e9n en lesiones.<\/p>\n<h5>L Glutamina<\/h5>\n<p>Dado que contiene L GLutamina, es un promotor del bienestar del sistema inmune.<\/p>\n<h5>L Arginina<\/h5>\n<p>Su contenido de L Arginina favorece la producci\u00f3n de \u00d3xido N\u00edtrico en nuestro organismo, lo que permite una mejor irrigaci\u00f3n sangu\u00ednea. Por consecuencia esto conlleva a una mejor contracci\u00f3n muscular durante la actividad f\u00edsica as\u00ed como tambi\u00e9n a un mejor transporte de nutrientes en la fase de recuperaci\u00f3n.<\/p>\n<h5>Modo de uso recomendado:<\/h5>\n<ul>\n<li>Pre-Entrenamiento: Promoviendo la s\u00edntesis proteica, aportando energ\u00eda anaer\u00f3bica.<\/li>\n<li>Durante el entrenamiento: Asegurando un suministro constante de amino\u00e1cidos en los m\u00fasculos.<\/li>\n<li>Post-Entrenamiento: Fomentando una \u00f3ptima y r\u00e1pida recuperaci\u00f3n anab\u00f3lica y regenerativa.<\/li>\n<\/ul>\n","protected":false},"excerpt":{"rendered":"<ul>\n<li>Evitar el catabolismo muscular<\/li>\n<li>Promueve la regeneraci\u00f3n muscular<\/li>\n<li>Pre-entrenamiento: Para evitar el catabolismo muscular.<\/li>\n<li>Durante entrenamiento: Para asegurar un suministro constante de amino\u00e1cidos a la musculatura esquel\u00e9tica.<\/li>\n<li>Post-entrenamiento: Para iniciar el proceso anab\u00f3lico\/regenerativo (Potencia la reparaci\u00f3n de los tejidos da\u00f1ados por el ejercicio).<\/li>\n<\/ul>\n","protected":false},"featured_media":6984,"comment_status":"open","ping_status":"closed","template":"","meta":[],"location":[495],"product_cat":[30,161],"product_tag":[],"locations":[{"id":495,"name":"PMC","slug":"gymupstore-pmc","quantity":"0"}],"_links":{"self":[{"href":"https:\/\/gymupstore.cl\/index.php\/wp-json\/wp\/v2\/product\/6981"}],"collection":[{"href":"https:\/\/gymupstore.cl\/index.php\/wp-json\/wp\/v2\/product"}],"about":[{"href":"https:\/\/gymupstore.cl\/index.php\/wp-json\/wp\/v2\/types\/product"}],"replies":[{"embeddable":true,"href":"https:\/\/gymupstore.cl\/index.php\/wp-json\/wp\/v2\/comments?post=6981"}],"wp:featuredmedia":[{"embeddable":true,"href":"https:\/\/gymupstore.cl\/index.php\/wp-json\/wp\/v2\/media\/6984"}],"wp:attachment":[{"href":"https:\/\/gymupstore.cl\/index.php\/wp-json\/wp\/v2\/media?parent=6981"}],"wp:term":[{"taxonomy":"location","embeddable":true,"href":"https:\/\/gymupstore.cl\/index.php\/wp-json\/wp\/v2\/location?post=6981"},{"taxonomy":"product_cat","embeddable":true,"href":"https:\/\/gymupstore.cl\/index.php\/wp-json\/wp\/v2\/product_cat?post=6981"},{"taxonomy":"product_tag","embeddable":true,"href":"https:\/\/gymupstore.cl\/index.php\/wp-json\/wp\/v2\/product_tag?post=6981"}],"curies":[{"name":"wp","href":"https:\/\/api.w.org\/{rel}","templated":true}]}}