{"id":6592,"date":"2022-05-31T20:43:20","date_gmt":"2022-05-31T20:43:20","guid":{"rendered":"https:\/\/gymupstore.cl\/?post_type=product&#038;p=6592"},"modified":"2024-12-26T18:54:13","modified_gmt":"2024-12-26T21:54:13","slug":"l-carnitina-pro-series-90-caps","status":"publish","type":"product","link":"https:\/\/gymupstore.cl\/index.php\/producto\/l-carnitina-pro-series-90-caps\/","title":{"rendered":"L Carnitina Pro Series | 90 caps"},"content":{"rendered":"<p>CARNI PRO, mol\u00e9cula que juega un papel metab\u00f3lico importante en la quema de grasa y la producci\u00f3n de energ\u00eda. La investigaci\u00f3n cient\u00edfica ha demostrado que la CARNI PRO ayuda al cuerpo a convertir la grasa en energ\u00eda, aprovechando los dep\u00f3sitos de grasa del cuerpo mediante el transporte de \u00e1cidos grasos hacia los m\u00fasculos donde pueden ser convertidos en energ\u00eda. Este proceso puede ayudar a perder peso y mejorar el rendimiento deportivo como el aumento de la resistencia\u2026<\/p>\n","protected":false},"excerpt":{"rendered":"<p>CARNI PRO, mol\u00e9cula que juega un papel metab\u00f3lico importante en [&hellip;]<\/p>\n","protected":false},"featured_media":6597,"comment_status":"open","ping_status":"closed","template":"","meta":[],"location":[495],"product_cat":[153,27],"product_tag":[],"locations":[{"id":495,"name":"PMC","slug":"gymupstore-pmc","quantity":"2"}],"_links":{"self":[{"href":"https:\/\/gymupstore.cl\/index.php\/wp-json\/wp\/v2\/product\/6592"}],"collection":[{"href":"https:\/\/gymupstore.cl\/index.php\/wp-json\/wp\/v2\/product"}],"about":[{"href":"https:\/\/gymupstore.cl\/index.php\/wp-json\/wp\/v2\/types\/product"}],"replies":[{"embeddable":true,"href":"https:\/\/gymupstore.cl\/index.php\/wp-json\/wp\/v2\/comments?post=6592"}],"wp:featuredmedia":[{"embeddable":true,"href":"https:\/\/gymupstore.cl\/index.php\/wp-json\/wp\/v2\/media\/6597"}],"wp:attachment":[{"href":"https:\/\/gymupstore.cl\/index.php\/wp-json\/wp\/v2\/media?parent=6592"}],"wp:term":[{"taxonomy":"location","embeddable":true,"href":"https:\/\/gymupstore.cl\/index.php\/wp-json\/wp\/v2\/location?post=6592"},{"taxonomy":"product_cat","embeddable":true,"href":"https:\/\/gymupstore.cl\/index.php\/wp-json\/wp\/v2\/product_cat?post=6592"},{"taxonomy":"product_tag","embeddable":true,"href":"https:\/\/gymupstore.cl\/index.php\/wp-json\/wp\/v2\/product_tag?post=6592"}],"curies":[{"name":"wp","href":"https:\/\/api.w.org\/{rel}","templated":true}]}}