{"id":6185,"date":"2021-11-09T04:55:41","date_gmt":"2021-11-09T04:55:41","guid":{"rendered":"https:\/\/gymupstore.cl\/?post_type=product&#038;p=6185"},"modified":"2025-01-14T16:30:01","modified_gmt":"2025-01-14T19:30:01","slug":"leucina-pro-400-gr-80-servicios","status":"publish","type":"product","link":"https:\/\/gymupstore.cl\/index.php\/producto\/leucina-pro-400-gr-80-servicios\/","title":{"rendered":"Leucina Pro 200 gr | 40 servicios"},"content":{"rendered":"<p>Leucina es uno de los tres amino\u00e1cidos de cadena ramificada (BCAA) que es cr\u00edtico en la estructura del tejido muscular. Entre los BCAA, la leucina es \u00fanica en su papel como mol\u00e9cula de se\u00f1alizaci\u00f3n que ayuda a regular la s\u00edntesis \u00f3ptima de prote\u00ednas del m\u00fasculo esquel\u00e9tico en tejidos normales. Adem\u00e1s, ayuda a mantener un metabolismo de la glucosa y una funci\u00f3n de la insulina ya saludables, y puede ayudar a promover el uso de la grasa para obtener energ\u00eda. Los estudios sugieren que la leucina, junto con una prote\u00edna diet\u00e9tica adecuada, puede ayudar a construir y mantener el tejido magro y optimizar la composici\u00f3n corporal. Este polvo es instant\u00e1neo para una f\u00e1cil mezcla en agua, bebidas o batidos.<\/p>\n","protected":false},"excerpt":{"rendered":"<p>Leucina es uno de los tres amino\u00e1cidos de cadena ramificada [&hellip;]<\/p>\n","protected":false},"featured_media":10988,"comment_status":"open","ping_status":"closed","template":"","meta":[],"location":[495],"product_cat":[30,153],"product_tag":[],"locations":[{"id":495,"name":"PMC","slug":"gymupstore-pmc","quantity":"0"}],"_links":{"self":[{"href":"https:\/\/gymupstore.cl\/index.php\/wp-json\/wp\/v2\/product\/6185"}],"collection":[{"href":"https:\/\/gymupstore.cl\/index.php\/wp-json\/wp\/v2\/product"}],"about":[{"href":"https:\/\/gymupstore.cl\/index.php\/wp-json\/wp\/v2\/types\/product"}],"replies":[{"embeddable":true,"href":"https:\/\/gymupstore.cl\/index.php\/wp-json\/wp\/v2\/comments?post=6185"}],"wp:featuredmedia":[{"embeddable":true,"href":"https:\/\/gymupstore.cl\/index.php\/wp-json\/wp\/v2\/media\/10988"}],"wp:attachment":[{"href":"https:\/\/gymupstore.cl\/index.php\/wp-json\/wp\/v2\/media?parent=6185"}],"wp:term":[{"taxonomy":"location","embeddable":true,"href":"https:\/\/gymupstore.cl\/index.php\/wp-json\/wp\/v2\/location?post=6185"},{"taxonomy":"product_cat","embeddable":true,"href":"https:\/\/gymupstore.cl\/index.php\/wp-json\/wp\/v2\/product_cat?post=6185"},{"taxonomy":"product_tag","embeddable":true,"href":"https:\/\/gymupstore.cl\/index.php\/wp-json\/wp\/v2\/product_tag?post=6185"}],"curies":[{"name":"wp","href":"https:\/\/api.w.org\/{rel}","templated":true}]}}