{"id":5894,"date":"2021-09-13T23:18:29","date_gmt":"2021-09-13T23:18:29","guid":{"rendered":"https:\/\/gymupstore.cl\/?post_type=product&#038;p=5894"},"modified":"2025-07-01T21:48:32","modified_gmt":"2025-07-02T00:48:32","slug":"protein-choc-bombon-vegano-proteico-100-gr","status":"publish","type":"product","link":"https:\/\/gymupstore.cl\/index.php\/producto\/protein-choc-bombon-vegano-proteico-100-gr\/","title":{"rendered":"Protein Choc Bomb\u00f3n Vegano Proteico (100 gr) | Variedades"},"content":{"rendered":"<div>\n<p>Protein Choc 100 grs. de Revitta Wellness son bombones de chocolate vegano con un aporte de prote\u00ednas. Bombon vegano es elaborado a partir de\u00a0<strong>Prote\u00edna Vegetal (Prote\u00edna de arroz al 30%)<\/strong>\u00a0y\u00a0<b>Cacao Natural (36 %),\u00a0<\/b>lo cual lo convierte \u00a0en un alimento saludable y sabroso.<\/p>\n<p><strong>\u00a1Es un snack delicioso que debes probar!<\/strong>\u00a0Adem\u00e1s, junto con su suave textura, se transforma en la mejor respuesta para aquellos repentinos antojos, pero sin culpas.<\/p>\n<p>Para el mundo vegano y vegetariano hemos desarrollado 4 sabores diferentes:<\/p>\n<ul>\n<li>Natural (Chocolate puro)<\/li>\n<li>Naranja<\/li>\n<li>Menta<\/li>\n<li>Cranberries<\/li>\n<\/ul>\n<p><b>\u00a1Disfr\u00fatalos donde tu quieras!<\/b>\u00a0En el trabajo, en clases, de viaje, haciendo deporte o simplemente viendo tu serie favorita. Viene en un formato de 100 gramos con aproximadamente 14 bombones. La porci\u00f3n recomendada es de 2 bombones, pero siempre puedes quitarte las ganas de comer uno mas.<\/p>\n<p><strong>\u00a1Un Snack para todos!<\/strong>\u00a0Este snack, puede ser consumido por cualquier tipo persona, independiente de su r\u00e9gimen alimentario; vegano, vegetariano o flexible, y sin importar por consiguiente su nivel de entrenamiento, estilo de vida o edad*.<\/p>\n<p>*Se recomienda no darle a ni\u00f1os peque\u00f1os, menores de 3-4 a\u00f1os y a personas que padezcan alg\u00fan tipo de alergia alimentaria relacionada a alg\u00fan ingrediente rotulado. Mantener en un lugar fresco, seco, fuera del alcance de los ni\u00f1os, alejados de la luz y el calor (15\u00b0C-25\u00b0C).<\/p>\n<h4><strong>Principales atributos de Protein Choc Revitta 100 grs. \u2013 Bombones veganos\u00a0proteicos<\/strong><\/h4>\n<ul>\n<li>Vegan friendly<\/li>\n<li>Lactosa free<\/li>\n<li>Gluten free<\/li>\n<li>Prote\u00edna vegetal de arroz<\/li>\n<li>Sin az\u00facar a\u00f1adida<\/li>\n<li>0% Colesterol<\/li>\n<li>Libre de Sodio<\/li>\n<\/ul>\n<p><strong>Protein Choc de Revitta no debe ser usado para sustituir ning\u00fan tipo de alimentaci\u00f3n equilibrada, sino mas bien para ser consumidos como un snack o complemento para el d\u00eda a d\u00eda.<\/strong><\/p>\n<\/div>\n","protected":false},"excerpt":{"rendered":"<p>Bomb\u00f3n vegano proteico con prote\u00edna de arroz y cacao.<\/p>\n<ul>\n<li>28 grs. de prote\u00edna por envase<\/li>\n<li>Sin az\u00facar a\u00f1adida<\/li>\n<li>Sin Gluten<\/li>\n<li>Sin Lactosa<\/li>\n<li>0% colesterol<\/li>\n<li>100% vegano<\/li>\n<\/ul>\n<p>Sabores: Chocolate, Chocolate menta, Chocolate naranja y Cranberries<\/p>\n","protected":false},"featured_media":5902,"comment_status":"open","ping_status":"closed","template":"","meta":[],"location":[495],"product_cat":[182,281,161],"product_tag":[],"locations":[{"id":495,"name":"PMC","slug":"gymupstore-pmc","quantity":"0"}],"_links":{"self":[{"href":"https:\/\/gymupstore.cl\/index.php\/wp-json\/wp\/v2\/product\/5894"}],"collection":[{"href":"https:\/\/gymupstore.cl\/index.php\/wp-json\/wp\/v2\/product"}],"about":[{"href":"https:\/\/gymupstore.cl\/index.php\/wp-json\/wp\/v2\/types\/product"}],"replies":[{"embeddable":true,"href":"https:\/\/gymupstore.cl\/index.php\/wp-json\/wp\/v2\/comments?post=5894"}],"wp:featuredmedia":[{"embeddable":true,"href":"https:\/\/gymupstore.cl\/index.php\/wp-json\/wp\/v2\/media\/5902"}],"wp:attachment":[{"href":"https:\/\/gymupstore.cl\/index.php\/wp-json\/wp\/v2\/media?parent=5894"}],"wp:term":[{"taxonomy":"location","embeddable":true,"href":"https:\/\/gymupstore.cl\/index.php\/wp-json\/wp\/v2\/location?post=5894"},{"taxonomy":"product_cat","embeddable":true,"href":"https:\/\/gymupstore.cl\/index.php\/wp-json\/wp\/v2\/product_cat?post=5894"},{"taxonomy":"product_tag","embeddable":true,"href":"https:\/\/gymupstore.cl\/index.php\/wp-json\/wp\/v2\/product_tag?post=5894"}],"curies":[{"name":"wp","href":"https:\/\/api.w.org\/{rel}","templated":true}]}}