{"id":5688,"date":"2021-03-29T05:29:14","date_gmt":"2021-03-29T05:29:14","guid":{"rendered":"https:\/\/gymupstore.cl\/?post_type=product&#038;p=5688"},"modified":"2026-04-03T12:48:58","modified_gmt":"2026-04-03T15:48:58","slug":"l-arginina-thor-240-caps","status":"publish","type":"product","link":"https:\/\/gymupstore.cl\/index.php\/producto\/l-arginina-thor-240-caps\/","title":{"rendered":"L Arginina Thor | 240 caps"},"content":{"rendered":"<div>\n<p>Thor es un suplemento deportivo que es 100% L-Arginina, amino\u00e1cido precursor del \u00d3xido N\u00edtrico, que provoca vasodilataci\u00f3n de nuestras arterias favoreciendo el suministro de ox\u00edgeno y nutrientes a la musculatura esquel\u00e9tica durante la ejecuci\u00f3n de trabajo f\u00edsico, favoreciendo la resistencia del mismo sobre todo en aquellos trabajos aer\u00f3bicos de mayor duraci\u00f3n e intensidad.<\/p>\n<h4><strong>\u00bfPara qu\u00e9 sirve?<\/strong><\/h4>\n<p>Es un amino\u00e1cido que incrementa los niveles oxigenaci\u00f3n, favoreciendo el aporte de nutrientes a las c\u00e9lulas y la Ergo g\u00e9nesis.<\/p>\n<\/div>\n<div>\n<h4><strong>\u00bfQui\u00e9n debe tomarlo?<\/strong><\/h4>\n<p>Todo deportista que busque un aumento de fuerza y volumen muscular, adem\u00e1s de incrementar la producci\u00f3n natural de la hormona del crecimiento.<\/p>\n<\/div>\n<div>\n<h4><strong>Modo de uso<\/strong><\/h4>\n<p>Consumir 4 c\u00e1psulas 30 minutos antes del entrenamiento. Los d\u00edas de descanso consumir 4 c\u00e1psulas antes de dormir.<\/p>\n<\/div>\n","protected":false},"excerpt":{"rendered":"<ul>\n<li>100% L-Arginina<\/li>\n<li>Vasolidatador<\/li>\n<li>Precursor \u00d3xido N\u00edtrico<\/li>\n<li>Resistencia<\/li>\n<\/ul>\n","protected":false},"featured_media":6985,"comment_status":"open","ping_status":"closed","template":"","meta":[],"location":[495],"product_cat":[30,161],"product_tag":[],"locations":[{"id":495,"name":"PMC","slug":"gymupstore-pmc","quantity":"2"}],"_links":{"self":[{"href":"https:\/\/gymupstore.cl\/index.php\/wp-json\/wp\/v2\/product\/5688"}],"collection":[{"href":"https:\/\/gymupstore.cl\/index.php\/wp-json\/wp\/v2\/product"}],"about":[{"href":"https:\/\/gymupstore.cl\/index.php\/wp-json\/wp\/v2\/types\/product"}],"replies":[{"embeddable":true,"href":"https:\/\/gymupstore.cl\/index.php\/wp-json\/wp\/v2\/comments?post=5688"}],"wp:featuredmedia":[{"embeddable":true,"href":"https:\/\/gymupstore.cl\/index.php\/wp-json\/wp\/v2\/media\/6985"}],"wp:attachment":[{"href":"https:\/\/gymupstore.cl\/index.php\/wp-json\/wp\/v2\/media?parent=5688"}],"wp:term":[{"taxonomy":"location","embeddable":true,"href":"https:\/\/gymupstore.cl\/index.php\/wp-json\/wp\/v2\/location?post=5688"},{"taxonomy":"product_cat","embeddable":true,"href":"https:\/\/gymupstore.cl\/index.php\/wp-json\/wp\/v2\/product_cat?post=5688"},{"taxonomy":"product_tag","embeddable":true,"href":"https:\/\/gymupstore.cl\/index.php\/wp-json\/wp\/v2\/product_tag?post=5688"}],"curies":[{"name":"wp","href":"https:\/\/api.w.org\/{rel}","templated":true}]}}