{"id":5182,"date":"2020-12-15T16:28:00","date_gmt":"2020-12-15T19:28:00","guid":{"rendered":"https:\/\/gymupstore.cl\/?post_type=product&#038;p=5182"},"modified":"2026-04-03T12:48:58","modified_gmt":"2026-04-03T15:48:58","slug":"protein-crisp-bar-45-gr","status":"publish","type":"product","link":"https:\/\/gymupstore.cl\/index.php\/producto\/protein-crisp-bar-45-gr\/","title":{"rendered":"Protein Crisp Bar (45 gr) | Variedad"},"content":{"rendered":"<p>Con alta concentraci\u00f3n de prote\u00ednas, rica en amino\u00e1cidos esenciales, vitaminas y minerales, PROTEIN CRISP se convierte en una opci\u00f3n saludable y sabrosa para diversos momentos del d\u00eda a d\u00eda. PROTEIN CRISP es para todos los que buscan consumir alimentos ricos en nutrientes, de forma pr\u00e1ctica, en las comidas intermedias a lo largo del d\u00eda.<\/p>\n","protected":false},"excerpt":{"rendered":"<div id=\"ppd\">\n<div id=\"centerCol\" class=\"centerColAlign centerColAlign-bbcxoverride\">\n<div id=\"featurebullets_feature_div\" class=\"celwidget\" data-feature-name=\"featurebullets\" data-cel-widget=\"featurebullets_feature_div\">\n<div id=\"feature-bullets\" class=\"a-section a-spacing-medium a-spacing-top-small\">\n<ul class=\"a-unordered-list a-vertical a-spacing-mini\">\n<li>Contribuye a la nutrici\u00f3n y recuperaci\u00f3n muscular.<\/li>\n<li>12 a 14 gr Whey Protein<\/li>\n<\/ul>\n<\/div>\n<\/div>\n<\/div>\n<\/div>\n","protected":false},"featured_media":5186,"comment_status":"open","ping_status":"closed","template":"","meta":[],"location":[495],"product_cat":[281],"product_tag":[],"locations":[{"id":495,"name":"PMC","slug":"gymupstore-pmc","quantity":"0"}],"_links":{"self":[{"href":"https:\/\/gymupstore.cl\/index.php\/wp-json\/wp\/v2\/product\/5182"}],"collection":[{"href":"https:\/\/gymupstore.cl\/index.php\/wp-json\/wp\/v2\/product"}],"about":[{"href":"https:\/\/gymupstore.cl\/index.php\/wp-json\/wp\/v2\/types\/product"}],"replies":[{"embeddable":true,"href":"https:\/\/gymupstore.cl\/index.php\/wp-json\/wp\/v2\/comments?post=5182"}],"wp:featuredmedia":[{"embeddable":true,"href":"https:\/\/gymupstore.cl\/index.php\/wp-json\/wp\/v2\/media\/5186"}],"wp:attachment":[{"href":"https:\/\/gymupstore.cl\/index.php\/wp-json\/wp\/v2\/media?parent=5182"}],"wp:term":[{"taxonomy":"location","embeddable":true,"href":"https:\/\/gymupstore.cl\/index.php\/wp-json\/wp\/v2\/location?post=5182"},{"taxonomy":"product_cat","embeddable":true,"href":"https:\/\/gymupstore.cl\/index.php\/wp-json\/wp\/v2\/product_cat?post=5182"},{"taxonomy":"product_tag","embeddable":true,"href":"https:\/\/gymupstore.cl\/index.php\/wp-json\/wp\/v2\/product_tag?post=5182"}],"curies":[{"name":"wp","href":"https:\/\/api.w.org\/{rel}","templated":true}]}}