{"id":4923,"date":"2020-11-04T00:36:03","date_gmt":"2020-11-04T00:36:03","guid":{"rendered":"https:\/\/gymupstore.cl\/?post_type=product&#038;p=4923"},"modified":"2024-08-14T18:26:36","modified_gmt":"2024-08-14T21:26:36","slug":"d6-nature-90-caps","status":"publish","type":"product","link":"https:\/\/gymupstore.cl\/index.php\/producto\/d6-nature-90-caps\/","title":{"rendered":"D6 Natural Diuretic | 90 caps"},"content":{"rendered":"<p><strong>D6 90 C\u00e1psulas<\/strong><br \/>\nUna Avanzada F\u00f3rmula Natural Diur\u00e9tica Dise\u00f1ada Para Ayudarle A Lograr Una Apariencia Dura Y Obtener Una Ventaja Competitiva En La Competencia.<br \/>\n<strong><br \/>\nQUE HACE<\/strong><br \/>\nAyuda Con Seguridad A Eliminar El Exceso De Agua Mientras Repone Los Electrolitos Esenciales Para Ayudar A Mantener El Rendimiento Muscular Y La Plenitud.<\/p>\n","protected":false},"excerpt":{"rendered":"<p>Una avanzada f\u00f3rmula natural diur\u00e9tica dise\u00f1ada para ayudarle a lograr una apariencia dura y obtener una ventaja competitiva en la competencia.<\/p>\n<p>Ayuda con seguridad a eliminar el exceso de agua mientras repone los electrolitos esenciales para ayudar a mantener el rendimiento muscular y la plenitud.<\/p>\n","protected":false},"featured_media":6602,"comment_status":"open","ping_status":"closed","template":"","meta":[],"location":[495],"product_cat":[153,27],"product_tag":[],"locations":[{"id":495,"name":"PMC","slug":"gymupstore-pmc","quantity":"0"}],"_links":{"self":[{"href":"https:\/\/gymupstore.cl\/index.php\/wp-json\/wp\/v2\/product\/4923"}],"collection":[{"href":"https:\/\/gymupstore.cl\/index.php\/wp-json\/wp\/v2\/product"}],"about":[{"href":"https:\/\/gymupstore.cl\/index.php\/wp-json\/wp\/v2\/types\/product"}],"replies":[{"embeddable":true,"href":"https:\/\/gymupstore.cl\/index.php\/wp-json\/wp\/v2\/comments?post=4923"}],"wp:featuredmedia":[{"embeddable":true,"href":"https:\/\/gymupstore.cl\/index.php\/wp-json\/wp\/v2\/media\/6602"}],"wp:attachment":[{"href":"https:\/\/gymupstore.cl\/index.php\/wp-json\/wp\/v2\/media?parent=4923"}],"wp:term":[{"taxonomy":"location","embeddable":true,"href":"https:\/\/gymupstore.cl\/index.php\/wp-json\/wp\/v2\/location?post=4923"},{"taxonomy":"product_cat","embeddable":true,"href":"https:\/\/gymupstore.cl\/index.php\/wp-json\/wp\/v2\/product_cat?post=4923"},{"taxonomy":"product_tag","embeddable":true,"href":"https:\/\/gymupstore.cl\/index.php\/wp-json\/wp\/v2\/product_tag?post=4923"}],"curies":[{"name":"wp","href":"https:\/\/api.w.org\/{rel}","templated":true}]}}