{"id":4907,"date":"2020-10-23T01:05:51","date_gmt":"2020-10-23T04:05:51","guid":{"rendered":"https:\/\/gymupstore.cl\/?post_type=product&#038;p=4907"},"modified":"2025-09-29T21:32:47","modified_gmt":"2025-09-30T00:32:47","slug":"testo-90-caps","status":"publish","type":"product","link":"https:\/\/gymupstore.cl\/index.php\/producto\/testo-90-caps\/","title":{"rendered":"Pro-Hormonal Test-O | 90 caps"},"content":{"rendered":"<p>Especialmente formulado para toda persona que quiera potenciar y acelerar su proceso de recuperaci\u00f3n, mejorar su bienestar y aumentar sus niveles de testosterona. Su contenido de arginina ayuda a la producci\u00f3n de \u00f3xido n\u00edtrico que a trav\u00e9s de la vasodilataci\u00f3n arterial, mejora la irrigaci\u00f3n sangu\u00ednea de tu musculatura aportando ox\u00edgeno y nutrientes favoreciendo una adecuada recuperaci\u00f3n, la presencia de Tongkat Ali (Eurycoma longifolia) elemento que ha sido descrito que puede disminuir los niveles de cortisol y aumentar los niveles de testosterona generando un inmejorable ambiente de anabolismo potenciando la sensaci\u00f3n de bienestar tras cada entrenamiento, escenario ideal para cada persona que entrena y sobre todo para deportistas.<\/p>\n<div>\n<h4><strong>\u00bfPara qu\u00e9 sirve?<\/strong><\/h4>\n<p>Todos aquellos atletas que necesiten adaptarse a las condiciones m\u00e1s extremas de entrenamiento, stress y aumentar los niveles de testosterona.<\/p>\n<\/div>\n<div>\n<h4><strong>\u00bfQui\u00e9n debe tomarlo?<\/strong><\/h4>\n<p>Formulado especialmente para generar un incremento en el \u00d3xido N\u00edtrico, oxigenaci\u00f3n e irrigaci\u00f3n sangu\u00ednea. Aumento del volumen y fuerza muscular.<\/p>\n<\/div>\n<div>\n<h4><strong>Modo de uso<\/strong><\/h4>\n<p>Consumir 3 c\u00e1psulas antes de dormir o lo prescrito por tu nutricionista.<\/p>\n<\/div>\n","protected":false},"excerpt":{"rendered":"<ul>\n<li>Potenciar y acelerar su proceso de recuperaci\u00f3n<\/li>\n<li>Fuerza muscular<\/li>\n<li>Mejorar tu bienestar<\/li>\n<li>Aumentar los niveles de testosterona<\/li>\n<li>Disminuir los niveles de cortisol<\/li>\n<li>Vasodilatador<\/li>\n<\/ul>\n","protected":false},"featured_media":4908,"comment_status":"open","ping_status":"closed","template":"","meta":[],"location":[495],"product_cat":[31,161],"product_tag":[],"locations":[{"id":495,"name":"PMC","slug":"gymupstore-pmc","quantity":"1"}],"_links":{"self":[{"href":"https:\/\/gymupstore.cl\/index.php\/wp-json\/wp\/v2\/product\/4907"}],"collection":[{"href":"https:\/\/gymupstore.cl\/index.php\/wp-json\/wp\/v2\/product"}],"about":[{"href":"https:\/\/gymupstore.cl\/index.php\/wp-json\/wp\/v2\/types\/product"}],"replies":[{"embeddable":true,"href":"https:\/\/gymupstore.cl\/index.php\/wp-json\/wp\/v2\/comments?post=4907"}],"wp:featuredmedia":[{"embeddable":true,"href":"https:\/\/gymupstore.cl\/index.php\/wp-json\/wp\/v2\/media\/4908"}],"wp:attachment":[{"href":"https:\/\/gymupstore.cl\/index.php\/wp-json\/wp\/v2\/media?parent=4907"}],"wp:term":[{"taxonomy":"location","embeddable":true,"href":"https:\/\/gymupstore.cl\/index.php\/wp-json\/wp\/v2\/location?post=4907"},{"taxonomy":"product_cat","embeddable":true,"href":"https:\/\/gymupstore.cl\/index.php\/wp-json\/wp\/v2\/product_cat?post=4907"},{"taxonomy":"product_tag","embeddable":true,"href":"https:\/\/gymupstore.cl\/index.php\/wp-json\/wp\/v2\/product_tag?post=4907"}],"curies":[{"name":"wp","href":"https:\/\/api.w.org\/{rel}","templated":true}]}}