{"id":4745,"date":"2020-09-23T03:18:56","date_gmt":"2020-09-23T03:18:56","guid":{"rendered":"https:\/\/gymupstore.cl\/?post_type=product&#038;p=4745"},"modified":"2025-07-22T22:20:25","modified_gmt":"2025-07-23T01:20:25","slug":"barrita-whey-protein-bar-60-gr","status":"publish","type":"product","link":"https:\/\/gymupstore.cl\/index.php\/producto\/barrita-whey-protein-bar-60-gr\/","title":{"rendered":"Whey Protein Bar Revitta 45-60 gr | Variedades"},"content":{"rendered":"<div>\n<p>La prote\u00edna de suero de leche (Whey) es un producto de alta calidad nutricional, rico en prote\u00ednas y amino\u00e1cidos ramificados. La selecci\u00f3n de ingredientes y su especial formulaci\u00f3n favorecen una r\u00e1pida absorci\u00f3n y utilizaci\u00f3n proteica, lo que sumado al alto contenido de amino\u00e1cidos de cadena ramificada (esenciales) que contiene, acelera la recuperaci\u00f3n muscular posterior al entrenamiento en aquellas personas que entrenan de manera tanto recreativa como profesional.<\/p>\n<h4><strong>\u00bfPara qu\u00e9 sirve?<\/strong><\/h4>\n<p>Toda persona que busque r\u00e1pida recuperaci\u00f3n muscular o mejorar su dieta con un producto natural, de alta calidad nutritiva y de f\u00e1cil absorci\u00f3n.<\/p>\n<\/div>\n<div>\n<h4><strong>\u00bfQui\u00e9n debe tomarlo?<\/strong><\/h4>\n<p>Persona o deportista que busca una m\u00e1xima recuperaci\u00f3n muscular despu\u00e9s del ejercicio o busquen complementar una alimentaci\u00f3n sana y balanceada.<\/p>\n<\/div>\n<div>\n<h4><strong>Modo de uso<\/strong><\/h4>\n<p>Consumir 1 barrita despu\u00e9s del ejercicio o en cualquier momento del d\u00eda (snack).<\/p>\n<\/div>\n","protected":false},"excerpt":{"rendered":"<ul>\n<li>Prote\u00edna de suero de leche (whey)<\/li>\n<li>15 grs. de prote\u00edna<\/li>\n<li>Crispies de quinoa<\/li>\n<li>Sin gluten<\/li>\n<li>Sin az\u00facar a\u00f1adida<\/li>\n<li>Endulzado con d\u00e1tiles<\/li>\n<li>Sin soya<\/li>\n<li>Sin lactosa<\/li>\n<\/ul>\n","protected":false},"featured_media":4749,"comment_status":"open","ping_status":"closed","template":"","meta":[],"location":[495],"product_cat":[182,281,161],"product_tag":[],"locations":[{"id":495,"name":"PMC","slug":"gymupstore-pmc","quantity":"0"}],"_links":{"self":[{"href":"https:\/\/gymupstore.cl\/index.php\/wp-json\/wp\/v2\/product\/4745"}],"collection":[{"href":"https:\/\/gymupstore.cl\/index.php\/wp-json\/wp\/v2\/product"}],"about":[{"href":"https:\/\/gymupstore.cl\/index.php\/wp-json\/wp\/v2\/types\/product"}],"replies":[{"embeddable":true,"href":"https:\/\/gymupstore.cl\/index.php\/wp-json\/wp\/v2\/comments?post=4745"}],"wp:featuredmedia":[{"embeddable":true,"href":"https:\/\/gymupstore.cl\/index.php\/wp-json\/wp\/v2\/media\/4749"}],"wp:attachment":[{"href":"https:\/\/gymupstore.cl\/index.php\/wp-json\/wp\/v2\/media?parent=4745"}],"wp:term":[{"taxonomy":"location","embeddable":true,"href":"https:\/\/gymupstore.cl\/index.php\/wp-json\/wp\/v2\/location?post=4745"},{"taxonomy":"product_cat","embeddable":true,"href":"https:\/\/gymupstore.cl\/index.php\/wp-json\/wp\/v2\/product_cat?post=4745"},{"taxonomy":"product_tag","embeddable":true,"href":"https:\/\/gymupstore.cl\/index.php\/wp-json\/wp\/v2\/product_tag?post=4745"}],"curies":[{"name":"wp","href":"https:\/\/api.w.org\/{rel}","templated":true}]}}