{"id":4706,"date":"2020-09-21T02:22:53","date_gmt":"2020-09-21T02:22:53","guid":{"rendered":"https:\/\/gymupstore.cl\/?post_type=product&#038;p=4706"},"modified":"2025-01-14T16:32:12","modified_gmt":"2025-01-14T19:32:12","slug":"shaker-monstabolic-blanco-700-ml","status":"publish","type":"product","link":"https:\/\/gymupstore.cl\/index.php\/producto\/shaker-monstabolic-blanco-700-ml\/","title":{"rendered":"Shaker Monstabolic Blanco | 700 ml"},"content":{"rendered":"","protected":false},"excerpt":{"rendered":"<p><strong>Shaker Monstabolic <\/strong>permite mezclar tus bebidas de prote\u00edna o suplemento f\u00e1cil y r\u00e1pidamente.<\/p>\n<p>Mezclador necesario para mezclar su producto en una agradable mezcla ya sea con agua o leche.<\/p>\n<p>S\u00f3lo tiene que a\u00f1adir la prote\u00edna o suplemento en polvo a la botella de la coctelera, a\u00f1adir agua o leche y agitar.<\/p>\n<p>Completamente herm\u00e9tico, con un mezclador en su interior antigrumos y as\u00ed conseguir una perfecta disoluci\u00f3n del batido.<\/p>\n<p>C\u00f3modo y f\u00e1cil de transportar<\/p>\n","protected":false},"featured_media":4705,"comment_status":"open","ping_status":"closed","template":"","meta":[],"location":[495],"product_cat":[34,37],"product_tag":[],"locations":[{"id":495,"name":"PMC","slug":"gymupstore-pmc","quantity":"1"}],"_links":{"self":[{"href":"https:\/\/gymupstore.cl\/index.php\/wp-json\/wp\/v2\/product\/4706"}],"collection":[{"href":"https:\/\/gymupstore.cl\/index.php\/wp-json\/wp\/v2\/product"}],"about":[{"href":"https:\/\/gymupstore.cl\/index.php\/wp-json\/wp\/v2\/types\/product"}],"replies":[{"embeddable":true,"href":"https:\/\/gymupstore.cl\/index.php\/wp-json\/wp\/v2\/comments?post=4706"}],"wp:featuredmedia":[{"embeddable":true,"href":"https:\/\/gymupstore.cl\/index.php\/wp-json\/wp\/v2\/media\/4705"}],"wp:attachment":[{"href":"https:\/\/gymupstore.cl\/index.php\/wp-json\/wp\/v2\/media?parent=4706"}],"wp:term":[{"taxonomy":"location","embeddable":true,"href":"https:\/\/gymupstore.cl\/index.php\/wp-json\/wp\/v2\/location?post=4706"},{"taxonomy":"product_cat","embeddable":true,"href":"https:\/\/gymupstore.cl\/index.php\/wp-json\/wp\/v2\/product_cat?post=4706"},{"taxonomy":"product_tag","embeddable":true,"href":"https:\/\/gymupstore.cl\/index.php\/wp-json\/wp\/v2\/product_tag?post=4706"}],"curies":[{"name":"wp","href":"https:\/\/api.w.org\/{rel}","templated":true}]}}