{"id":4694,"date":"2020-09-21T01:07:44","date_gmt":"2020-09-21T01:07:44","guid":{"rendered":"https:\/\/gymupstore.cl\/?post_type=product&#038;p=4694"},"modified":"2023-02-06T20:19:47","modified_gmt":"2023-02-06T20:19:47","slug":"bandas-elasticas-con-mangos-at-set-5-unidades","status":"publish","type":"product","link":"https:\/\/gymupstore.cl\/index.php\/producto\/bandas-elasticas-con-mangos-at-set-5-unidades\/","title":{"rendered":"Bandas El\u00e1sticas con Mangos AT | Set 5 Unidades"},"content":{"rendered":"<h4 class=\"LC20lb\">SET DE BANDAS EL\u00c1STICAS TUBULARES CON MANGOS DE AGARRE<\/h4>\n<ul>\n<li>Usa las 5 bandas el\u00e1sticas juntas o separadas para dar distinto nivel a tu entrenamiento<\/li>\n<li>Entrena y aumenta tu fuerza muscular<\/li>\n<li>Realiza ejercicios en grupos musculares espec\u00edficos<\/li>\n<li>Tonifica tu cuerpo<\/li>\n<li>Perfecto para Crossfit ,Yoga Pilates, Fitness y para entrenamientos en casa<\/li>\n<li>Banda el\u00e1stica tubular es de alta calidad, \u00fasala f\u00e1cilmente en cualquier lugar<\/li>\n<\/ul>\n<p>Bandas Multifuncionales para ejercitar todo tu cuerpo, \u00fasalas desde la comodidad de tu hogar. Fabricadas en Goma de Alta durabilidad y diferentes resistencias, con mangos cubiertos de espuma para una cuidar tus mano, ademas\u00a0 incluye unas bandas de nylon para tobillos, y un soporte de anclaje puerta para fijar las bandas en la puerta.<\/p>\n<p>Todo en un solo set.<\/p>\n","protected":false},"excerpt":{"rendered":"<p>Negro 18kg<br \/>\nAzul 11,3kg<br \/>\nVerde 9kg<br \/>\nRojo 6,8kg<br \/>\nAmarillo 4,5kg<\/p>\n","protected":false},"featured_media":4695,"comment_status":"open","ping_status":"closed","template":"","meta":[],"location":[495],"product_cat":[440,34,153],"product_tag":[],"locations":[{"id":495,"name":"PMC","slug":"gymupstore-pmc","quantity":"1"}],"_links":{"self":[{"href":"https:\/\/gymupstore.cl\/index.php\/wp-json\/wp\/v2\/product\/4694"}],"collection":[{"href":"https:\/\/gymupstore.cl\/index.php\/wp-json\/wp\/v2\/product"}],"about":[{"href":"https:\/\/gymupstore.cl\/index.php\/wp-json\/wp\/v2\/types\/product"}],"replies":[{"embeddable":true,"href":"https:\/\/gymupstore.cl\/index.php\/wp-json\/wp\/v2\/comments?post=4694"}],"wp:featuredmedia":[{"embeddable":true,"href":"https:\/\/gymupstore.cl\/index.php\/wp-json\/wp\/v2\/media\/4695"}],"wp:attachment":[{"href":"https:\/\/gymupstore.cl\/index.php\/wp-json\/wp\/v2\/media?parent=4694"}],"wp:term":[{"taxonomy":"location","embeddable":true,"href":"https:\/\/gymupstore.cl\/index.php\/wp-json\/wp\/v2\/location?post=4694"},{"taxonomy":"product_cat","embeddable":true,"href":"https:\/\/gymupstore.cl\/index.php\/wp-json\/wp\/v2\/product_cat?post=4694"},{"taxonomy":"product_tag","embeddable":true,"href":"https:\/\/gymupstore.cl\/index.php\/wp-json\/wp\/v2\/product_tag?post=4694"}],"curies":[{"name":"wp","href":"https:\/\/api.w.org\/{rel}","templated":true}]}}