{"id":4604,"date":"2020-09-02T02:53:56","date_gmt":"2020-09-02T02:53:56","guid":{"rendered":"https:\/\/gymupstore.cl\/?post_type=product&#038;p=4604"},"modified":"2022-03-25T20:04:47","modified_gmt":"2022-03-25T20:04:47","slug":"bandas-elasticas-set-5-unidades","status":"publish","type":"product","link":"https:\/\/gymupstore.cl\/index.php\/producto\/bandas-elasticas-set-5-unidades\/","title":{"rendered":"Bandas El\u00e1sticas | Set 5 Unidades"},"content":{"rendered":"<ul>\n<li>\n<p data-spm-anchor-id=\"a2g0o.detail.1000023.i1.22e0454fWWm7WV\"><span data-spm-anchor-id=\"a2g0o.detail.1000023.i2.22e0454fWWm7WV\">Seguro y duradero: Hecho de l\u00e1tex natural 100%, no t\u00f3xico y libre de olores y tambi\u00e9n el\u00e1stico y duradero.<\/span><\/p>\n<\/li>\n<li>\n<p data-spm-anchor-id=\"a2g0o.detail.1000023.i1.22e0454fWWm7WV\">Multifuncional: perfecto para fitness, modelado del cuerpo, p\u00e9rdida de peso, entrenamiento de resistencia, entrenamiento de fuerza, recuperaci\u00f3n posparto, rehabilitaci\u00f3n de lesiones y m\u00e1s.<\/p>\n<\/li>\n<li>\n<p data-spm-anchor-id=\"a2g0o.detail.1000023.i1.22e0454fWWm7WV\">F\u00e1cil de usar: versatilidad y durabilidad excepcionales para cualquier ejercicio; Simplemente cambia tu posici\u00f3n para dirigirte a diferentes m\u00fasculos en brazos, pecho, vientre, gl\u00fateos, piernas, da forma a cada aspecto de tu cuerpo y mejora cada aspecto de tu salud.<\/p>\n<\/li>\n<li>\n<p data-spm-anchor-id=\"a2g0o.detail.1000023.i1.22e0454fWWm7WV\">Beneficios adicionales: 5 niveles de resistencia para personalizar f\u00e1cilmente la intensidad de tu entrenamiento; Adecuado para atletas experimentados o solo principiantes para entrenamiento f\u00edsico.<\/p>\n<\/li>\n<\/ul>\n","protected":false},"excerpt":{"rendered":"<h4>Set 5 unidades diferentes resistencias + Bolsa para transportar<\/h4>\n","protected":false},"featured_media":4711,"comment_status":"open","ping_status":"closed","template":"","meta":[],"location":[495],"product_cat":[168,34],"product_tag":[],"locations":[{"id":495,"name":"PMC","slug":"gymupstore-pmc","quantity":"0"}],"_links":{"self":[{"href":"https:\/\/gymupstore.cl\/index.php\/wp-json\/wp\/v2\/product\/4604"}],"collection":[{"href":"https:\/\/gymupstore.cl\/index.php\/wp-json\/wp\/v2\/product"}],"about":[{"href":"https:\/\/gymupstore.cl\/index.php\/wp-json\/wp\/v2\/types\/product"}],"replies":[{"embeddable":true,"href":"https:\/\/gymupstore.cl\/index.php\/wp-json\/wp\/v2\/comments?post=4604"}],"wp:featuredmedia":[{"embeddable":true,"href":"https:\/\/gymupstore.cl\/index.php\/wp-json\/wp\/v2\/media\/4711"}],"wp:attachment":[{"href":"https:\/\/gymupstore.cl\/index.php\/wp-json\/wp\/v2\/media?parent=4604"}],"wp:term":[{"taxonomy":"location","embeddable":true,"href":"https:\/\/gymupstore.cl\/index.php\/wp-json\/wp\/v2\/location?post=4604"},{"taxonomy":"product_cat","embeddable":true,"href":"https:\/\/gymupstore.cl\/index.php\/wp-json\/wp\/v2\/product_cat?post=4604"},{"taxonomy":"product_tag","embeddable":true,"href":"https:\/\/gymupstore.cl\/index.php\/wp-json\/wp\/v2\/product_tag?post=4604"}],"curies":[{"name":"wp","href":"https:\/\/api.w.org\/{rel}","templated":true}]}}