{"id":4409,"date":"2020-08-06T04:57:09","date_gmt":"2020-08-06T04:57:09","guid":{"rendered":"https:\/\/gymupstore.cl\/?post_type=product&#038;p=4409"},"modified":"2024-08-01T17:44:40","modified_gmt":"2024-08-01T20:44:40","slug":"cafeina-250-mg-chronos-120-caps","status":"publish","type":"product","link":"https:\/\/gymupstore.cl\/index.php\/producto\/cafeina-250-mg-chronos-120-caps\/","title":{"rendered":"Cafe\u00edna Chronos 250 mg | 120 caps"},"content":{"rendered":"<p>Chronos es un suplemento en base a cafe\u00edna anhidra, la cual es un estimulante del Sistema Nervioso Central, su principal funci\u00f3n en nuestro organismo es mantener un estado de alerta, lo que ayuda a las tareas cognitivas y f\u00edsicas como por ejemplo el entrenamiento. Ayuda a mejorar los niveles de concentraci\u00f3n, y de activaci\u00f3n neuromuscular lo que permite mantener elevados niveles de intensidad de trabajo f\u00edsico por m\u00e1s tiempo, ayudando a ejecutar de manera m\u00e1s eficiente o por m\u00e1s tiempo los trabajos f\u00edsicos de predominancia aer\u00f3bica. Por el est\u00edmulo hormonal que provoca, facilita la liberaci\u00f3n de \u00e1cidos grasos de sus dep\u00f3sitos para ser utilizados como energ\u00eda durante el entrenamiento. Por estas razones es un suplemento ideal para personas que realizan trabajos que requieran una activaci\u00f3n previa o en aquellas personas que ejecutan entrenamientos de larga duraci\u00f3n. La prescripci\u00f3n de este suplemento debe ser realizada por un profesional responsable.<\/p>\n<div>\n<div>\n<h4><strong>\u00bfPara qu\u00e9 sirve?<\/strong><\/h4>\n<p>Es un potente estimulante del sistema nervioso central, uno de sus efectos m\u00e1s notorios es el estado de alerta y concentraci\u00f3n.<\/p>\n<\/div>\n<div>\n<h4><strong>\u00bfQui\u00e9n debe tomarlo?<\/strong><\/h4>\n<p>Todo deportista que quiera llevar al m\u00e1ximo su nivel de entrenamiento. Adem\u00e1s tiene un efecto lipol\u00edtico que permite la liberaci\u00f3n de \u00e1cidos grasos para que puedan ser ocupados como fuente de energ\u00eda.<\/p>\n<\/div>\n<div>\n<h4><strong>Modo de uso<\/strong><\/h4>\n<p>Consumir 1 c\u00e1psulas 30 minutos antes del entrenamiento o lo prescrito por tu nutricionista. Dosis m\u00e1xima recomendada diaria es de 500 mg.<\/p>\n<\/div>\n<\/div>\n","protected":false},"excerpt":{"rendered":"<ul>\n<li>Cada c\u00e1psula contiene 250 mg de cafe\u00edna anhidra<\/li>\n<li>Estimulante<\/li>\n<li>Acelera el metabolismo<\/li>\n<li>Mejora los niveles de concentraci\u00f3n<\/li>\n<li>Termog\u00e9nico<\/li>\n<\/ul>\n","protected":false},"featured_media":5906,"comment_status":"open","ping_status":"closed","template":"","meta":[],"location":[495],"product_cat":[28,27,161],"product_tag":[],"locations":[{"id":495,"name":"PMC","slug":"gymupstore-pmc","quantity":"2"}],"_links":{"self":[{"href":"https:\/\/gymupstore.cl\/index.php\/wp-json\/wp\/v2\/product\/4409"}],"collection":[{"href":"https:\/\/gymupstore.cl\/index.php\/wp-json\/wp\/v2\/product"}],"about":[{"href":"https:\/\/gymupstore.cl\/index.php\/wp-json\/wp\/v2\/types\/product"}],"replies":[{"embeddable":true,"href":"https:\/\/gymupstore.cl\/index.php\/wp-json\/wp\/v2\/comments?post=4409"}],"wp:featuredmedia":[{"embeddable":true,"href":"https:\/\/gymupstore.cl\/index.php\/wp-json\/wp\/v2\/media\/5906"}],"wp:attachment":[{"href":"https:\/\/gymupstore.cl\/index.php\/wp-json\/wp\/v2\/media?parent=4409"}],"wp:term":[{"taxonomy":"location","embeddable":true,"href":"https:\/\/gymupstore.cl\/index.php\/wp-json\/wp\/v2\/location?post=4409"},{"taxonomy":"product_cat","embeddable":true,"href":"https:\/\/gymupstore.cl\/index.php\/wp-json\/wp\/v2\/product_cat?post=4409"},{"taxonomy":"product_tag","embeddable":true,"href":"https:\/\/gymupstore.cl\/index.php\/wp-json\/wp\/v2\/product_tag?post=4409"}],"curies":[{"name":"wp","href":"https:\/\/api.w.org\/{rel}","templated":true}]}}