{"id":4403,"date":"2020-08-06T04:31:25","date_gmt":"2020-08-06T07:31:25","guid":{"rendered":"https:\/\/gymupstore.cl\/?post_type=product&#038;p=4403"},"modified":"2025-09-01T21:25:44","modified_gmt":"2025-09-02T00:25:44","slug":"te-matcha-japones-en-polvo-200-gr-100-servicios","status":"publish","type":"product","link":"https:\/\/gymupstore.cl\/index.php\/producto\/te-matcha-japones-en-polvo-200-gr-100-servicios\/","title":{"rendered":"T\u00e9 Matcha Japon\u00e9s Org\u00e1nico en Polvo | 200 gr (100 servicios)"},"content":{"rendered":"<p>Matcha Japon\u00e9s 200gr en polvo de Revitta Wellness, es una variedad de t\u00e9 verde. Su excepcional popularidad se debe a los altos nivel de antioxidantes sumado a un intenso sabor y un brillante color verde que embellece cualquier preparaci\u00f3n.<\/p>\n<p>Este popular polvo calma y relaja, mejora nuestro estado de \u00e1nimo y ayuda en la concentraci\u00f3n, es rico en L-teanina un amino\u00e1cido que promueve un estado de relajaci\u00f3n y bienestar. Relaja sin dar somnolencia y da energ\u00eda sin agotar.<\/p>\n<p>Matcha Japon\u00e9s 200gr de Revitta Wellness es un polvo fino de color verde que provienen de un largo proceso de selecci\u00f3n de hojas secas, que se limpian y luego se muelen para obtener el polvo del Matcha.<\/p>\n<p>Nuestro Matcha es de origen Japones, donde tiene mayor popularidad por su uso ceremonial.<\/p>\n<p>Este incre\u00edble polvo m\u00e1gico, se utiliza para favorecer la relajaci\u00f3n, pero sin causar sue\u00f1o o somnolencia, por lo tanto te otorga un estado de \u201calerta-pasiva\u201d, gracias a su contenido de L-teanina (amino\u00e1cido), el cual es un energizante mucho mas potente que la cafe\u00edna, que te brindara toda la vitalidad que necesitas.<\/p>\n<h4>Aporte de vitaminas y minerales entre otros<\/h4>\n<p>Matcha de Revitta Wellness tambi\u00e9n te aporta Vitamina A, Vitamina C, Calcio, Zinc, Magnesio, Hierro y otros componentes, que en conjunto lo convierten en una excelente fuente de antioxidantes para el organismo, adem\u00e1s es una buena fuente de fibra. Ayuda a fortalecer el sistema inmune y tambi\u00e9n a regular el az\u00facar en la sangre.<\/p>\n<p>Este superalimento es 70 veces mas antioxidante que la naranja y posee 9 veces mas betacaroteno que la espinaca, es una excelente alternativa para nutrir tu cuerpo y cuidarlo de adentro hacia fuera.<\/p>\n","protected":false},"excerpt":{"rendered":"<ul>\n<li>Mejora nuestro estado de \u00e1nimo<\/li>\n<li>Antioxidante<\/li>\n<li>Ayuda a la concentraci\u00f3n<\/li>\n<li>Promueve un estado de relajaci\u00f3n y bienestar<\/li>\n<\/ul>\n","protected":false},"featured_media":10872,"comment_status":"open","ping_status":"closed","template":"","meta":[],"location":[495],"product_cat":[182,32,161],"product_tag":[],"locations":[{"id":495,"name":"PMC","slug":"gymupstore-pmc","quantity":"2"}],"_links":{"self":[{"href":"https:\/\/gymupstore.cl\/index.php\/wp-json\/wp\/v2\/product\/4403"}],"collection":[{"href":"https:\/\/gymupstore.cl\/index.php\/wp-json\/wp\/v2\/product"}],"about":[{"href":"https:\/\/gymupstore.cl\/index.php\/wp-json\/wp\/v2\/types\/product"}],"replies":[{"embeddable":true,"href":"https:\/\/gymupstore.cl\/index.php\/wp-json\/wp\/v2\/comments?post=4403"}],"wp:featuredmedia":[{"embeddable":true,"href":"https:\/\/gymupstore.cl\/index.php\/wp-json\/wp\/v2\/media\/10872"}],"wp:attachment":[{"href":"https:\/\/gymupstore.cl\/index.php\/wp-json\/wp\/v2\/media?parent=4403"}],"wp:term":[{"taxonomy":"location","embeddable":true,"href":"https:\/\/gymupstore.cl\/index.php\/wp-json\/wp\/v2\/location?post=4403"},{"taxonomy":"product_cat","embeddable":true,"href":"https:\/\/gymupstore.cl\/index.php\/wp-json\/wp\/v2\/product_cat?post=4403"},{"taxonomy":"product_tag","embeddable":true,"href":"https:\/\/gymupstore.cl\/index.php\/wp-json\/wp\/v2\/product_tag?post=4403"}],"curies":[{"name":"wp","href":"https:\/\/api.w.org\/{rel}","templated":true}]}}