{"id":4174,"date":"2020-06-10T00:57:56","date_gmt":"2020-06-10T00:57:56","guid":{"rendered":"https:\/\/gymupstore.cl\/?post_type=product&#038;p=4174"},"modified":"2026-04-23T02:19:34","modified_gmt":"2026-04-23T05:19:34","slug":"whey-gold-standard-5-lbs-73-servicios","status":"publish","type":"product","link":"https:\/\/gymupstore.cl\/index.php\/producto\/whey-gold-standard-5-lbs-73-servicios\/","title":{"rendered":"100% Whey Gold Standard | 5 lbs (73 servicios)"},"content":{"rendered":"<p>Contribuye a la protecci\u00f3n, recuperaci\u00f3n y reconstrucci\u00f3n de las fibras musculares despu\u00e9s de la pr\u00e1ctica deportiva. Contiene 100% prote\u00edna aislada de suero, es hidrolizada y posee una alta concentraci\u00f3n de amino\u00e1cidos ramificados y glutamina. Adem\u00e1s su formulaci\u00f3n incorpora enzimas digestivas, lo que contribuye a mejorar su absorci\u00f3n. La imagen del shaker es referencial y puede tener variaciones.<\/p>\n<p>Diluir una porci\u00f3n (scoop al interior) en 200ml de agua. Consumir 1 a 3 veces al d\u00eda.<\/p>\n","protected":false},"excerpt":{"rendered":"<ul>\n<li>Ayuda a mejorar la recuperaci\u00f3n muscular<\/li>\n<li>Contribuye al aumento de masa muscular<\/li>\n<li>\u00datil para complementar dietas hipocal\u00f3ricas<\/li>\n<li>24g de prote\u00edna por porci\u00f3n<\/li>\n<li>S\u00f3lo 1g de grasa y 2g de carbohidratos por porci\u00f3n<\/li>\n<\/ul>\n","protected":false},"featured_media":13943,"comment_status":"open","ping_status":"closed","template":"","meta":[],"location":[495],"product_cat":[98,25,579],"product_tag":[],"locations":[{"id":495,"name":"PMC","slug":"gymupstore-pmc","quantity":"0"}],"_links":{"self":[{"href":"https:\/\/gymupstore.cl\/index.php\/wp-json\/wp\/v2\/product\/4174"}],"collection":[{"href":"https:\/\/gymupstore.cl\/index.php\/wp-json\/wp\/v2\/product"}],"about":[{"href":"https:\/\/gymupstore.cl\/index.php\/wp-json\/wp\/v2\/types\/product"}],"replies":[{"embeddable":true,"href":"https:\/\/gymupstore.cl\/index.php\/wp-json\/wp\/v2\/comments?post=4174"}],"wp:featuredmedia":[{"embeddable":true,"href":"https:\/\/gymupstore.cl\/index.php\/wp-json\/wp\/v2\/media\/13943"}],"wp:attachment":[{"href":"https:\/\/gymupstore.cl\/index.php\/wp-json\/wp\/v2\/media?parent=4174"}],"wp:term":[{"taxonomy":"location","embeddable":true,"href":"https:\/\/gymupstore.cl\/index.php\/wp-json\/wp\/v2\/location?post=4174"},{"taxonomy":"product_cat","embeddable":true,"href":"https:\/\/gymupstore.cl\/index.php\/wp-json\/wp\/v2\/product_cat?post=4174"},{"taxonomy":"product_tag","embeddable":true,"href":"https:\/\/gymupstore.cl\/index.php\/wp-json\/wp\/v2\/product_tag?post=4174"}],"curies":[{"name":"wp","href":"https:\/\/api.w.org\/{rel}","templated":true}]}}