{"id":4055,"date":"2020-05-20T02:41:02","date_gmt":"2020-05-20T05:41:02","guid":{"rendered":"https:\/\/gymupstore.cl\/?post_type=product&#038;p=4055"},"modified":"2026-03-31T21:43:41","modified_gmt":"2026-04-01T00:43:41","slug":"prostar-100-whey-528-lbs-80-servicios","status":"publish","type":"product","link":"https:\/\/gymupstore.cl\/index.php\/producto\/prostar-100-whey-528-lbs-80-servicios\/","title":{"rendered":"Prostar 100% Whey | 5,28 lbs (80 servicios)"},"content":{"rendered":"<p><strong>PROSTAR WHEY\u00a0<\/strong>es ideal para todos aquellos deportistas que realizan ejercicios de alta intensidad, ya sea de corta o larga duraci\u00f3n. Esta prote\u00edna tiene un amplio rango de uso, apoyando un desarrollo muscular desde deportistas profesionales hasta personas que realizan actividad f\u00edsica de forma ocasional. Tambi\u00e9n puede ser utilizada como un apoyo saludable para ayudar a evitar el catabolismo muscular en personas de edad avanzada.<\/p>\n<h4><strong>PRECAUCIONES<\/strong><\/h4>\n<p>No recomendable para menores de 15 a\u00f1os, en embarazo, ni lactancia. Personas al\u00e9rgicas a la leche, soya y fenilceton\u00faricos.<\/p>\n<h4><strong>MODO DE USO PROSTAR<\/strong><\/h4>\n<p>Mezclar 1 scoop con 240 ml de agua o leche y tomar 1 a 3 veces al d\u00eda. Para un mejor resultado, consumir antes y despu\u00e9s del entrenamiento.<br \/>\nConsejos para una mejor recuperaci\u00f3n y control del peso: Un 1 scoop, una vez al d\u00eda despu\u00e9s del ejercicio.<\/p>\n","protected":false},"excerpt":{"rendered":"<ul>\n<li>Ayuda a aumentar la masa muscular y la recuperaci\u00f3n\u200b despu\u00e9s del ejercicio.<\/li>\n<li>25 g de prote\u00edna por porci\u00f3n<\/li>\n<li>6 g de BCAA<\/li>\n<li>Baja en grasas.<\/li>\n<li>Insuperable Sabor.<\/li>\n<li>Es de f\u00e1cil y r\u00e1pida disoluci\u00f3n.<\/li>\n<\/ul>\n","protected":false},"featured_media":4059,"comment_status":"open","ping_status":"closed","template":"","meta":[],"location":[495],"product_cat":[25,191,579],"product_tag":[],"locations":[{"id":495,"name":"PMC","slug":"gymupstore-pmc","quantity":"0"}],"_links":{"self":[{"href":"https:\/\/gymupstore.cl\/index.php\/wp-json\/wp\/v2\/product\/4055"}],"collection":[{"href":"https:\/\/gymupstore.cl\/index.php\/wp-json\/wp\/v2\/product"}],"about":[{"href":"https:\/\/gymupstore.cl\/index.php\/wp-json\/wp\/v2\/types\/product"}],"replies":[{"embeddable":true,"href":"https:\/\/gymupstore.cl\/index.php\/wp-json\/wp\/v2\/comments?post=4055"}],"wp:featuredmedia":[{"embeddable":true,"href":"https:\/\/gymupstore.cl\/index.php\/wp-json\/wp\/v2\/media\/4059"}],"wp:attachment":[{"href":"https:\/\/gymupstore.cl\/index.php\/wp-json\/wp\/v2\/media?parent=4055"}],"wp:term":[{"taxonomy":"location","embeddable":true,"href":"https:\/\/gymupstore.cl\/index.php\/wp-json\/wp\/v2\/location?post=4055"},{"taxonomy":"product_cat","embeddable":true,"href":"https:\/\/gymupstore.cl\/index.php\/wp-json\/wp\/v2\/product_cat?post=4055"},{"taxonomy":"product_tag","embeddable":true,"href":"https:\/\/gymupstore.cl\/index.php\/wp-json\/wp\/v2\/product_tag?post=4055"}],"curies":[{"name":"wp","href":"https:\/\/api.w.org\/{rel}","templated":true}]}}