{"id":3936,"date":"2020-05-14T21:41:19","date_gmt":"2020-05-14T21:41:19","guid":{"rendered":"https:\/\/gymupstore.cl\/?post_type=product&#038;p=3936"},"modified":"2026-03-27T20:44:57","modified_gmt":"2026-03-27T23:44:57","slug":"iso-win-44-lbs-60-servicios","status":"publish","type":"product","link":"https:\/\/gymupstore.cl\/index.php\/producto\/iso-win-44-lbs-60-servicios\/","title":{"rendered":"Prote\u00edna Hidrolizada Iso Win 2 kg | 4,4 lbs (67 servicios)"},"content":{"rendered":"<p>Prote\u00edna hidrolizada Iso Win 2 kg. 67 servicios es un suplemento de prote\u00edna que proviene del suero de leche (whey). Se utiliza para aumento de fuerza, recuperaci\u00f3n y regeneraci\u00f3n muscular. Posee un aporte de 26,2 grs. de prote\u00edna por porci\u00f3n, aporte de leucina, BCAAs y se encuentra en su estado m\u00e1s puro y f\u00e1cil de digerir (hidrolizada y aislada). La Prote\u00edna ISO WIN de Winkler Nutrition corresponde a una prote\u00edna aislada, esto quiere decir que es una prote\u00edna libre de excipientes lo que le entrega una pureza del 90 %. Adem\u00e1s, es hidrolizada, esto quiere decir que se hidroliza la prote\u00edna a su tama\u00f1o molecular mas peque\u00f1o para tener una mejor absorci\u00f3n a nivel gastrointestinal.<\/p>\n<h2>\u00bfQu\u00e9 significa que sea una prote\u00edna Aislada?<\/h2>\n<p>Significa que la prote\u00edna ha sido sometida a un proceso para que se genere una mayor proporci\u00f3n de prote\u00ednas (26,2 g prote\u00edna por porci\u00f3n), por lo que se reduce significativamente el contenido de grasas y de carbohidratos.<\/p>\n<h2>\u00bfQu\u00e9 significa que se encuentre hidrolizada?<\/h2>\n<p>Significa que la prote\u00edna va a pasar por un proceso de hidr\u00f3lisis para que queden mol\u00e9culas m\u00e1s peque\u00f1as y as\u00ed se puedan absorber de mejor manera, vienen pre digeridas, esto quiere decir que se desintegran parcialmente en partes m\u00e1s peque\u00f1as (p\u00e9ptidos) para que se absorban e ingresen al organismo m\u00e1s r\u00e1pida y f\u00e1cilmente. La prote\u00edna ISO WIN es una prote\u00edna que cumple con estas dos caracter\u00edsticas por lo que es una prote\u00edna de muy r\u00e1pida absorci\u00f3n y excelente calidad.<\/p>\n<p>Otra de sus beneficios es que posee un alto aporte de prote\u00edna por porci\u00f3n (26,2 g), elevado aporte de Leucina 2.700 mg (amino\u00e1cido encargado de la hipertrofia muscular) y aporta BCAAS 5,9 g (amino\u00e1cidos de cadena ramificada).<\/p>\n<p>Otra de sus propiedades es que es apto para personas intolerantes a la lactosa debido a que tiene a\u00f1adida la enzima lactasa. Todas estas cualidades llevan a la prote\u00edna ISO WIN a ser un excelente aporte para la regeneraci\u00f3n y recuperaci\u00f3n muscular, le entregan una calidad muy alta y hace que sea de una digesti\u00f3n facilitada.<\/p>\n<h2>\u00bfCu\u00e1ndo y como consumirla?<\/h2>\n<p>Idealmente debes consumir 1 scoop en 250 ml de agua. Puedes consumirlo justo despu\u00e9s de entrenar o en alguna colaci\u00f3n entre desayuno \u2013 almuerzo (colaci\u00f3n AM) o una colaci\u00f3n de la tarde (entre almuerzo y cena), siempre teniendo en consideraci\u00f3n que con este aporte de prote\u00edna llegar\u00e1s a tu requerimiento diario estimado seg\u00fan tu peso corporal (1,8 \u2013 2 g prote\u00edna\/kg en personas f\u00edsicamente activas).<\/p>\n<p>Es importante mencionar que el uso de suplementaci\u00f3n de prote\u00edna est\u00e1 catalogado en categor\u00eda A por el instituto australiano del deporte (AIS), esto quiere decir que cuenta con un apoyo cient\u00edfico s\u00f3lido basado en la evidencia.<\/p>\n<p>Si eres deportista y quieres suplementar o complementar tu alimentaci\u00f3n con el consumo de prote\u00edna, ISO WIN de Winkler Nutrition es una excelente opci\u00f3n para lograr tus objetivos.<\/p>\n","protected":false},"excerpt":{"rendered":"<ul>\n<li>26,2 grs. de prote\u00edna aislada 100% hidrolizada por porci\u00f3n<\/li>\n<li>5.900 mg de BCAAs por servicio<\/li>\n<li>2.700 mg de Leucina por porci\u00f3n<\/li>\n<li>F\u00e1cil de digerir<\/li>\n<li>Crecimiento muscular magro<\/li>\n<li>R\u00e1pida absorci\u00f3n<\/li>\n<li>0% grasa y 0% carbohidratos<\/li>\n<li>Con adici\u00f3n de Enzima lactasa<\/li>\n<\/ul>\n<p>Formato: Polvo<\/p>\n<p>Sabores: Chocolate y Vainilla<\/p>\n<p>Contenido: 1 kg.<\/p>\n<p>Porciones: 33<\/p>\n<p>Modo de uso: Consumir 1 scoop en 250 ml de agua o leche o lo prescrito por tu nutricionista.<\/p>\n","protected":false},"featured_media":9608,"comment_status":"open","ping_status":"closed","template":"","meta":[],"location":[495],"product_cat":[25,579,161],"product_tag":[],"locations":[{"id":495,"name":"PMC","slug":"gymupstore-pmc","quantity":"0"}],"_links":{"self":[{"href":"https:\/\/gymupstore.cl\/index.php\/wp-json\/wp\/v2\/product\/3936"}],"collection":[{"href":"https:\/\/gymupstore.cl\/index.php\/wp-json\/wp\/v2\/product"}],"about":[{"href":"https:\/\/gymupstore.cl\/index.php\/wp-json\/wp\/v2\/types\/product"}],"replies":[{"embeddable":true,"href":"https:\/\/gymupstore.cl\/index.php\/wp-json\/wp\/v2\/comments?post=3936"}],"wp:featuredmedia":[{"embeddable":true,"href":"https:\/\/gymupstore.cl\/index.php\/wp-json\/wp\/v2\/media\/9608"}],"wp:attachment":[{"href":"https:\/\/gymupstore.cl\/index.php\/wp-json\/wp\/v2\/media?parent=3936"}],"wp:term":[{"taxonomy":"location","embeddable":true,"href":"https:\/\/gymupstore.cl\/index.php\/wp-json\/wp\/v2\/location?post=3936"},{"taxonomy":"product_cat","embeddable":true,"href":"https:\/\/gymupstore.cl\/index.php\/wp-json\/wp\/v2\/product_cat?post=3936"},{"taxonomy":"product_tag","embeddable":true,"href":"https:\/\/gymupstore.cl\/index.php\/wp-json\/wp\/v2\/product_tag?post=3936"}],"curies":[{"name":"wp","href":"https:\/\/api.w.org\/{rel}","templated":true}]}}