{"id":3727,"date":"2020-05-12T17:59:09","date_gmt":"2020-05-12T17:59:09","guid":{"rendered":"https:\/\/gymupstore.cl\/?post_type=product&#038;p=3727"},"modified":"2025-08-13T20:09:34","modified_gmt":"2025-08-13T23:09:34","slug":"polera-manga-corta-ultimate-nutrition-algodon","status":"publish","type":"product","link":"https:\/\/gymupstore.cl\/index.php\/producto\/polera-manga-corta-ultimate-nutrition-algodon\/","title":{"rendered":"Polera Manga Corta Ultimate Nutrition | Algod\u00f3n"},"content":{"rendered":"<p>&nbsp;<\/p>\n<table border=\"0\" cellspacing=\"0\" cellpadding=\"0\" align=\"center\">\n<tbody>\n<tr>\n<td colspan=\"5\">\n<p align=\"center\" data-spm-anchor-id=\"a2g0o.detail.1000023.i2.6ace3551fPBtoY\">Atenci\u00f3n: Este es el tama\u00f1o normal.<\/p>\n<\/td>\n<\/tr>\n<tr>\n<td colspan=\"5\">\n<p align=\"center\" data-spm-anchor-id=\"a2g0o.detail.1000023.i0.6ace3551fPBtoY\">Unidad: cm (1 cm = 0,3937 pulgadas)<\/p>\n<\/td>\n<\/tr>\n<\/tbody>\n<\/table>\n<table border=\"1\" cellspacing=\"0\" cellpadding=\"0\" align=\"left\">\n<tbody>\n<tr>\n<td>\n<p align=\"center\">Tama\u00f1o<\/p>\n<\/td>\n<td>\n<p align=\"center\" data-spm-anchor-id=\"a2g0o.detail.1000023.i1.6ace3551fPBtoY\">Longitud<\/p>\n<\/td>\n<td>\n<p align=\"center\">El pecho<\/p>\n<\/td>\n<td>\n<p align=\"center\">Cintura<\/p>\n<\/td>\n<td>\n<p align=\"center\">Altura<\/p>\n<\/td>\n<\/tr>\n<tr>\n<td>\n<p align=\"center\">S<\/p>\n<\/td>\n<td>\n<p align=\"center\"><span style=\"font-family: times new roman, times, serif;\">68 (cm) x 2 (cm)<\/span><\/p>\n<\/td>\n<td>\n<p align=\"center\"><span style=\"font-family: times new roman, times, serif;\">96 (cm) x 2 (cm)<\/span><\/p>\n<\/td>\n<td>\n<p align=\"center\"><span style=\"font-family: times new roman, times, serif;\">94 (cm) x 2 (cm)<\/span><\/p>\n<\/td>\n<td>\n<p align=\"center\">163 cm-167 cm<\/p>\n<\/td>\n<\/tr>\n<tr>\n<td>\n<p align=\"center\">M<\/p>\n<\/td>\n<td>\n<p align=\"center\"><span style=\"font-family: times new roman, times, serif;\">70 (cm) x 2 (cm)<\/span><\/p>\n<\/td>\n<td>\n<p align=\"center\"><span style=\"font-family: times new roman, times, serif;\">100 (cm) x 2 (cm)<\/span><\/p>\n<\/td>\n<td>\n<p align=\"center\"><span style=\"font-family: times new roman, times, serif;\">98 (cm) x 2 (cm)<\/span><\/p>\n<\/td>\n<td>\n<p align=\"center\">168 cm-173 cm<\/p>\n<\/td>\n<\/tr>\n<tr>\n<td>\n<p align=\"center\">L<\/p>\n<\/td>\n<td>\n<p align=\"center\"><span style=\"font-family: times new roman, times, serif;\">72 (cm) x 2 (cm)<\/span><\/p>\n<\/td>\n<td>\n<p align=\"center\"><span style=\"font-family: times new roman, times, serif;\">104 (cm) x 2 (cm)<\/span><\/p>\n<\/td>\n<td>\n<p align=\"center\"><span style=\"font-family: times new roman, times, serif;\">102 (cm) x 2 (cm)<\/span><\/p>\n<\/td>\n<td>\n<p align=\"center\">174 cm-178 cm<\/p>\n<\/td>\n<\/tr>\n<tr>\n<td>\n<p align=\"center\">XL<\/p>\n<\/td>\n<td>\n<p align=\"center\"><span style=\"font-family: times new roman, times, serif;\">74 (cm) x 2 (cm)<\/span><\/p>\n<\/td>\n<td>\n<p align=\"center\"><span style=\"font-family: times new roman, times, serif;\">108 (cm) x 2 (cm)<\/span><\/p>\n<\/td>\n<td>\n<p align=\"center\"><span style=\"font-family: times new roman, times, serif;\">106 (cm) x 2 (cm)<\/span><\/p>\n<\/td>\n<td>\n<p align=\"center\">179 cm-185 cm<\/p>\n<\/td>\n<\/tr>\n<tr>\n<td colspan=\"5\">1. Permite una diferencia de 1-2cm debido a la medici\u00f3n manual.<\/p>\n<p align=\"left\">2. Ya que los diferentes monitores muestran los colores de forma diferente, el color del art\u00edculo real puede variar ligeramente de las im\u00e1genes anteriores. Gracias por tu comprensi\u00f3n.<\/p>\n<\/td>\n<\/tr>\n<\/tbody>\n<\/table>\n<p>&nbsp;<\/p>\n","protected":false},"excerpt":{"rendered":"<p>&nbsp; Atenci\u00f3n: Este es el tama\u00f1o normal. Unidad: cm (1 [&hellip;]<\/p>\n","protected":false},"featured_media":3730,"comment_status":"open","ping_status":"closed","template":"","meta":[],"location":[495],"product_cat":[33],"product_tag":[],"locations":[{"id":495,"name":"PMC","slug":"gymupstore-pmc","quantity":"0"}],"_links":{"self":[{"href":"https:\/\/gymupstore.cl\/index.php\/wp-json\/wp\/v2\/product\/3727"}],"collection":[{"href":"https:\/\/gymupstore.cl\/index.php\/wp-json\/wp\/v2\/product"}],"about":[{"href":"https:\/\/gymupstore.cl\/index.php\/wp-json\/wp\/v2\/types\/product"}],"replies":[{"embeddable":true,"href":"https:\/\/gymupstore.cl\/index.php\/wp-json\/wp\/v2\/comments?post=3727"}],"wp:featuredmedia":[{"embeddable":true,"href":"https:\/\/gymupstore.cl\/index.php\/wp-json\/wp\/v2\/media\/3730"}],"wp:attachment":[{"href":"https:\/\/gymupstore.cl\/index.php\/wp-json\/wp\/v2\/media?parent=3727"}],"wp:term":[{"taxonomy":"location","embeddable":true,"href":"https:\/\/gymupstore.cl\/index.php\/wp-json\/wp\/v2\/location?post=3727"},{"taxonomy":"product_cat","embeddable":true,"href":"https:\/\/gymupstore.cl\/index.php\/wp-json\/wp\/v2\/product_cat?post=3727"},{"taxonomy":"product_tag","embeddable":true,"href":"https:\/\/gymupstore.cl\/index.php\/wp-json\/wp\/v2\/product_tag?post=3727"}],"curies":[{"name":"wp","href":"https:\/\/api.w.org\/{rel}","templated":true}]}}