{"id":3540,"date":"2020-05-08T23:28:37","date_gmt":"2020-05-09T02:28:37","guid":{"rendered":"https:\/\/gymupstore.cl\/?post_type=product&#038;p=3540"},"modified":"2025-07-01T22:46:54","modified_gmt":"2025-07-02T01:46:54","slug":"femme-shake-1-kg-30-servicios","status":"publish","type":"product","link":"https:\/\/gymupstore.cl\/index.php\/producto\/femme-shake-1-kg-30-servicios\/","title":{"rendered":"Femme Shake | 2,2 lbs (30 servicios)"},"content":{"rendered":"<div>\n<p>Femme Shake es un suplemento ideal para mujeres que realizan actividad f\u00edsica de manera regular, ya que es alto en prote\u00ednas y contiene nutrientes esenciales que ayudan a potenciar los procesos regenerativos de nuestro organismo. Tiene un bajo contenido de grasa y az\u00facares y est\u00e1 enriquecido con vitaminas y minerales.<\/p>\n<h4><strong>\u00bfPara qu\u00e9 sirve?<\/strong><\/h4>\n<p>Prote\u00edna ideal para deportistas, recuperaci\u00f3n muscular y activaci\u00f3n de los procesos regenerativos del organismo. Ayuda y mejora el cuidado de la piel, cabellos y u\u00f1as.<\/p>\n<\/div>\n<div>\n<h4><strong>\u00bfQui\u00e9n debe tomarlo?<\/strong><\/h4>\n<p>Prote\u00edna especialmente formulada para mujeres que realizan actividad f\u00edsica de forma regular.<\/p>\n<\/div>\n<div>\n<h4><strong>Modo de uso<\/strong><\/h4>\n<p>Mezclar 1 scoop con 250 ml de agua o leche despu\u00e9s del entrenamiento o lo prescrito por tu nutricionista.<\/p>\n<\/div>\n","protected":false},"excerpt":{"rendered":"<ul>\n<li>Formulada especialmente para mujeres<\/li>\n<li>Prote\u00edna de suero de leche (whey)<\/li>\n<li>Con vitaminas para el pelo, u\u00f1as y piel<\/li>\n<li>Con adici\u00f3n de fibra de manzana<\/li>\n<li>Sin gluten<\/li>\n<\/ul>\n","protected":false},"featured_media":3543,"comment_status":"open","ping_status":"closed","template":"","meta":[],"location":[495],"product_cat":[25,579,161],"product_tag":[],"locations":[{"id":495,"name":"PMC","slug":"gymupstore-pmc","quantity":"0"}],"_links":{"self":[{"href":"https:\/\/gymupstore.cl\/index.php\/wp-json\/wp\/v2\/product\/3540"}],"collection":[{"href":"https:\/\/gymupstore.cl\/index.php\/wp-json\/wp\/v2\/product"}],"about":[{"href":"https:\/\/gymupstore.cl\/index.php\/wp-json\/wp\/v2\/types\/product"}],"replies":[{"embeddable":true,"href":"https:\/\/gymupstore.cl\/index.php\/wp-json\/wp\/v2\/comments?post=3540"}],"wp:featuredmedia":[{"embeddable":true,"href":"https:\/\/gymupstore.cl\/index.php\/wp-json\/wp\/v2\/media\/3543"}],"wp:attachment":[{"href":"https:\/\/gymupstore.cl\/index.php\/wp-json\/wp\/v2\/media?parent=3540"}],"wp:term":[{"taxonomy":"location","embeddable":true,"href":"https:\/\/gymupstore.cl\/index.php\/wp-json\/wp\/v2\/location?post=3540"},{"taxonomy":"product_cat","embeddable":true,"href":"https:\/\/gymupstore.cl\/index.php\/wp-json\/wp\/v2\/product_cat?post=3540"},{"taxonomy":"product_tag","embeddable":true,"href":"https:\/\/gymupstore.cl\/index.php\/wp-json\/wp\/v2\/product_tag?post=3540"}],"curies":[{"name":"wp","href":"https:\/\/api.w.org\/{rel}","templated":true}]}}