{"id":3280,"date":"2020-04-20T23:22:04","date_gmt":"2020-04-21T02:22:04","guid":{"rendered":"https:\/\/gymupstore.cl\/?post_type=product&#038;p=3280"},"modified":"2026-04-28T20:49:40","modified_gmt":"2026-04-28T23:49:40","slug":"maniac-30-servicios","status":"publish","type":"product","link":"https:\/\/gymupstore.cl\/index.php\/producto\/maniac-30-servicios\/","title":{"rendered":"Maniac (50 mg Ephedra) | 30 servicios"},"content":{"rendered":"<p><strong>ADVERTENCIA DE NUEVO USUARIO:<\/strong><\/p>\n<p>Este producto NO est\u00e1 destinado a todos los usuarios. Los nuevos usuarios deber\u00edan probar 1\/2 cucharada primero para determinar los niveles de tolerancia. Luego, como un suplemento diet\u00e9tico, mezcle 1\/2 a 1 cucharada de MANIAC con 250 ml de agua fr\u00eda. Consumir 15 minutos antes del ejercicio. No consuma dentro de 4 horas antes de acostarse. No tome ning\u00fan otro producto que contenga cafe\u00edna o cualquier otro estimulante mientras tome MANIAC.<\/p>\n<p><strong>Advertencias:<\/strong><\/p>\n<p>No debe ser utilizado por personas menores de 18 a\u00f1os.\u00a0No utilizar en caso de embarazo o la lactancia.\u00a0Consulte con un m\u00e9dico o un profesional de la salud calificado antes de usar este producto si tiene o tiene antecedentes familiares de enfermedad card\u00edaca, enfermedad de la tiroides, diabetes, presi\u00f3n arterial alta, depresi\u00f3n u otra condici\u00f3n psiqui\u00e1trica, glaucoma, dificultad para orinar, agrandamiento de la pr\u00f3stata o trastorno convulsivo.\u00a0No exceda de la porci\u00f3n recomendada.<\/p>\n<p>Exceder la porci\u00f3n recomendada puede causar efectos adversos a la salud.<\/p>\n<p>Suspenda su uso y llame inmediatamente a un m\u00e9dico o profesional sanitario calificado si experimenta latidos card\u00edacos r\u00e1pidos, mareos, dolor de cabeza, dificultad para respirar u otros s\u00edntomas similares.\u00a0Las personas que son sensibles a los efectos de la cafe\u00edna o que tienen una afecci\u00f3n m\u00e9dica deben consultar a un profesional de la salud con licencia antes de consumir este producto.<\/p>\n<p><strong>ADVERTENCIA:<\/strong>\u00a0\u00a1MANIAC EST\u00c1 DISE\u00d1ADO PARA USUARIOS DE SUPLEMENTO AVANZADOS SOLAMENTE!\u00a0NO EXCEDA UN SCOOP ANTES DE EJERCER BAJO NINGUNA CIRCUNSTANCIA.<\/p>\n","protected":false},"excerpt":{"rendered":"<ul>\n<li>50 Mg de Efedra.<\/li>\n<li>Mejora del\u00a0rendimiento.<\/li>\n<li>Un aumento de la\u00a0fuerza\u00a0y de la\u00a0resistencia.<\/li>\n<li>Un aumento de la\u00a0s\u00edntesis de prote\u00ednas.<\/li>\n<li>Una mejora en el\u00a0procesado de los nutrientes\u00a0aportados al organismo.<\/li>\n<\/ul>\n","protected":false},"featured_media":3284,"comment_status":"open","ping_status":"closed","template":"","meta":[],"location":[495],"product_cat":[28,114],"product_tag":[],"locations":[{"id":495,"name":"PMC","slug":"gymupstore-pmc","quantity":"0"}],"_links":{"self":[{"href":"https:\/\/gymupstore.cl\/index.php\/wp-json\/wp\/v2\/product\/3280"}],"collection":[{"href":"https:\/\/gymupstore.cl\/index.php\/wp-json\/wp\/v2\/product"}],"about":[{"href":"https:\/\/gymupstore.cl\/index.php\/wp-json\/wp\/v2\/types\/product"}],"replies":[{"embeddable":true,"href":"https:\/\/gymupstore.cl\/index.php\/wp-json\/wp\/v2\/comments?post=3280"}],"wp:featuredmedia":[{"embeddable":true,"href":"https:\/\/gymupstore.cl\/index.php\/wp-json\/wp\/v2\/media\/3284"}],"wp:attachment":[{"href":"https:\/\/gymupstore.cl\/index.php\/wp-json\/wp\/v2\/media?parent=3280"}],"wp:term":[{"taxonomy":"location","embeddable":true,"href":"https:\/\/gymupstore.cl\/index.php\/wp-json\/wp\/v2\/location?post=3280"},{"taxonomy":"product_cat","embeddable":true,"href":"https:\/\/gymupstore.cl\/index.php\/wp-json\/wp\/v2\/product_cat?post=3280"},{"taxonomy":"product_tag","embeddable":true,"href":"https:\/\/gymupstore.cl\/index.php\/wp-json\/wp\/v2\/product_tag?post=3280"}],"curies":[{"name":"wp","href":"https:\/\/api.w.org\/{rel}","templated":true}]}}