{"id":14202,"date":"2026-05-13T15:31:28","date_gmt":"2026-05-13T18:31:28","guid":{"rendered":"https:\/\/gymupstore.cl\/?post_type=product&#038;p=14202"},"modified":"2026-05-13T15:31:28","modified_gmt":"2026-05-13T18:31:28","slug":"omega-3-dua-labs-800-epa-400-dha-120-capsulas-60-servicios","status":"publish","type":"product","link":"https:\/\/gymupstore.cl\/index.php\/producto\/omega-3-dua-labs-800-epa-400-dha-120-capsulas-60-servicios\/","title":{"rendered":"Omega 3 D\u00fca Labs\u00ae 800 EPA 400 DHA | 120 c\u00e1psulas (60 servicios)"},"content":{"rendered":"<div>Omega 3 800 EPA|400 DHA \u2013 120 c\u00e1psulas D\u00fca Labs \u2013 Rinde 2 meses<\/div>\n<div><\/div>\n<div>El Omega 3 de aceite de anchoveta del pac\u00edfico es una de las fuentes m\u00e1s puras de Omega 3, libre de metales pesados, m\u00e1xima concentraci\u00f3n de EPA\/DHA y siendo una fuente excepcional de \u00e1cidos grasos saludables<\/div>\n<div>Su funci\u00f3n es apoyar tu salud cardioneurovascular, mejorar tu claridad mental, favorecer un estado de \u00e1nimo equilibrado y efectos antiinflamatorios potentes.<\/div>\n<div>Compromiso de calidad D\u00fca Labs:<\/div>\n<div>En D\u00fca Labs somos la primera marca chilena que realiza y publica sus an\u00e1lisis de laboratorio, trabajamos con est\u00e1ndares de calidad certificados, garantizando ingredientes de calidad, concentraciones efectivas y m\u00e1s porciones por envase para acompa\u00f1arte por m\u00e1s tiempo.<\/div>\n<div><\/div>\n<div>Modo de uso:<\/div>\n<div>Tomar 2 c\u00e1psulas al d\u00eda con abundante agua junto a una comida principal para una mejor absorci\u00f3n y digesti\u00f3n. No se recomienda consumir en ayuna ya que puedes experimentar reflujos. No tomar m\u00e1s de la dosis recomendada.<\/div>\n<div><\/div>\n<div>Ficha t\u00e9cnica<\/div>\n<div>&#8211; Tipo de producto: Suplemento alimenticio natural<\/div>\n<div>&#8211; Componente principal: Aceite de pescado 2000 mg | EPA 800 mg | DHA 400 mg<\/div>\n<div>&#8211; Porci\u00f3n: 2 c\u00e1psulas<\/div>\n<div>&#8211; Con sello Friends of the Sea y GMO free<\/div>\n<div>&#8211; Obtenido de anchoveta del pacifico, bajo pesca sustentable.<\/div>\n<div>&#8211; Ideal para: personas que buscan mejorar su salud cardiovascular, favorecer la funci\u00f3n cerebral y la memoria, reducir la inflamaci\u00f3n y favorecer el desarrollo cerebral en etapas tempranas.<\/div>\n<div>&#8211; Envase con 120 c\u00e1psulas blandas<\/div>\n<div>&#8211; Rinde para 2 meses de consumo<\/div>\n<div>&#8211; Ingredientes: Aceite de pescado (anchoveta), gelatina, glicerina, agua purificada.\u00a0 Elaborado en l\u00edneas que procesan derivados del pescado, crust\u00e1ceos, soya, leche, huevos y sulfitos.<\/div>\n<div>&#8211; Presentaci\u00f3n: Envase de aluminio<\/div>\n<div>&#8211; Envase de aluminio: Protege contra la luz y humedad<\/div>\n<div><\/div>\n<div>*Suplemento alimenticio, no medicamento. No reemplaza una dieta equilibrada ni tratamientos m\u00e9dicos. No exceder la porci\u00f3n diaria. Mantener fuera del alcance de los ni\u00f1os.<\/div>\n","protected":false},"excerpt":{"rendered":"<div>Principales Beneficios:<\/div>\n<div><\/div>\n<ul>\n<li>Mejora y fortalece la salud cardiovascular: El EPA y DHA reducen los triglic\u00e9ridos en la sangre, ayudan a regular la presi\u00f3n arterial y mejoran la elasticidad de las arterias.<\/li>\n<li>Favorece la funci\u00f3n cerebral y memoria: El DHA es un componente estructural clave del cerebro, esencial para la memoria, la concentraci\u00f3n y la salud cognitiva.<\/li>\n<li>Mejora el estado de \u00e1nimo y combate el estr\u00e9s regulando la producci\u00f3n de serotonina y dopamina.<\/li>\n<li>Apoya la salud ocular: el DHA forma parte de la retina, ayudando a mantener una visi\u00f3n clara y prevenir el da\u00f1o ocular asociado con la edad.<\/li>\n<li>Favorece el desarrollo cerebral en etapas tempranas: En mujeres embarazadas o en lactancia, el omega 3 apoya el desarrollo neurol\u00f3gico y visual del beb\u00e9.<\/li>\n<\/ul>\n","protected":false},"featured_media":14211,"comment_status":"open","ping_status":"closed","template":"","meta":[],"product_brand":[],"product_cat":[772,843,32],"product_tag":[],"class_list":{"0":"post-14202","1":"product","2":"type-product","3":"status-publish","4":"has-post-thumbnail","6":"product_cat-aceites","7":"product_cat-dua-labs","8":"product_cat-salud-bienestar","10":"first","11":"outofstock","12":"sale","13":"taxable","14":"shipping-taxable","15":"purchasable","16":"product-type-simple"},"supplier_id":null,"supplier_sku":"","barcode":null,"atum_controlled":true,"out_stock_date":"2026-05-13 15:29:45","out_stock_threshold":null,"inheritable":false,"inbound_stock":0,"stock_on_hold":0,"sold_today":0,"sales_last_days":0,"reserved_stock":0,"customer_returns":0,"warehouse_damage":0,"lost_in_post":0,"other_logs":0,"out_stock_days":0,"lost_sales":0,"has_location":false,"update_date":"2026-05-14T00:04:17","atum_locations":[],"atum_stock_status":"outofstock","restock_status":false,"low_stock_amount":"","sales_update_date":"2026-05-14T00:04:17","calc_backorders":null,"_links":{"self":[{"href":"https:\/\/gymupstore.cl\/index.php\/wp-json\/wp\/v2\/product\/14202","targetHints":{"allow":["GET"]}}],"collection":[{"href":"https:\/\/gymupstore.cl\/index.php\/wp-json\/wp\/v2\/product"}],"about":[{"href":"https:\/\/gymupstore.cl\/index.php\/wp-json\/wp\/v2\/types\/product"}],"replies":[{"embeddable":true,"href":"https:\/\/gymupstore.cl\/index.php\/wp-json\/wp\/v2\/comments?post=14202"}],"wp:featuredmedia":[{"embeddable":true,"href":"https:\/\/gymupstore.cl\/index.php\/wp-json\/wp\/v2\/media\/14211"}],"wp:attachment":[{"href":"https:\/\/gymupstore.cl\/index.php\/wp-json\/wp\/v2\/media?parent=14202"}],"wp:term":[{"taxonomy":"product_brand","embeddable":true,"href":"https:\/\/gymupstore.cl\/index.php\/wp-json\/wp\/v2\/product_brand?post=14202"},{"taxonomy":"product_cat","embeddable":true,"href":"https:\/\/gymupstore.cl\/index.php\/wp-json\/wp\/v2\/product_cat?post=14202"},{"taxonomy":"product_tag","embeddable":true,"href":"https:\/\/gymupstore.cl\/index.php\/wp-json\/wp\/v2\/product_tag?post=14202"}],"curies":[{"name":"wp","href":"https:\/\/api.w.org\/{rel}","templated":true}]}}