{"id":14194,"date":"2026-05-12T20:46:51","date_gmt":"2026-05-12T23:46:51","guid":{"rendered":"https:\/\/gymupstore.cl\/?post_type=product&#038;p=14194"},"modified":"2026-05-12T21:07:32","modified_gmt":"2026-05-13T00:07:32","slug":"ascenso-tapa-dura-byron-harald-herz","status":"publish","type":"product","link":"https:\/\/gymupstore.cl\/index.php\/producto\/ascenso-tapa-dura-byron-harald-herz\/","title":{"rendered":"Ascenso (Tapa Dura) &#8211; Byron Harald Herz"},"content":{"rendered":"<p>El Ragnar\u00f6k ha llegado a Midgard, y sobre los hombros de Vyrn Haraldsson recae una carga tan pesada como el destino mismo. Marcado por una extra\u00f1a enfermedad que amenaza con consumirlo, este guerrero se ve obligado a abandonar su hogar en busca de respuestas.<\/p>\n<p>Su viaje no es solo uno de supervivencia; es una lucha por restaurar el equilibrio de un mundo al borde del colapso, en una aventura digna de ser narrada en los salones del Valhalla.<\/p>\n<blockquote><p>Conoce m\u00e1s detr\u00e1s de la historia <span style=\"color: #008000;\"><strong><a style=\"color: #008000;\" href=\"https:\/\/gymupstore.cl\/index.php\/ascenso\/\" target=\"_blank\" rel=\"noopener\">aqu\u00ed<\/a><\/strong><\/span><span style=\"color: #000000;\">.<\/span><\/p><\/blockquote>\n<p><img decoding=\"async\" class=\"wp-image-12674 alignnone\" src=\"https:\/\/gymupstore.cl\/wp-content\/uploads\/2024\/12\/Marcapaginas-Ascenso-PNG.png\" alt=\"\" width=\"122\" height=\"501\" srcset=\"https:\/\/gymupstore.cl\/wp-content\/uploads\/2024\/12\/Marcapaginas-Ascenso-PNG-73x300.png 73w, https:\/\/gymupstore.cl\/wp-content\/uploads\/2024\/12\/Marcapaginas-Ascenso-PNG-200x821.png 200w, https:\/\/gymupstore.cl\/wp-content\/uploads\/2024\/12\/Marcapaginas-Ascenso-PNG.png 249w\" sizes=\"(max-width: 122px) 100vw, 122px\" \/><\/p>\n<p>&nbsp;<\/p>\n","protected":false},"excerpt":{"rendered":"<blockquote><p>Marcap\u00e1ginas de regalo<\/p>\n<p>Env\u00edos por Chilexpress 30% descuento<\/p><\/blockquote>\n<ul>\n<li>Formato: Libro F\u00edsico<\/li>\n<li>Autor: Byron Harald Herz<\/li>\n<li>Editorial: Roll4Us<\/li>\n<li>A\u00f1o: 2026<\/li>\n<li>Idioma: Espa\u00f1ol<\/li>\n<li>N\u00b0 P\u00e1ginas: 138<\/li>\n<li>Encuadernaci\u00f3n: Tapa Dura<\/li>\n<li>Dimensiones: 20 x 13,5 cm<\/li>\n<li>ISBN: 9789564202181<\/li>\n<li>Categor\u00edas: Fantas\u00eda \u00c9pica \/ Mitol\u00f3gica<\/li>\n<li>Conoce m\u00e1s detr\u00e1s de la historia<span style=\"color: #008000;\"><strong> <a style=\"color: #008000;\" href=\"https:\/\/gymupstore.cl\/index.php\/ascenso\/\" target=\"_blank\" rel=\"noopener\">aqu\u00ed<\/a><\/strong><\/span>.<\/li>\n<\/ul>\n","protected":false},"featured_media":14197,"comment_status":"open","ping_status":"closed","template":"","meta":[],"product_brand":[],"product_cat":[825,826,781,37,782,496],"product_tag":[],"class_list":{"0":"post-14194","1":"product","2":"type-product","3":"status-publish","4":"has-post-thumbnail","6":"product_cat-autores","7":"product_cat-byron-harald-herz","8":"product_cat-libros","9":"product_cat-monstabolic","10":"product_cat-roll4us","11":"product_cat-zona-geek","13":"first","14":"instock","15":"featured","16":"taxable","17":"shipping-taxable","18":"purchasable","19":"product-type-simple"},"supplier_id":null,"supplier_sku":"","barcode":null,"atum_controlled":true,"out_stock_date":null,"out_stock_threshold":null,"inheritable":false,"inbound_stock":0,"stock_on_hold":0,"sold_today":0,"sales_last_days":0,"reserved_stock":0,"customer_returns":0,"warehouse_damage":0,"lost_in_post":0,"other_logs":0,"out_stock_days":0,"lost_sales":0,"has_location":false,"update_date":"2026-05-13T00:13:28","atum_locations":[],"atum_stock_status":"instock","restock_status":false,"low_stock_amount":10,"sales_update_date":"2026-05-13T00:13:28","calc_backorders":null,"_links":{"self":[{"href":"https:\/\/gymupstore.cl\/index.php\/wp-json\/wp\/v2\/product\/14194","targetHints":{"allow":["GET"]}}],"collection":[{"href":"https:\/\/gymupstore.cl\/index.php\/wp-json\/wp\/v2\/product"}],"about":[{"href":"https:\/\/gymupstore.cl\/index.php\/wp-json\/wp\/v2\/types\/product"}],"replies":[{"embeddable":true,"href":"https:\/\/gymupstore.cl\/index.php\/wp-json\/wp\/v2\/comments?post=14194"}],"wp:featuredmedia":[{"embeddable":true,"href":"https:\/\/gymupstore.cl\/index.php\/wp-json\/wp\/v2\/media\/14197"}],"wp:attachment":[{"href":"https:\/\/gymupstore.cl\/index.php\/wp-json\/wp\/v2\/media?parent=14194"}],"wp:term":[{"taxonomy":"product_brand","embeddable":true,"href":"https:\/\/gymupstore.cl\/index.php\/wp-json\/wp\/v2\/product_brand?post=14194"},{"taxonomy":"product_cat","embeddable":true,"href":"https:\/\/gymupstore.cl\/index.php\/wp-json\/wp\/v2\/product_cat?post=14194"},{"taxonomy":"product_tag","embeddable":true,"href":"https:\/\/gymupstore.cl\/index.php\/wp-json\/wp\/v2\/product_tag?post=14194"}],"curies":[{"name":"wp","href":"https:\/\/api.w.org\/{rel}","templated":true}]}}