{"id":14175,"date":"2026-05-12T14:32:05","date_gmt":"2026-05-12T17:32:05","guid":{"rendered":"https:\/\/gymupstore.cl\/?post_type=product&#038;p=14175"},"modified":"2026-05-12T18:52:48","modified_gmt":"2026-05-12T21:52:48","slug":"100-viking-sachet-36-gramos-1-servicio","status":"publish","type":"product","link":"https:\/\/gymupstore.cl\/index.php\/producto\/100-viking-sachet-36-gramos-1-servicio\/","title":{"rendered":"100% Viking Sachet 36 gramos | 1 servicio"},"content":{"rendered":"<h3 class=\"fusion-responsive-typography-calculated\" data-start=\"278\" data-end=\"322\" data-fontsize=\"18\" data-lineheight=\"24.48px\"><strong data-start=\"282\" data-end=\"322\">100% VIKING \u00abDeluxe Whey Protein\u00bb \u2014 La Pureza del Guerrero<\/strong><\/h3>\n<p class=\"\" data-start=\"324\" data-end=\"598\"><strong data-start=\"324\" data-end=\"378\">La segunda prote\u00edna nacida de la forja Monstabolic<\/strong>.<br data-start=\"379\" data-end=\"382\" \/>Creada para los que no siguen el camino f\u00e1cil, sino que lo conquistan.<br data-start=\"452\" data-end=\"455\" \/><strong data-start=\"455\" data-end=\"470\">100% VIKING<\/strong>\u00a0es una prote\u00edna concentrada\u00a0<strong data-start=\"499\" data-end=\"522\">de calidad superior<\/strong>, desarrollada para quienes entrenan con prop\u00f3sito y se alimentan con honor.<\/p>\n<p class=\"\" data-start=\"600\" data-end=\"832\">Ahora disponible en\u00a0<strong data-start=\"620\" data-end=\"634\">10 sabores<\/strong>\u00a0intensos que despiertan los sentidos, con 3 m\u00e1s en camino\u2026<br data-start=\"693\" data-end=\"696\" \/>Prep\u00e1rate para una experiencia de nutrici\u00f3n que va m\u00e1s all\u00e1 del f\u00edsico.<br data-start=\"767\" data-end=\"770\" \/>Esto no es solo prote\u00edna.<br data-start=\"795\" data-end=\"798\" \/><strong data-start=\"798\" data-end=\"832\">Es combustible para guerreros.<\/strong><\/p>\n<h3 class=\"fusion-responsive-typography-calculated\" data-start=\"1477\" data-end=\"1506\" data-fontsize=\"18\" data-lineheight=\"24.48px\"><strong data-start=\"1481\" data-end=\"1506\">Descripci\u00f3n y efectos<\/strong><\/h3>\n<p class=\"\" data-start=\"1508\" data-end=\"1755\"><strong data-start=\"1508\" data-end=\"1523\">100% VIKING<\/strong>\u00a0de MONSTABOLIC es un alimento para deportistas dise\u00f1ado para acompa\u00f1arte en\u00a0<strong data-start=\"1600\" data-end=\"1648\">cualquier tipo de entrenamiento o disciplina<\/strong>, siendo una excelente herramienta para alcanzar tus metas f\u00edsicas con una nutrici\u00f3n poderosa y balanceada.<\/p>\n<p class=\"\" data-start=\"1757\" data-end=\"2015\">Su f\u00f3rmula se basa en prote\u00edna concentrada de suero de leche (<strong data-start=\"1819\" data-end=\"1835\">Whey Protein<\/strong>) de\u00a0<strong data-start=\"1840\" data-end=\"1868\">alt\u00edsimo valor biol\u00f3gico<\/strong>, obtenida mediante ultrafiltraci\u00f3n y secado por aspersi\u00f3n, lo que asegura una\u00a0<strong data-start=\"1947\" data-end=\"2013\">prote\u00edna limpia, altamente biodisponible y de r\u00e1pida digesti\u00f3n<\/strong>.<\/p>\n<p class=\"\" data-start=\"2017\" data-end=\"2167\">Perfecta para potenciar el desarrollo muscular, favorecer la recuperaci\u00f3n y mejorar el rendimiento sin aportar grasas innecesarias ni exceso de sodio.<\/p>\n<h3 class=\"fusion-responsive-typography-calculated\" data-start=\"2174\" data-end=\"2199\" data-fontsize=\"18\" data-lineheight=\"24.48px\"><\/h3>\n<h3 class=\"fusion-responsive-typography-calculated\" data-start=\"2174\" data-end=\"2199\" data-fontsize=\"18\" data-lineheight=\"24.48px\"><strong data-start=\"2178\" data-end=\"2199\">Composici\u00f3n clave<\/strong><\/h3>\n<ul data-start=\"2201\" data-end=\"2914\">\n<li class=\"\" data-start=\"2201\" data-end=\"2316\">\n<p class=\"\" data-start=\"2203\" data-end=\"2316\"><strong data-start=\"2203\" data-end=\"2219\">Whey Protein<\/strong>: prote\u00edna completa de excelente perfil aminoac\u00eddico, baja en lactosa y de alta digestibilidad.<\/p>\n<\/li>\n<li class=\"\" data-start=\"2317\" data-end=\"2443\">\n<p class=\"\" data-start=\"2319\" data-end=\"2443\"><strong data-start=\"2319\" data-end=\"2333\">L-Arginina<\/strong>: precursor del \u00f3xido n\u00edtrico, favorece la vasodilataci\u00f3n, el transporte de nutrientes y el bombeo muscular.<\/p>\n<\/li>\n<li class=\"\" data-start=\"2444\" data-end=\"2541\">\n<p class=\"\" data-start=\"2446\" data-end=\"2541\"><strong data-start=\"2446\" data-end=\"2461\">L-Glutamina<\/strong>: ayuda en la formaci\u00f3n de tejido muscular y en la prevenci\u00f3n del catabolismo.<\/p>\n<\/li>\n<li class=\"\" data-start=\"2542\" data-end=\"2635\">\n<p class=\"\" data-start=\"2544\" data-end=\"2635\"><strong data-start=\"2544\" data-end=\"2565\">Vitaminas B1 y B6<\/strong>: fundamentales en la s\u00edntesis proteica y el metabolismo energ\u00e9tico.<\/p>\n<\/li>\n<li class=\"\" data-start=\"2636\" data-end=\"2753\">\n<p class=\"\" data-start=\"2638\" data-end=\"2753\"><strong data-start=\"2638\" data-end=\"2669\">\u00c1cido Pantot\u00e9nico (Vit. B5)<\/strong>: potente antioxidante, favorece el rendimiento f\u00edsico y el metabolismo de grasas.<\/p>\n<\/li>\n<li class=\"\" data-start=\"2754\" data-end=\"2843\">\n<p class=\"\" data-start=\"2756\" data-end=\"2843\"><strong data-start=\"2756\" data-end=\"2777\">Calcio y Magnesio<\/strong>: esenciales para la salud \u00f3sea, muscular y el sistema nervioso.<\/p>\n<\/li>\n<li class=\"\" data-start=\"2844\" data-end=\"2914\">\n<p class=\"\" data-start=\"2846\" data-end=\"2914\"><strong data-start=\"2846\" data-end=\"2857\">Potasio<\/strong>: regula el equilibrio h\u00eddrico y la contracci\u00f3n muscular.<\/p>\n<\/li>\n<\/ul>\n<h3 class=\"fusion-responsive-typography-calculated\" data-start=\"2921\" data-end=\"2945\" data-fontsize=\"18\" data-lineheight=\"24.48px\"><\/h3>\n<h3 class=\"fusion-responsive-typography-calculated\" data-start=\"1906\" data-end=\"1944\" data-fontsize=\"18\" data-lineheight=\"24.48px\"><img decoding=\"async\" class=\"emoji\" role=\"img\" draggable=\"false\" src=\"https:\/\/s.w.org\/images\/core\/emoji\/17.0.2\/svg\/1f4a5.svg\" alt=\"\ud83d\udca5\" \/>\u00a0<strong data-start=\"1913\" data-end=\"1944\">\u00bfPara qui\u00e9n es 100% VIKING?<\/strong><\/h3>\n<p class=\"\" data-start=\"1946\" data-end=\"1972\">Ideal para quienes buscan:<\/p>\n<ul data-start=\"1973\" data-end=\"2144\">\n<li class=\"\" data-start=\"1973\" data-end=\"1999\">\n<p class=\"\" data-start=\"1975\" data-end=\"1999\">Aumentar masa muscular<\/p>\n<\/li>\n<li class=\"\" data-start=\"2000\" data-end=\"2027\">\n<p class=\"\" data-start=\"2002\" data-end=\"2027\">Mejorar la recuperaci\u00f3n<\/p>\n<\/li>\n<li class=\"\" data-start=\"2028\" data-end=\"2075\">\n<p class=\"\" data-start=\"2030\" data-end=\"2075\">Mantener un cuerpo fuerte, sano y funcional<\/p>\n<\/li>\n<li class=\"\" data-start=\"2076\" data-end=\"2144\">\n<p class=\"\" data-start=\"2078\" data-end=\"2144\">Complementar una dieta balanceada con prote\u00edna de calidad superior<\/p>\n<\/li>\n<\/ul>\n<p>&nbsp;<\/p>\n<h3 class=\"fusion-responsive-typography-calculated\" data-start=\"2370\" data-end=\"2401\" data-fontsize=\"18\" data-lineheight=\"24.48px\"><img decoding=\"async\" class=\"emoji\" role=\"img\" draggable=\"false\" src=\"https:\/\/s.w.org\/images\/core\/emoji\/17.0.2\/svg\/1f308.svg\" alt=\"\ud83c\udf08\" \/>\u00a0<strong data-start=\"2377\" data-end=\"2400\">Sabores disponibles<\/strong>:<\/h3>\n<p class=\"\" data-start=\"2402\" data-end=\"2598\">Chocolate \u2013 Vainilla \u2013 Frutilla \u2013 Pl\u00e1tano \u2013 Cookies &amp; Cream \u2013 Mocaccino \u2013\u00a0<strong data-start=\"2476\" data-end=\"2548\">Chocolate Menta \u2013 Chirimoya Alegre \u2013 Frutos del Bosque \u2013 Pi\u00f1a Colada<\/strong><br data-start=\"2548\" data-end=\"2551\" \/>\u00a1Y pronto\u2026 3 sabores m\u00e1s se suman a la batalla!<\/p>\n<h3 class=\"fusion-responsive-typography-calculated\" data-start=\"2921\" data-end=\"2945\" data-fontsize=\"18\" data-lineheight=\"24.48px\"><strong data-start=\"2925\" data-end=\"2945\">Ingesta sugerida<\/strong><\/h3>\n<p class=\"\" data-start=\"2947\" data-end=\"2975\"><img decoding=\"async\" class=\"emoji\" role=\"img\" draggable=\"false\" src=\"https:\/\/s.w.org\/images\/core\/emoji\/17.0.2\/svg\/1f4c5.svg\" alt=\"\ud83d\udcc5\" \/>\u00a0<strong data-start=\"2950\" data-end=\"2973\">2 porciones diarias<\/strong><\/p>\n<ul data-start=\"2976\" data-end=\"3073\">\n<li class=\"\" data-start=\"2976\" data-end=\"3017\">\n<p class=\"\" data-start=\"2978\" data-end=\"3017\">1 en la ma\u00f1ana para activar tu cuerpo<\/p>\n<\/li>\n<li class=\"\" data-start=\"3018\" data-end=\"3073\">\n<p class=\"\" data-start=\"3020\" data-end=\"3073\">1 despu\u00e9s del entrenamiento para reconstruir y crecer<\/p>\n<\/li>\n<\/ul>\n<p>&nbsp;<\/p>\n<p class=\"\" data-start=\"3080\" data-end=\"3222\">100% VIKING no es solo una prote\u00edna\u2026 es un legado.<\/p>\n<p class=\"\" data-start=\"3080\" data-end=\"3222\">Elige la pureza. Elige el poder. Elige Monstabolic.<\/p>\n","protected":false},"excerpt":{"rendered":"<h3 class=\"fusion-responsive-typography-calculated\" data-start=\"839\" data-end=\"887\" data-fontsize=\"18\" data-lineheight=\"24.48px\"><strong data-start=\"843\" data-end=\"887\">Caracter\u00edsticas clave del legado VIKING:<\/strong><\/h3>\n<ul>\n<li><img decoding=\"async\" class=\"emoji\" role=\"img\" draggable=\"false\" src=\"https:\/\/s.w.org\/images\/core\/emoji\/17.0.2\/svg\/2694.svg\" alt=\"\u2694\ufe0f\" \/><strong> 1 servicio<\/strong><\/li>\n<li data-start=\"889\" data-end=\"1470\"><img decoding=\"async\" class=\"emoji\" role=\"img\" draggable=\"false\" src=\"https:\/\/s.w.org\/images\/core\/emoji\/17.0.2\/svg\/2694.svg\" alt=\"\u2694\ufe0f\" \/>\u00a0<strong data-start=\"892\" data-end=\"918\">27,4 g de Whey Protein<\/strong> por servicio<\/li>\n<li data-start=\"889\" data-end=\"1470\"><img decoding=\"async\" class=\"emoji\" role=\"img\" draggable=\"false\" src=\"https:\/\/s.w.org\/images\/core\/emoji\/17.0.2\/svg\/2694.svg\" alt=\"\u2694\ufe0f\" \/>\u00a0<strong data-start=\"937\" data-end=\"964\">6,3 g de BCAA naturales<\/strong> \u2013 amino\u00e1cidos esenciales para la recuperaci\u00f3n y el crecimiento muscular<\/li>\n<li data-start=\"889\" data-end=\"1470\"><img decoding=\"async\" class=\"emoji\" role=\"img\" draggable=\"false\" src=\"https:\/\/s.w.org\/images\/core\/emoji\/17.0.2\/svg\/2694.svg\" alt=\"\u2694\ufe0f\" \/>\u00a0<strong data-start=\"1042\" data-end=\"1069\">28 servicios por envase<\/strong><\/li>\n<li data-start=\"889\" data-end=\"1470\"><img decoding=\"async\" class=\"emoji\" role=\"img\" draggable=\"false\" src=\"https:\/\/s.w.org\/images\/core\/emoji\/17.0.2\/svg\/2694.svg\" alt=\"\u2694\ufe0f\" \/>\u00a0<strong data-start=\"1075\" data-end=\"1105\">Precursor de \u00d3xido N\u00edtrico<\/strong> \u2013 con L-Arginina, ideal para potenciar la vascularizaci\u00f3n<\/li>\n<li data-start=\"889\" data-end=\"1470\"><img decoding=\"async\" class=\"emoji\" role=\"img\" draggable=\"false\" src=\"https:\/\/s.w.org\/images\/core\/emoji\/17.0.2\/svg\/2694.svg\" alt=\"\u2694\ufe0f\" \/>\u00a0<strong data-start=\"1169\" data-end=\"1200\">Enriquecida con L-Glutamina<\/strong>, esencial para la preservaci\u00f3n del tejido muscular<\/li>\n<li data-start=\"889\" data-end=\"1470\"><img decoding=\"async\" class=\"emoji\" role=\"img\" draggable=\"false\" src=\"https:\/\/s.w.org\/images\/core\/emoji\/17.0.2\/svg\/2694.svg\" alt=\"\u2694\ufe0f\" \/>\u00a0<strong data-start=\"1257\" data-end=\"1284\">Altamente mineralizada:<\/strong> Calcio, Magnesio y Potasio<\/li>\n<li data-start=\"889\" data-end=\"1470\"><img decoding=\"async\" class=\"emoji\" role=\"img\" draggable=\"false\" src=\"https:\/\/s.w.org\/images\/core\/emoji\/17.0.2\/svg\/2694.svg\" alt=\"\u2694\ufe0f\" \/>\u00a0<strong data-start=\"1317\" data-end=\"1372\">Vitaminas B1, B6 y \u00c1cido Pantot\u00e9nico (antioxidante)<\/strong><\/li>\n<li data-start=\"889\" data-end=\"1470\"><img decoding=\"async\" class=\"emoji\" role=\"img\" draggable=\"false\" src=\"https:\/\/s.w.org\/images\/core\/emoji\/17.0.2\/svg\/2694.svg\" alt=\"\u2694\ufe0f\" \/>\u00a0<strong data-start=\"1378\" data-end=\"1408\">Muy bajo en grasas y sodio<\/strong><\/li>\n<li data-start=\"889\" data-end=\"1470\"><img decoding=\"async\" class=\"emoji\" role=\"img\" draggable=\"false\" src=\"https:\/\/s.w.org\/images\/core\/emoji\/17.0.2\/svg\/2694.svg\" alt=\"\u2694\ufe0f\" \/>\u00a0<strong data-start=\"1414\" data-end=\"1470\">Textura cremosa, sabor brutal y excelente disoluci\u00f3n<\/strong><\/li>\n<\/ul>\n","protected":false},"featured_media":14190,"comment_status":"open","ping_status":"closed","template":"","meta":[],"product_brand":[],"product_cat":[37,25,579],"product_tag":[],"class_list":{"0":"post-14175","1":"product","2":"type-product","3":"status-publish","4":"has-post-thumbnail","6":"product_cat-monstabolic","7":"product_cat-proteinas","8":"product_cat-whey-suero","10":"first","11":"outofstock","12":"taxable","13":"shipping-taxable","14":"purchasable","15":"product-type-variable"},"supplier_id":null,"supplier_sku":"","barcode":null,"atum_controlled":true,"out_stock_date":"2026-05-12 14:32:05","out_stock_threshold":null,"inheritable":true,"inbound_stock":0,"stock_on_hold":0,"sold_today":0,"sales_last_days":0,"reserved_stock":0,"customer_returns":0,"warehouse_damage":0,"lost_in_post":0,"other_logs":0,"out_stock_days":0,"lost_sales":0,"has_location":false,"update_date":"2026-05-13T00:04:13","atum_locations":[],"atum_stock_status":"outofstock","restock_status":false,"low_stock_amount":"","sales_update_date":"2026-05-13T00:04:13","calc_backorders":null,"_links":{"self":[{"href":"https:\/\/gymupstore.cl\/index.php\/wp-json\/wp\/v2\/product\/14175","targetHints":{"allow":["GET"]}}],"collection":[{"href":"https:\/\/gymupstore.cl\/index.php\/wp-json\/wp\/v2\/product"}],"about":[{"href":"https:\/\/gymupstore.cl\/index.php\/wp-json\/wp\/v2\/types\/product"}],"replies":[{"embeddable":true,"href":"https:\/\/gymupstore.cl\/index.php\/wp-json\/wp\/v2\/comments?post=14175"}],"wp:featuredmedia":[{"embeddable":true,"href":"https:\/\/gymupstore.cl\/index.php\/wp-json\/wp\/v2\/media\/14190"}],"wp:attachment":[{"href":"https:\/\/gymupstore.cl\/index.php\/wp-json\/wp\/v2\/media?parent=14175"}],"wp:term":[{"taxonomy":"product_brand","embeddable":true,"href":"https:\/\/gymupstore.cl\/index.php\/wp-json\/wp\/v2\/product_brand?post=14175"},{"taxonomy":"product_cat","embeddable":true,"href":"https:\/\/gymupstore.cl\/index.php\/wp-json\/wp\/v2\/product_cat?post=14175"},{"taxonomy":"product_tag","embeddable":true,"href":"https:\/\/gymupstore.cl\/index.php\/wp-json\/wp\/v2\/product_tag?post=14175"}],"curies":[{"name":"wp","href":"https:\/\/api.w.org\/{rel}","templated":true}]}}