{"id":14141,"date":"2026-05-12T13:27:02","date_gmt":"2026-05-12T16:27:02","guid":{"rendered":"https:\/\/gymupstore.cl\/?post_type=product&#038;p=14141"},"modified":"2026-05-12T18:49:37","modified_gmt":"2026-05-12T21:49:37","slug":"shaker-monstabolic-3-en-1","status":"publish","type":"product","link":"https:\/\/gymupstore.cl\/index.php\/producto\/shaker-monstabolic-3-en-1\/","title":{"rendered":"Shaker Monstabolic 3 en 1"},"content":{"rendered":"<h2 data-section-id=\"f32vyj\" data-start=\"0\" data-end=\"28\">Shaker MONSTABOLIC 3 en 1<\/h2>\n<p data-start=\"30\" data-end=\"241\">El compa\u00f1ero ideal para quienes viven el entrenamiento en serio. El nuevo Shaker MONSTABOLIC 3 en 1 combina dise\u00f1o, practicidad y estilo en un solo producto, pensado para acompa\u00f1arte dentro y fuera del gimnasio.<\/p>\n<p data-start=\"243\" data-end=\"474\">Fabricado con un dise\u00f1o resistente y elegante en color negro mate con el cl\u00e1sico logo MONSTABOLIC en relieve, este shaker incorpora compartimentos independientes para que puedas transportar tus suplementos de manera c\u00f3moda y ordenada.<\/p>\n<h3 data-section-id=\"u51wan\" data-start=\"476\" data-end=\"496\">Caracter\u00edsticas:<\/h3>\n<ul data-start=\"497\" data-end=\"753\">\n<li data-section-id=\"qp8zkr\" data-start=\"497\" data-end=\"550\">Sistema <strong data-start=\"507\" data-end=\"517\">3 en 1<\/strong> con compartimentos desmontables.<\/li>\n<li data-section-id=\"hy0py0\" data-start=\"551\" data-end=\"610\">Espacio ideal para prote\u00edna, c\u00e1psulas, creatina o snacks.<\/li>\n<li data-section-id=\"1eizuqy\" data-start=\"640\" data-end=\"670\">Dise\u00f1o ergon\u00f3mico y liviano.<\/li>\n<li data-section-id=\"yowzyl\" data-start=\"671\" data-end=\"704\">F\u00e1cil de limpiar y transportar.<\/li>\n<li data-section-id=\"mki6iz\" data-start=\"705\" data-end=\"753\">Perfecto para entrenamiento, trabajo o viajes.<\/li>\n<\/ul>\n<h3 data-section-id=\"oo2vsr\" data-start=\"755\" data-end=\"777\">Ideal para llevar:<\/h3>\n<ul data-start=\"778\" data-end=\"874\">\n<li data-section-id=\"2pdgop\" data-start=\"778\" data-end=\"798\">Prote\u00edna en polvo.<\/li>\n<li data-section-id=\"1gmd5j5\" data-start=\"799\" data-end=\"810\">Creatina.<\/li>\n<li data-section-id=\"umhu5j\" data-start=\"811\" data-end=\"834\">C\u00e1psulas y vitaminas.<\/li>\n<li data-section-id=\"n266g\" data-start=\"835\" data-end=\"849\">Pre entreno.<\/li>\n<li data-section-id=\"1y8kje6\" data-start=\"850\" data-end=\"874\">Snacks o frutos secos.<\/li>\n<\/ul>\n<p data-start=\"876\" data-end=\"992\" data-is-last-node=\"\" data-is-only-node=\"\">Minimalista, funcional y con identidad MONSTABOLIC. Porque entrenar fuerte tambi\u00e9n es llevar tu equipo a otro nivel.<\/p>\n","protected":false},"excerpt":{"rendered":"<p>Shaker MONSTABOLIC 3 en 1 El compa\u00f1ero ideal para quienes [&hellip;]<\/p>\n","protected":false},"featured_media":14059,"comment_status":"open","ping_status":"closed","template":"","meta":[],"product_brand":[],"product_cat":[34,37,399],"product_tag":[],"class_list":{"0":"post-14141","1":"product","2":"type-product","3":"status-publish","4":"has-post-thumbnail","6":"product_cat-accesorios-implementos","7":"product_cat-monstabolic","8":"product_cat-shakers-botellones-pastilleros-embudos","10":"first","11":"instock","12":"taxable","13":"shipping-taxable","14":"purchasable","15":"product-type-simple"},"supplier_id":null,"supplier_sku":"","barcode":null,"atum_controlled":true,"out_stock_date":null,"out_stock_threshold":null,"inheritable":false,"inbound_stock":0,"stock_on_hold":0,"sold_today":0,"sales_last_days":0,"reserved_stock":0,"customer_returns":0,"warehouse_damage":0,"lost_in_post":0,"other_logs":0,"out_stock_days":0,"lost_sales":0,"has_location":false,"update_date":"2026-05-13T00:04:13","atum_locations":[],"atum_stock_status":"instock","restock_status":false,"low_stock_amount":"","sales_update_date":"2026-05-13T00:04:13","calc_backorders":null,"_links":{"self":[{"href":"https:\/\/gymupstore.cl\/index.php\/wp-json\/wp\/v2\/product\/14141","targetHints":{"allow":["GET"]}}],"collection":[{"href":"https:\/\/gymupstore.cl\/index.php\/wp-json\/wp\/v2\/product"}],"about":[{"href":"https:\/\/gymupstore.cl\/index.php\/wp-json\/wp\/v2\/types\/product"}],"replies":[{"embeddable":true,"href":"https:\/\/gymupstore.cl\/index.php\/wp-json\/wp\/v2\/comments?post=14141"}],"wp:featuredmedia":[{"embeddable":true,"href":"https:\/\/gymupstore.cl\/index.php\/wp-json\/wp\/v2\/media\/14059"}],"wp:attachment":[{"href":"https:\/\/gymupstore.cl\/index.php\/wp-json\/wp\/v2\/media?parent=14141"}],"wp:term":[{"taxonomy":"product_brand","embeddable":true,"href":"https:\/\/gymupstore.cl\/index.php\/wp-json\/wp\/v2\/product_brand?post=14141"},{"taxonomy":"product_cat","embeddable":true,"href":"https:\/\/gymupstore.cl\/index.php\/wp-json\/wp\/v2\/product_cat?post=14141"},{"taxonomy":"product_tag","embeddable":true,"href":"https:\/\/gymupstore.cl\/index.php\/wp-json\/wp\/v2\/product_tag?post=14141"}],"curies":[{"name":"wp","href":"https:\/\/api.w.org\/{rel}","templated":true}]}}