{"id":14113,"date":"2026-05-11T20:28:08","date_gmt":"2026-05-11T23:28:08","guid":{"rendered":"https:\/\/gymupstore.cl\/?post_type=product&#038;p=14113"},"modified":"2026-05-11T21:23:41","modified_gmt":"2026-05-12T00:23:41","slug":"thor-energy-drink-500-ml-sabor-maracuya","status":"publish","type":"product","link":"https:\/\/gymupstore.cl\/index.php\/producto\/thor-energy-drink-500-ml-sabor-maracuya\/","title":{"rendered":"Thor Energy Drink 500 ml | Sabor Maracuy\u00e1"},"content":{"rendered":"<h3>Descripci\u00f3n y Efectos<\/h3>\n<p>La bebida de Monstabolic, ahora en su nuevo sabor Maracuy\u00e1 con nueva f\u00f3rmula.<\/p>\n<p><strong>Thor Energy Drink<\/strong> es un alimento para deportistas que contiene Cafe\u00edna y Taurina (Sabor maracuy\u00e1 adem\u00e1s contiene L Carnitina Tartrato), lo que promueve la eliminaci\u00f3n de grasa, la formaci\u00f3n de energ\u00eda y el proceso de recuperaci\u00f3n durante la realizaci\u00f3n de actividad f\u00edsica.<\/p>\n<p>Son bebidas energ\u00e9ticas, enriquecidas con vitaminas, libres de az\u00facar, bajas en sodio y en calor\u00edas; contienen sucralosa.<\/p>\n<h3>Componentes:<\/h3>\n<p><strong><em>Cafe\u00edna:<\/em><\/strong> es un componente que tiene efecto termog\u00e9nico (favorece la quema de grasa) y de estimulaci\u00f3n del estado de vigilia del organismo, aumentando a su vez nuestra energ\u00eda.<br \/>\n<strong><em>Taurina:<\/em><\/strong> es un amino\u00e1cido que activa el metabolismo de la glucosa y tiene un efecto antioxidante.<br \/>\n<strong><em>Vitaminas:<\/em><\/strong> son nutrientes naturales que permiten mantener las funciones normales del organismo.<br \/>\n<strong><em>Sucralosa Splenda:<\/em><\/strong> endulzante del sabor similar al az\u00facar, sin calor\u00edas y estable en el tiempo.<br \/>\n<strong><em>L-Carnitina L-Tartrato:<\/em><\/strong> esencial en la absorci\u00f3n de \u00e1cidos grasos y en el transporte de energ\u00eda. Aumenta el suministro de energ\u00eda hacia el m\u00fasculo favoreciendo un mayor flujo sangu\u00edneo en la zona, incrementa la producci\u00f3n de cetonas que impiden el catabolismo proteico, ahorran glucosa y gluc\u00f3geno muscular y estimulan la secreci\u00f3n de hormona del crecimiento. (Disponible en sabor Maracuy\u00e1)<\/p>\n<h3>Usos m\u00e1s Frecuentes:<\/h3>\n<p>Est\u00e1n especialmente\u00a0indicadas para realizar extensas jornadas de entrenamiento, laborales y de entretenimiento.<\/p>\n<h3>Advertencia:<\/h3>\n<p>Thor Energy no es recomendable para menores de 15 a\u00f1os, en embarazo ni lactancia.<\/p>\n","protected":false},"excerpt":{"rendered":"<p>THOR Energy Drink de Monstabolic es una bebida energ\u00e9tica especialmente indicada para hidratarte durante el ejercicio o en tus actividades diarias.<\/p>\n<p>Es una bebida energ\u00e9tica, enriquecida con vitaminas, libre de az\u00facar, baja en sodio y en calor\u00edas; contiene sucralosa.<\/p>\n<p>Est\u00e1 especialmente indicada para realizar extensas jornadas de entrenamiento, trabajo o de diversi\u00f3n.<\/p>\n","protected":false},"featured_media":14133,"comment_status":"open","ping_status":"closed","template":"","meta":[],"product_brand":[],"product_cat":[37,294,522,28,27,782,281],"product_tag":[],"class_list":{"0":"post-14113","1":"product","2":"type-product","3":"status-publish","4":"has-post-thumbnail","6":"product_cat-monstabolic","7":"product_cat-packs","8":"product_cat-play-snaks","9":"product_cat-pre-entrenos","10":"product_cat-quemadores-de-grasa","11":"product_cat-roll4us","12":"product_cat-snacks","14":"first","15":"outofstock","16":"sale","17":"taxable","18":"shipping-taxable","19":"purchasable","20":"product-type-variable"},"supplier_id":null,"supplier_sku":"","barcode":null,"atum_controlled":true,"out_stock_date":"2026-05-11 21:19:38","out_stock_threshold":null,"inheritable":true,"inbound_stock":0,"stock_on_hold":0,"sold_today":0,"sales_last_days":0,"reserved_stock":0,"customer_returns":0,"warehouse_damage":0,"lost_in_post":0,"other_logs":0,"out_stock_days":0,"lost_sales":0,"has_location":false,"update_date":"2026-05-12T00:23:42","atum_locations":[],"atum_stock_status":"outofstock","restock_status":false,"low_stock_amount":"","sales_update_date":"2026-05-12T00:04:02","calc_backorders":null,"_links":{"self":[{"href":"https:\/\/gymupstore.cl\/index.php\/wp-json\/wp\/v2\/product\/14113","targetHints":{"allow":["GET"]}}],"collection":[{"href":"https:\/\/gymupstore.cl\/index.php\/wp-json\/wp\/v2\/product"}],"about":[{"href":"https:\/\/gymupstore.cl\/index.php\/wp-json\/wp\/v2\/types\/product"}],"replies":[{"embeddable":true,"href":"https:\/\/gymupstore.cl\/index.php\/wp-json\/wp\/v2\/comments?post=14113"}],"wp:featuredmedia":[{"embeddable":true,"href":"https:\/\/gymupstore.cl\/index.php\/wp-json\/wp\/v2\/media\/14133"}],"wp:attachment":[{"href":"https:\/\/gymupstore.cl\/index.php\/wp-json\/wp\/v2\/media?parent=14113"}],"wp:term":[{"taxonomy":"product_brand","embeddable":true,"href":"https:\/\/gymupstore.cl\/index.php\/wp-json\/wp\/v2\/product_brand?post=14113"},{"taxonomy":"product_cat","embeddable":true,"href":"https:\/\/gymupstore.cl\/index.php\/wp-json\/wp\/v2\/product_cat?post=14113"},{"taxonomy":"product_tag","embeddable":true,"href":"https:\/\/gymupstore.cl\/index.php\/wp-json\/wp\/v2\/product_tag?post=14113"}],"curies":[{"name":"wp","href":"https:\/\/api.w.org\/{rel}","templated":true}]}}