{"id":14018,"date":"2026-05-08T21:37:24","date_gmt":"2026-05-09T00:37:24","guid":{"rendered":"https:\/\/gymupstore.cl\/?post_type=product&#038;p=14018"},"modified":"2026-05-08T21:45:10","modified_gmt":"2026-05-09T00:45:10","slug":"sachet-ragnarok-pre-workout-1-servicio-2","status":"publish","type":"product","link":"https:\/\/gymupstore.cl\/index.php\/producto\/sachet-ragnarok-pre-workout-1-servicio-2\/","title":{"rendered":"Sachet Col\u00e1geno Hidrolizado Eir Goddess | 1 servicio"},"content":{"rendered":"<h4>Descripci\u00f3n y efectos.<\/h4>\n<p>HYDROLYZED COLLAGEN de MONSTABOLIC es un alimento que contiene 100% col\u00e1geno hidrolizado bovino Peptan \u00ae.<\/p>\n<p>El col\u00e1geno es la prote\u00edna m\u00e1s abundante en el organismo y su funci\u00f3n es unir los tejidos conectivos del cuerpo (m\u00fasculos, tendones, ligamentos, piel, huesos, cart\u00edlagos y \u00f3rganos) y mantener su adecuada hidrataci\u00f3n.<\/p>\n<p>El col\u00e1geno hidrolizado Peptan \u00ae es un suplemento alimentario en polvo que, a trav\u00e9s de un proceso de hidr\u00f3lisis, favorece la absorci\u00f3n de esta prote\u00edna. Es utilizado para estimular la producci\u00f3n de col\u00e1geno en el organismo, ayudando as\u00ed a mejorar el aspecto de la piel, fortalecer las articulaciones, las u\u00f1as, los huesos y el cabello.<\/p>\n<p>HYDROLYZED COLLAGEN es un producto que se puede consumir a cualquier hora del d\u00eda, fr\u00edo o caliente.<\/p>\n<p>HYDROLYZED COLLAGEN contiene col\u00e1geno hidrolizado, vitaminas y minerales.<\/p>\n<h4>Ingesta Sugerida:<\/h4>\n<p>Mezcle tres scoops de HYDROLYZED COLLAGEN con 200 cc de agua, agite vigorosamente y cons\u00famalo inmediatamente.<\/p>\n","protected":false},"excerpt":{"rendered":"<h4>Caracter\u00edsticas de Hydrolyzed Collagen:<\/h4>\n<ul>\n<li>Suplemento Alimentario<\/li>\n<li>Contiene Vitaminas y Minerales<\/li>\n<li>1 servicio<\/li>\n<li>Bajo en calor\u00edas<\/li>\n<li>Muy Bajo en Sodio<\/li>\n<li>Sin Az\u00facar<\/li>\n<li>Excelente Sabor y disoluci\u00f3n<\/li>\n<\/ul>\n","protected":false},"featured_media":14023,"comment_status":"open","ping_status":"closed","template":"","meta":[],"location":[495],"product_brand":[],"product_cat":[580,37,25,32,773],"product_tag":[],"class_list":{"0":"post-14018","1":"product","2":"type-product","3":"status-publish","4":"has-post-thumbnail","6":"location-gymupstore-pmc","7":"product_cat-beef-carne","8":"product_cat-monstabolic","9":"product_cat-proteinas","10":"product_cat-salud-bienestar","11":"product_cat-superalimentos-y-compuestos","13":"first","14":"instock","15":"taxable","16":"shipping-taxable","17":"purchasable","18":"product-type-variable"},"supplier_id":null,"supplier_sku":"","barcode":null,"atum_controlled":true,"out_stock_date":"2026-05-08 21:37:24","out_stock_threshold":null,"inheritable":true,"inbound_stock":0,"stock_on_hold":0,"sold_today":null,"sales_last_days":null,"reserved_stock":0,"customer_returns":0,"warehouse_damage":0,"lost_in_post":0,"other_logs":0,"out_stock_days":0,"lost_sales":null,"has_location":false,"update_date":"2026-05-09T00:40:00","atum_locations":[],"atum_stock_status":"instock","restock_status":false,"low_stock_amount":"","sales_update_date":"2026-05-09T00:38:19","calc_backorders":null,"locations":[{"id":495,"name":"PMC","slug":"gymupstore-pmc","quantity":""}],"_links":{"self":[{"href":"https:\/\/gymupstore.cl\/index.php\/wp-json\/wp\/v2\/product\/14018","targetHints":{"allow":["GET"]}}],"collection":[{"href":"https:\/\/gymupstore.cl\/index.php\/wp-json\/wp\/v2\/product"}],"about":[{"href":"https:\/\/gymupstore.cl\/index.php\/wp-json\/wp\/v2\/types\/product"}],"replies":[{"embeddable":true,"href":"https:\/\/gymupstore.cl\/index.php\/wp-json\/wp\/v2\/comments?post=14018"}],"wp:featuredmedia":[{"embeddable":true,"href":"https:\/\/gymupstore.cl\/index.php\/wp-json\/wp\/v2\/media\/14023"}],"wp:attachment":[{"href":"https:\/\/gymupstore.cl\/index.php\/wp-json\/wp\/v2\/media?parent=14018"}],"wp:term":[{"taxonomy":"location","embeddable":true,"href":"https:\/\/gymupstore.cl\/index.php\/wp-json\/wp\/v2\/location?post=14018"},{"taxonomy":"product_brand","embeddable":true,"href":"https:\/\/gymupstore.cl\/index.php\/wp-json\/wp\/v2\/product_brand?post=14018"},{"taxonomy":"product_cat","embeddable":true,"href":"https:\/\/gymupstore.cl\/index.php\/wp-json\/wp\/v2\/product_cat?post=14018"},{"taxonomy":"product_tag","embeddable":true,"href":"https:\/\/gymupstore.cl\/index.php\/wp-json\/wp\/v2\/product_tag?post=14018"}],"curies":[{"name":"wp","href":"https:\/\/api.w.org\/{rel}","templated":true}]}}