{"id":13972,"date":"2026-04-28T20:28:47","date_gmt":"2026-04-28T23:28:47","guid":{"rendered":"https:\/\/gymupstore.cl\/?post_type=product&#038;p=13972"},"modified":"2026-04-28T20:49:27","modified_gmt":"2026-04-28T23:49:27","slug":"edge-of-insanity-pre-workout-25-50-servicios","status":"publish","type":"product","link":"https:\/\/gymupstore.cl\/index.php\/producto\/edge-of-insanity-pre-workout-25-50-servicios\/","title":{"rendered":"Edge of Insanity Pre Workout | 25 &#8211; 50 servicios"},"content":{"rendered":"<p>Edge of Insanity de Psycho Pharma es un polvo pre-entrenamiento altamente estimulante dise\u00f1ado para asistentes al gimnasio y atletas experimentados que desean una f\u00f3rmula fuerte de energ\u00eda y enfoque para sesiones de entrenamiento intensas. Combina cafe\u00edna, amino\u00e1cidos e ingredientes nootr\u00f3picos para apoyar el rendimiento del entrenamiento como parte de un programa estructurado de ejercicio y nutrici\u00f3n.<\/p>\n<h2>\u00bfPara qui\u00e9n es?<\/h2>\n<p>Edge of Insanity es el m\u00e1s adecuado para adultos que ya est\u00e1n familiarizados con los suplementos pre-entrenamiento de alto ajuste y est\u00e1n buscando una f\u00f3rmula m\u00e1s fuerte para apoyar la energ\u00eda, el enfoque y las bombas durante las sesiones de entrenamiento exigentes. Debe usarse solo como parte de un plan de entrenamiento y nutrici\u00f3n consistente.<\/p>\n<p>Ingredientes:<\/p>\n<div><\/div>\n<div>\n<ul>\n<li>Malato de L-citrulina<\/li>\n<li>Beta-alanina<\/li>\n<li>Cafe\u00edna anhidra<\/li>\n<li>Teobromina<\/li>\n<li>Clorhidrato de yohimbina<\/li>\n<li>Clorhidrato de alfa-yohimbina<\/li>\n<li>Gamma aminobut\u00edrico (GABA)<\/li>\n<li>Infinergy\u00ae<\/li>\n<\/ul>\n<\/div>\n","protected":false},"excerpt":{"rendered":"<p>Edge of Insanity de Psycho Pharma es un polvo pre-entrenamiento [&hellip;]<\/p>\n","protected":false},"featured_media":13974,"comment_status":"open","ping_status":"closed","template":"","meta":[],"location":[495],"product_cat":[28,836],"product_tag":[],"locations":[{"id":495,"name":"PMC","slug":"gymupstore-pmc","quantity":"2"}],"_links":{"self":[{"href":"https:\/\/gymupstore.cl\/index.php\/wp-json\/wp\/v2\/product\/13972"}],"collection":[{"href":"https:\/\/gymupstore.cl\/index.php\/wp-json\/wp\/v2\/product"}],"about":[{"href":"https:\/\/gymupstore.cl\/index.php\/wp-json\/wp\/v2\/types\/product"}],"replies":[{"embeddable":true,"href":"https:\/\/gymupstore.cl\/index.php\/wp-json\/wp\/v2\/comments?post=13972"}],"wp:featuredmedia":[{"embeddable":true,"href":"https:\/\/gymupstore.cl\/index.php\/wp-json\/wp\/v2\/media\/13974"}],"wp:attachment":[{"href":"https:\/\/gymupstore.cl\/index.php\/wp-json\/wp\/v2\/media?parent=13972"}],"wp:term":[{"taxonomy":"location","embeddable":true,"href":"https:\/\/gymupstore.cl\/index.php\/wp-json\/wp\/v2\/location?post=13972"},{"taxonomy":"product_cat","embeddable":true,"href":"https:\/\/gymupstore.cl\/index.php\/wp-json\/wp\/v2\/product_cat?post=13972"},{"taxonomy":"product_tag","embeddable":true,"href":"https:\/\/gymupstore.cl\/index.php\/wp-json\/wp\/v2\/product_tag?post=13972"}],"curies":[{"name":"wp","href":"https:\/\/api.w.org\/{rel}","templated":true}]}}