{"id":13968,"date":"2026-04-23T02:57:50","date_gmt":"2026-04-23T05:57:50","guid":{"rendered":"https:\/\/gymupstore.cl\/?post_type=product&#038;p=13968"},"modified":"2026-04-23T02:58:31","modified_gmt":"2026-04-23T05:58:31","slug":"glutamine-pure-nutrex-300-gr-60-servicios","status":"publish","type":"product","link":"https:\/\/gymupstore.cl\/index.php\/producto\/glutamine-pure-nutrex-300-gr-60-servicios\/","title":{"rendered":"Glutamine Pure Nutrex | 300 gr (60 servicios)"},"content":{"rendered":"<p>El suplemento de Nutrex Glutamine Pure de 300 gr ayuda a mantener altos niveles de glutamina muscular, lo que a su vez acelera la reparaci\u00f3n y el crecimiento del tejido muscular. El consumo diario de L-Glutamina ayuda a maximizar los resultados de la construcci\u00f3n muscular. GLUTAMINE DRIVE contiene L-Glutamina pura, es sin sabor y se puede agregar f\u00e1cilmente a cualquier bebida de su elecci\u00f3n. Agregar una cucharada de GLUTAMINE DRIVE a su bebida o comida despu\u00e9s del entrenamiento mejorar\u00e1 enormemente la reparaci\u00f3n muscular y estimular\u00e1 un crecimiento m\u00e1s r\u00e1pido del tejido muscular.<\/p>\n<h4 class=\"s-main-product-table-compare__accordion-title h6 js-accordion-head\">Modo de uso<\/h4>\n<div class=\"s-main-product-table-compare__accordion-content\">\n<p><span class=\"metafield-multi_line_text_field\">Mezclar 1 porci\u00f3n con 180 ml de agua o cualquier bebida de su preferencia.<\/span><\/p>\n<h4 class=\"s-main-product-table-compare__accordion-title h6 js-accordion-head\">Precauciones<\/h4>\n<div class=\"s-main-product-table-compare__accordion-content\">\n<p><span class=\"metafield-multi_line_text_field\">No recomendable para menores de 15 a\u00f1os, en embarazo ni lactancia. Mantener en lugar fresco, seco y alejado de los ni\u00f1os.<\/span><\/p>\n<\/div>\n<\/div>\n","protected":false},"excerpt":{"rendered":"<p>El suplemento de Nutrex Glutamine Pure de 300 gr ayuda [&hellip;]<\/p>\n","protected":false},"featured_media":13970,"comment_status":"open","ping_status":"closed","template":"","meta":[],"location":[495],"product_cat":[29,578,113],"product_tag":[],"locations":[{"id":495,"name":"PMC","slug":"gymupstore-pmc","quantity":"4"}],"_links":{"self":[{"href":"https:\/\/gymupstore.cl\/index.php\/wp-json\/wp\/v2\/product\/13968"}],"collection":[{"href":"https:\/\/gymupstore.cl\/index.php\/wp-json\/wp\/v2\/product"}],"about":[{"href":"https:\/\/gymupstore.cl\/index.php\/wp-json\/wp\/v2\/types\/product"}],"replies":[{"embeddable":true,"href":"https:\/\/gymupstore.cl\/index.php\/wp-json\/wp\/v2\/comments?post=13968"}],"wp:featuredmedia":[{"embeddable":true,"href":"https:\/\/gymupstore.cl\/index.php\/wp-json\/wp\/v2\/media\/13970"}],"wp:attachment":[{"href":"https:\/\/gymupstore.cl\/index.php\/wp-json\/wp\/v2\/media?parent=13968"}],"wp:term":[{"taxonomy":"location","embeddable":true,"href":"https:\/\/gymupstore.cl\/index.php\/wp-json\/wp\/v2\/location?post=13968"},{"taxonomy":"product_cat","embeddable":true,"href":"https:\/\/gymupstore.cl\/index.php\/wp-json\/wp\/v2\/product_cat?post=13968"},{"taxonomy":"product_tag","embeddable":true,"href":"https:\/\/gymupstore.cl\/index.php\/wp-json\/wp\/v2\/product_tag?post=13968"}],"curies":[{"name":"wp","href":"https:\/\/api.w.org\/{rel}","templated":true}]}}