{"id":13964,"date":"2026-04-23T02:51:04","date_gmt":"2026-04-23T05:51:04","guid":{"rendered":"https:\/\/gymupstore.cl\/?post_type=product&#038;p=13964"},"modified":"2026-04-23T02:55:14","modified_gmt":"2026-04-23T05:55:14","slug":"syntha-6-vainilla-1-servicio","status":"publish","type":"product","link":"https:\/\/gymupstore.cl\/index.php\/producto\/syntha-6-vainilla-1-servicio\/","title":{"rendered":"Syntha 6 | Vainilla (1 servicio)"},"content":{"rendered":"<h4><strong>Contiene 6 tipos de Prote\u00ednas<\/strong>:<\/h4>\n<ol>\n<li>Wheyprotein (prote\u00edna de suero de leche) ultra filtrada y concentrada que contiene Alpha-Lactalbumina.<\/li>\n<li>CaseinasAlpha-Beta y Caseinatos.<\/li>\n<li>Wheyprotein (prote\u00edna de suero de leche) microfiltrada y separada que contiene peptidos fraccionados y separados.<\/li>\n<li>Albumina de Huevo.<\/li>\n<li>Caseinato de Calcio.<\/li>\n<li>Prote\u00edna de leche concentrada.<\/li>\n<\/ol>\n<p>La combinaci\u00f3n de los 6 tipos distintos de prote\u00ednas hace que combine la absorci\u00f3n r\u00e1pida y lenta de sus nutrientes en nuestro organismo, maximizando la circulaci\u00f3n de los niveles de amino\u00e1cidos y nitr\u00f3geno por m\u00e1s de 7 horas.<\/p>\n","protected":false},"excerpt":{"rendered":"<p>\u2022 BSN Syntha 6 la puedes trasladar a cualquier lado que tu quieras para disfrutar despu\u00e9s de tus entrenamientos.<br \/>\n\u2022 1 porci\u00f3n<br \/>\n\u2022 22 gr Prote\u00edna por porci\u00f3n<br \/>\n\u2022 10 gr de amino\u00e1cidos esenciales<br \/>\n\u2022 Prote\u00edna de alto valor biol\u00f3gico y variable velocidad de absorci\u00f3n<br \/>\n\u2022 Delicioso sabor vainilla<\/p>\n","protected":false},"featured_media":13967,"comment_status":"open","ping_status":"closed","template":"","meta":[],"location":[495],"product_cat":[163,582,25],"product_tag":[],"locations":[{"id":495,"name":"PMC","slug":"gymupstore-pmc","quantity":"39"}],"_links":{"self":[{"href":"https:\/\/gymupstore.cl\/index.php\/wp-json\/wp\/v2\/product\/13964"}],"collection":[{"href":"https:\/\/gymupstore.cl\/index.php\/wp-json\/wp\/v2\/product"}],"about":[{"href":"https:\/\/gymupstore.cl\/index.php\/wp-json\/wp\/v2\/types\/product"}],"replies":[{"embeddable":true,"href":"https:\/\/gymupstore.cl\/index.php\/wp-json\/wp\/v2\/comments?post=13964"}],"wp:featuredmedia":[{"embeddable":true,"href":"https:\/\/gymupstore.cl\/index.php\/wp-json\/wp\/v2\/media\/13967"}],"wp:attachment":[{"href":"https:\/\/gymupstore.cl\/index.php\/wp-json\/wp\/v2\/media?parent=13964"}],"wp:term":[{"taxonomy":"location","embeddable":true,"href":"https:\/\/gymupstore.cl\/index.php\/wp-json\/wp\/v2\/location?post=13964"},{"taxonomy":"product_cat","embeddable":true,"href":"https:\/\/gymupstore.cl\/index.php\/wp-json\/wp\/v2\/product_cat?post=13964"},{"taxonomy":"product_tag","embeddable":true,"href":"https:\/\/gymupstore.cl\/index.php\/wp-json\/wp\/v2\/product_tag?post=13964"}],"curies":[{"name":"wp","href":"https:\/\/api.w.org\/{rel}","templated":true}]}}