{"id":13954,"date":"2026-04-23T02:49:51","date_gmt":"2026-04-23T05:49:51","guid":{"rendered":"https:\/\/gymupstore.cl\/?post_type=product&#038;p=13954"},"modified":"2026-04-23T02:49:51","modified_gmt":"2026-04-23T05:49:51","slug":"multi-men-60-tabs-30-servicios","status":"publish","type":"product","link":"https:\/\/gymupstore.cl\/index.php\/producto\/multi-men-60-tabs-30-servicios\/","title":{"rendered":"Multi Men | 60 tabs (30 servicios)"},"content":{"rendered":"<p>Men Multi de SunvitLife, es un suplemento alimentario formulado para los hombres, aporta 13 vitaminas y 8 minerales.<\/p>\n<h4 class=\"s-main-product-table-compare__accordion-title h6 js-accordion-head\">Modo de uso<\/h4>\n<div class=\"s-main-product-table-compare__accordion-content\">\n<p><span class=\"metafield-multi_line_text_field\">Tomar una porci\u00f3n al d\u00eda, de preferencia con las comidas.<br \/>\nConsumir m\u00e1ximo 1 porci\u00f3n al d\u00eda<\/span><\/p>\n<h4 class=\"s-main-product-table-compare__accordion-title h6 js-accordion-head\">Precauciones<\/h4>\n<div class=\"s-main-product-table-compare__accordion-content\">\n<p><span class=\"metafield-multi_line_text_field\">Mantener en lugar fresco, seco y alejado de los ni\u00f1os. No recomendable para menores de 15 a\u00f1os, en embarazo ni lactancia. Elaborado en l\u00edneas que tambi\u00e9n procesan productos derivados de la<br \/>\nleche, frutos secos, trigo, soya, pescado y mariscos.<\/span><\/p>\n<\/div>\n<\/div>\n","protected":false},"excerpt":{"rendered":"<p>Men Multi de SunvitLife, es un suplemento alimentario formulado para [&hellip;]<\/p>\n","protected":false},"featured_media":13960,"comment_status":"open","ping_status":"closed","template":"","meta":[],"location":[495],"product_cat":[32,111,767],"product_tag":[],"locations":[{"id":495,"name":"PMC","slug":"gymupstore-pmc","quantity":"2"}],"_links":{"self":[{"href":"https:\/\/gymupstore.cl\/index.php\/wp-json\/wp\/v2\/product\/13954"}],"collection":[{"href":"https:\/\/gymupstore.cl\/index.php\/wp-json\/wp\/v2\/product"}],"about":[{"href":"https:\/\/gymupstore.cl\/index.php\/wp-json\/wp\/v2\/types\/product"}],"replies":[{"embeddable":true,"href":"https:\/\/gymupstore.cl\/index.php\/wp-json\/wp\/v2\/comments?post=13954"}],"wp:featuredmedia":[{"embeddable":true,"href":"https:\/\/gymupstore.cl\/index.php\/wp-json\/wp\/v2\/media\/13960"}],"wp:attachment":[{"href":"https:\/\/gymupstore.cl\/index.php\/wp-json\/wp\/v2\/media?parent=13954"}],"wp:term":[{"taxonomy":"location","embeddable":true,"href":"https:\/\/gymupstore.cl\/index.php\/wp-json\/wp\/v2\/location?post=13954"},{"taxonomy":"product_cat","embeddable":true,"href":"https:\/\/gymupstore.cl\/index.php\/wp-json\/wp\/v2\/product_cat?post=13954"},{"taxonomy":"product_tag","embeddable":true,"href":"https:\/\/gymupstore.cl\/index.php\/wp-json\/wp\/v2\/product_tag?post=13954"}],"curies":[{"name":"wp","href":"https:\/\/api.w.org\/{rel}","templated":true}]}}