{"id":13953,"date":"2026-04-23T02:49:53","date_gmt":"2026-04-23T05:49:53","guid":{"rendered":"https:\/\/gymupstore.cl\/?post_type=product&#038;p=13953"},"modified":"2026-04-23T02:49:53","modified_gmt":"2026-04-23T05:49:53","slug":"multi-women-60-tabs-30-servicios","status":"publish","type":"product","link":"https:\/\/gymupstore.cl\/index.php\/producto\/multi-women-60-tabs-30-servicios\/","title":{"rendered":"Multi Women | 60 tabs (30 servicios)"},"content":{"rendered":"<p>Women Multi de SunvitLife, es un suplemento alimentario formulado para las mujeres, aporta 12 vitaminas y 11 minerales.<\/p>\n<h4 class=\"s-main-product-table-compare__accordion-title h6 js-accordion-head\">Modo de uso<\/h4>\n<div class=\"s-main-product-table-compare__accordion-content\">\n<p><span class=\"metafield-multi_line_text_field\">Tomar una porci\u00f3n al d\u00eda (2 tabletas) al d\u00eda, con abundante agua y de preferencia con las comidas. Consumir m\u00e1ximo 1 porci\u00f3n al d\u00eda<\/span><\/p>\n<h4 class=\"s-main-product-table-compare__accordion-title h6 js-accordion-head\">Precauciones<\/h4>\n<div class=\"s-main-product-table-compare__accordion-content\">\n<p><span class=\"metafield-multi_line_text_field\">Mantener en lugar fresco, seco y alejado de los ni\u00f1os. Su uso no es recomendable para consumo por menores de 8 a\u00f1os, embarazadas y nodrizas, salvo indicaci\u00f3n profesional competente y no reemplaza a una alimentaci\u00f3n balanceada. Elaborado en l\u00edneas que tambi\u00e9n procesan productos derivados de la leche, frutos secos, trigo, soya, pescado y mariscos.<\/span><\/p>\n<\/div>\n<\/div>\n","protected":false},"excerpt":{"rendered":"<p>Women Multi de SunvitLife, es un suplemento alimentario formulado para [&hellip;]<\/p>\n","protected":false},"featured_media":13963,"comment_status":"open","ping_status":"closed","template":"","meta":[],"location":[495],"product_cat":[32,111,767],"product_tag":[],"locations":[{"id":495,"name":"PMC","slug":"gymupstore-pmc","quantity":"2"}],"_links":{"self":[{"href":"https:\/\/gymupstore.cl\/index.php\/wp-json\/wp\/v2\/product\/13953"}],"collection":[{"href":"https:\/\/gymupstore.cl\/index.php\/wp-json\/wp\/v2\/product"}],"about":[{"href":"https:\/\/gymupstore.cl\/index.php\/wp-json\/wp\/v2\/types\/product"}],"replies":[{"embeddable":true,"href":"https:\/\/gymupstore.cl\/index.php\/wp-json\/wp\/v2\/comments?post=13953"}],"wp:featuredmedia":[{"embeddable":true,"href":"https:\/\/gymupstore.cl\/index.php\/wp-json\/wp\/v2\/media\/13963"}],"wp:attachment":[{"href":"https:\/\/gymupstore.cl\/index.php\/wp-json\/wp\/v2\/media?parent=13953"}],"wp:term":[{"taxonomy":"location","embeddable":true,"href":"https:\/\/gymupstore.cl\/index.php\/wp-json\/wp\/v2\/location?post=13953"},{"taxonomy":"product_cat","embeddable":true,"href":"https:\/\/gymupstore.cl\/index.php\/wp-json\/wp\/v2\/product_cat?post=13953"},{"taxonomy":"product_tag","embeddable":true,"href":"https:\/\/gymupstore.cl\/index.php\/wp-json\/wp\/v2\/product_tag?post=13953"}],"curies":[{"name":"wp","href":"https:\/\/api.w.org\/{rel}","templated":true}]}}