{"id":13931,"date":"2026-04-22T20:00:46","date_gmt":"2026-04-22T23:00:46","guid":{"rendered":"https:\/\/gymupstore.cl\/?post_type=product&#038;p=13931"},"modified":"2026-04-22T20:00:46","modified_gmt":"2026-04-22T23:00:46","slug":"vita-xs-multivitaminico-120-caps-60-servicios","status":"publish","type":"product","link":"https:\/\/gymupstore.cl\/index.php\/producto\/vita-xs-multivitaminico-120-caps-60-servicios\/","title":{"rendered":"Vita XS Multivitam\u00ednico | 120 caps (60 servicios)"},"content":{"rendered":"<p><strong>Vita-XS Ronnie Coleman es un complejo multivitam\u00ednico y multimineral con ingredientes altamente anab\u00f3licos naturales.<\/strong><br \/>\nAumenta la energ\u00eda. Apoya los procesos intramusculares. Estimula el crecimiento de masa pura. Soporta la salud del sistema inmunitario.<br \/>\nContiene vitaminas y minerales espec\u00edficamente importantes para promover las funciones musculares, activar el desarrollo muscular y mantener la musculatura.<br \/>\n<strong>Las vitaminas<\/strong>\u00a0se desempe\u00f1an como cofactores para el metabolismo celular, son esenciales para la energ\u00eda, para la regeneraci\u00f3n de las c\u00e9lulas y los tejidos, para la salud del sistema nervioso, inmune y muscular.<br \/>\nVita-XS Ronnie Coleman es un suplemento que apoya los procesos intramusculares y estimula el crecimiento, muy utilizado por los atletas de potencia.<br \/>\nContiene vitamina A, vitamina C, vitamina D, vitamina E, vitamina K y una completa variedad de vitaminas del complejo B tales como vitamina B1 (tiamina), B2 (riboflavina), B3 (niacinamida), B5 (\u00e1cido pantot\u00e9nico), B6 (piridoxina), B8 (biotina), B9 (\u00e1cido f\u00f3lico), B12 (cianocobalamina).<br \/>\n<strong>La vitamina D\u00a0<\/strong>es una vitamina liposoluble que apoya la quema de grasa sin perder m\u00fasculo, promueve el desarrollo de masa muscular, aumenta la fuerza, la resistencia y la energ\u00eda mental.<br \/>\nEl complejo de vitaminas B apoyan la funci\u00f3n muscular, soportan la salud de los tejidos, apoyan el metabolismo de prote\u00ednas y estimulan el crecimiento muscular, adem\u00e1s de oxigenar la sangre y aumentar la energ\u00eda durante la actividad f\u00edsica.<br \/>\n<strong>La vitamina A<\/strong>\u00a0es antioxidante que estimula la s\u00edntesis de prote\u00ednas y el desarrollo muscular, a la vez que convierte la glucosa en gluc\u00f3geno para incrementar la energ\u00eda.<br \/>\nEsta f\u00f3rmula incluye un complejo multimineral rico en nutrientes que apoyan el desarrollo de masa, apoyan la funci\u00f3n muscular y promueven el rendimiento, como calcio, magnesio, yodo, f\u00f3sforo, selenio, zinc, cobre, manganeso, molibdeno, cromo, potasio, silicio, chloride, esta\u00f1o, boro, vanadio y n\u00edquel.<br \/>\nLos minerales son esenciales para el desempe\u00f1o f\u00edsico, para la producci\u00f3n de energ\u00eda, el crecimiento y la construcci\u00f3n muscular.<br \/>\n<strong>El magnesio aumenta la energ\u00eda y apoya la s\u00edntesis de prote\u00ednas.<\/strong>\u00a0El calcio es el segundo mineral m\u00e1s importante para los culturistas pues ayuda a mantener la densidad \u00f3sea y optimiza la contracci\u00f3n de los m\u00fasculos. El zinc est\u00e1 presente en todas las fases del crecimiento y es necesario para los atletas que desarrollan entrenamientos de alta intensidad.<br \/>\nPropiedades de Vita-XS Ronnie Coleman<\/p>\n<p>Aumenta la energ\u00eda<br \/>\nApoya los procesos intramusculares<br \/>\nEstimula la s\u00edntesis de prote\u00ednas<br \/>\nEstimula el crecimiento de masa pura<br \/>\nProtege la musculatura<br \/>\nSoporta la salud del sistema inmunitario<br \/>\nVita-XS Ronnie Coleman es un complejo multivitam\u00ednico y multimineral con ingredientes altamente anab\u00f3licos, desarrollado por la marca del culturista Ronnie Coleman con la m\u00e1s alta calidad.<\/p>\n<p><strong>Uso recomendado:<\/strong>\u00a0Como complemento alimenticio, tomar 2 c\u00e1psulas antes del entrenamiento o en cualquier momento del d\u00eda<\/p>\n","protected":false},"excerpt":{"rendered":"<p>Vita-XS Ronnie Coleman es un complejo multivitam\u00ednico y multimineral con [&hellip;]<\/p>\n","protected":false},"featured_media":13932,"comment_status":"open","ping_status":"closed","template":"","meta":[],"location":[495],"product_cat":[287,767],"product_tag":[],"locations":[{"id":495,"name":"PMC","slug":"gymupstore-pmc","quantity":"3"}],"_links":{"self":[{"href":"https:\/\/gymupstore.cl\/index.php\/wp-json\/wp\/v2\/product\/13931"}],"collection":[{"href":"https:\/\/gymupstore.cl\/index.php\/wp-json\/wp\/v2\/product"}],"about":[{"href":"https:\/\/gymupstore.cl\/index.php\/wp-json\/wp\/v2\/types\/product"}],"replies":[{"embeddable":true,"href":"https:\/\/gymupstore.cl\/index.php\/wp-json\/wp\/v2\/comments?post=13931"}],"wp:featuredmedia":[{"embeddable":true,"href":"https:\/\/gymupstore.cl\/index.php\/wp-json\/wp\/v2\/media\/13932"}],"wp:attachment":[{"href":"https:\/\/gymupstore.cl\/index.php\/wp-json\/wp\/v2\/media?parent=13931"}],"wp:term":[{"taxonomy":"location","embeddable":true,"href":"https:\/\/gymupstore.cl\/index.php\/wp-json\/wp\/v2\/location?post=13931"},{"taxonomy":"product_cat","embeddable":true,"href":"https:\/\/gymupstore.cl\/index.php\/wp-json\/wp\/v2\/product_cat?post=13931"},{"taxonomy":"product_tag","embeddable":true,"href":"https:\/\/gymupstore.cl\/index.php\/wp-json\/wp\/v2\/product_tag?post=13931"}],"curies":[{"name":"wp","href":"https:\/\/api.w.org\/{rel}","templated":true}]}}