{"id":13807,"date":"2026-04-03T13:21:35","date_gmt":"2026-04-03T16:21:35","guid":{"rendered":"https:\/\/gymupstore.cl\/?post_type=product&#038;p=13807"},"modified":"2026-04-03T13:34:58","modified_gmt":"2026-04-03T16:34:58","slug":"error-666-antologia-de-cuentos-de-terror-digital","status":"publish","type":"product","link":"https:\/\/gymupstore.cl\/index.php\/producto\/error-666-antologia-de-cuentos-de-terror-digital\/","title":{"rendered":"Error 666 &#8211; Antolog\u00eda de Cuentos de Terror Digital"},"content":{"rendered":"<p><i>Error 666<\/i>\u00a0es una antolog\u00eda de cuentos de terror que explora territorios donde el ser humano es sobrepasado por fuerzas que ya no puede controlar. En la mayor\u00eda de los relatos, las diferentes formas tecnol\u00f3gicas, dejan de ser una herramienta para convertirse en una entidad dominante, reflejo amplificado de las pulsiones humanas m\u00e1s oscuras. En otros, el horror emerge de lo macabro e inexplicable, de presencias sobrenaturales que desaf\u00edan toda l\u00f3gica.<\/p>\n<p>Cada cuento conduce al lector hacia las zonas m\u00e1s \u00edntimas y secretas de sus personajes, donde el miedo, la obsesi\u00f3n y el deseo de poder, salen a la superficie.\u00a0<i>Error 666<\/i>\u00a0propone una mirada inquietante sobre nuestro presente, record\u00e1ndonos que el verdadero horror sigue teniendo un origen profundamente humano.<\/p>\n","protected":false},"excerpt":{"rendered":"<blockquote><p>Env\u00edos por Chilexpress 30% descuento<\/p><\/blockquote>\n<ul>\n<li>Formato: Libro F\u00edsico<\/li>\n<li>Autor: Varios<\/li>\n<li>Editorial: Nueva Bestia<\/li>\n<li>A\u00f1o: 2026<\/li>\n<li>Idioma: Espa\u00f1ol<\/li>\n<li>N\u00b0 P\u00e1ginas: 136<\/li>\n<li>Encuadernaci\u00f3n: Tapa Blanda<\/li>\n<li>Dimensiones: 21 x 14 cm<\/li>\n<li>ISBN: 9786289744873<\/li>\n<li>Categor\u00edas: Ficci\u00f3n y Temas Afines<\/li>\n<\/ul>\n","protected":false},"featured_media":13811,"comment_status":"open","ping_status":"closed","template":"","meta":[],"location":[495],"product_cat":[825,826,781,837,496],"product_tag":[],"locations":[{"id":495,"name":"PMC","slug":"gymupstore-pmc","quantity":"3"}],"_links":{"self":[{"href":"https:\/\/gymupstore.cl\/index.php\/wp-json\/wp\/v2\/product\/13807"}],"collection":[{"href":"https:\/\/gymupstore.cl\/index.php\/wp-json\/wp\/v2\/product"}],"about":[{"href":"https:\/\/gymupstore.cl\/index.php\/wp-json\/wp\/v2\/types\/product"}],"replies":[{"embeddable":true,"href":"https:\/\/gymupstore.cl\/index.php\/wp-json\/wp\/v2\/comments?post=13807"}],"wp:featuredmedia":[{"embeddable":true,"href":"https:\/\/gymupstore.cl\/index.php\/wp-json\/wp\/v2\/media\/13811"}],"wp:attachment":[{"href":"https:\/\/gymupstore.cl\/index.php\/wp-json\/wp\/v2\/media?parent=13807"}],"wp:term":[{"taxonomy":"location","embeddable":true,"href":"https:\/\/gymupstore.cl\/index.php\/wp-json\/wp\/v2\/location?post=13807"},{"taxonomy":"product_cat","embeddable":true,"href":"https:\/\/gymupstore.cl\/index.php\/wp-json\/wp\/v2\/product_cat?post=13807"},{"taxonomy":"product_tag","embeddable":true,"href":"https:\/\/gymupstore.cl\/index.php\/wp-json\/wp\/v2\/product_tag?post=13807"}],"curies":[{"name":"wp","href":"https:\/\/api.w.org\/{rel}","templated":true}]}}